{"id":146,"date":"2022-05-24T15:54:47","date_gmt":"2022-05-24T18:54:47","guid":{"rendered":"https:\/\/www2.uepg.br\/sisgen\/?page_id=146"},"modified":"2024-04-11T16:08:27","modified_gmt":"2024-04-11T19:08:27","slug":"orientacoes","status":"publish","type":"page","link":"https:\/\/www2.uepg.br\/sisgen\/orientacoes\/","title":{"rendered":"Orienta\u00e7\u00f5es"},"content":{"rendered":"<p><img loading=\"lazy\" class=\"alignnone wp-image-322\" src=\"https:\/\/www2.uepg.br\/sisgen\/wp-content\/uploads\/sites\/247\/2024\/04\/diagram-23676_640.png\" alt=\"\" width=\"187\" height=\"145\" \/><\/p>\n<p><a href=\"https:\/\/www2.uepg.br\/sisgen\/?page_id=314&amp;preview=true\">Roteiros clique aqui<\/a><\/p>\n<p>&nbsp;<\/p>\n<p>De acordo com a Lei n\u00ba 13.123\/2015 (lei da Biodiversidade), todas as pesquisas com patrim\u00f4nio gen\u00e9tico brasileiro (plantas, animais e microrganismos) ou acesso ao conhecimento tradicional associado, assim como o desenvolvimento de produtos com a biodiversidade brasileira, dever\u00e3o ser cadastradas no Sistema Nacional de Gest\u00e3o do Patrim\u00f4nio Gen\u00e9tico (SISGEN) &#8211; <a href=\"https:\/\/sisgen.gov.br\/\">https:\/\/sisgen.gov.br\/<\/a><\/p>\n<p>Todos os pesquisadores cujas atividades profissionais envolvam o acesso ao PGCTA devem ter plena ci\u00eancia da legisla\u00e7\u00e3o que regulamenta a mat\u00e9ria (Lei n\u00ba 13.123\/2015 e resolu\u00e7\u00f5es posteriores). O descumprimento da regulamenta\u00e7\u00e3o \u00e9 pass\u00edvel de puni\u00e7\u00f5es ao pesquisador e \u00e0 institui\u00e7\u00e3o, detalhadas na lei supracitada.<\/p>\n<p>O pesquisador \u00e9 respons\u00e1vel por todas as informa\u00e7\u00f5es relativas ao cadastro. O n\u00e3o cumprimento dos dispositivos legais poder\u00e1 acarretar san\u00e7\u00f5es administrativas, conforme descrito na Lei n\u00ba 13.123\/2015 e no Decreto 8.772\/2016.<\/p>\n<p>&nbsp;<\/p>\n<p><span style=\"color: #0000ff\"><strong>Est\u00e3o sujeitas \u00e0s exig\u00eancias da Lei, as seguintes atividades (art. 11, Lei n\u00ba 13.123\/2015):<\/strong><\/span><\/p>\n<ul>\n<li>acesso ao patrim\u00f4nio gen\u00e9tico ou ao conhecimento tradicional associado;<\/li>\n<li>remessa para o exterior de amostras de patrim\u00f4nio gen\u00e9tico;<\/li>\n<li>explora\u00e7\u00e3o econ\u00f4mica de produto gen\u00e9tico ou ao conhecimento tradicional associado realizado ap\u00f3s a vig\u00eancia desta Lei.<\/li>\n<\/ul>\n<p><strong><span style=\"color: #0000ff\">Dever\u00e3o ser cadastradas as seguintes atividades (art. 12, Lei n\u00ba 13.123\/2015):<\/span><\/strong><\/p>\n<ul>\n<li>acesso ao patrim\u00f4nio gen\u00e9tico ou ao conhecimento tradicional associado dentro do Pa\u00eds realizado por pessoa natural ou jur\u00eddica nacional, p\u00fablica ou privada;<\/li>\n<li>acesso ao acesso ao patrim\u00f4nio gen\u00e9tico ou ao conhecimento tradicional associado por pessoa jur\u00eddica sediada no exterior associada a institui\u00e7\u00e3o nacional de pesquisa cient\u00edfica e tecnol\u00f3gica, p\u00fablica ou privada;<\/li>\n<li>acesso ao patrim\u00f4nio gen\u00e9tico ou ao conhecimento tradicional associado realizado no exterior por pessoa natural ou jur\u00eddica nacional, p\u00fablica ou privada;<\/li>\n<li>remessa de amostra de patrim\u00f4nio gen\u00e9tico para o exterior com a finalidade de acesso;<\/li>\n<li>envio de amostra que contenha patrim\u00f4nio gen\u00e9tico por pessoa jur\u00eddica nacional, p\u00fablica ou privada, para presta\u00e7\u00e3o de servi\u00e7os no exterior como parte de pesquisa ou desenvolvimento tecnol\u00f3gico.<\/li>\n<\/ul>\n<p><strong><span style=\"color: #0000ff\">Os cadastros dever\u00e3o ser realizados previamente \u00e0s seguintes atividades (art. 12, \u00a72\u00ba, Lei 13.123\/2015):<\/span><\/strong><\/p>\n<ul>\n<li>remessa para o exterior;<\/li>\n<li>requerimento de qualquer direito de propriedade intelectual;<\/li>\n<li>comercializa\u00e7\u00e3o do produto intermedi\u00e1rio;<\/li>\n<li>divulga\u00e7\u00e3o dos resultados, finais ou parciais, em meios cient\u00edficos ou de comunica\u00e7\u00e3o;<\/li>\n<li>notifica\u00e7\u00e3o de produto acabado ou material reprodutivo desenvolvido em decorr\u00eancia do acesso.<\/li>\n<\/ul>\n<p>Dessa forma, o pesquisador pode iniciar as suas pesquisas sem ter que realizar o cadastro, mas precisa faz\u00ea-lo antes de, por exemplo, apresentar resultados em congresso, defender tese ou disserta\u00e7\u00e3o ou ainda publicar artigo cient\u00edfico.<\/p>\n<p><span style=\"color: #ff0000\"><strong>As seguintes atividades s\u00f3 poder\u00e3o ser realizadas mediante autoriza\u00e7\u00e3o pr\u00e9via (art. 13, Lei 13.123\/2015):<\/strong><\/span><\/p>\n<ul>\n<li>acesso ao patrim\u00f4nio gen\u00e9tico ou ao conhecimento tradicional associado em \u00e1rea indispens\u00e1vel \u00e0 seguran\u00e7a nacional, que se dar\u00e1 ap\u00f3s anu\u00eancia do Conselho de Defesa Nacional;<\/li>\n<li>acesso ao patrim\u00f4nio gen\u00e9tico ou ao conhecimento tradicional associado em \u00e1guas jurisdicionais,\u00a0 brasileiras, na plataforma continental e na zona econ\u00f4mica exclusiva, que se dar\u00e1 ap\u00f3s anu\u00eancia da autoridade mar\u00edtima.<\/li>\n<\/ul>\n","protected":false},"excerpt":{"rendered":"<p>Roteiros clique aqui &nbsp; De acordo com a Lei n\u00ba 13.123\/2015 (lei da Biodiversidade), todas as pesquisas com patrim\u00f4nio gen\u00e9tico brasileiro (plantas, animais e microrganismos) ou acesso ao conhecimento tradicional associado, assim como o desenvolvimento de produtos com a biodiversidade brasileira, dever\u00e3o ser cadastradas no Sistema Nacional de Gest\u00e3o do Patrim\u00f4nio Gen\u00e9tico (SISGEN) &#8211; https:\/\/sisgen.gov.br\/&nbsp;&hellip;<\/p>\n","protected":false},"author":378,"featured_media":298,"parent":0,"menu_order":0,"comment_status":"closed","ping_status":"closed","template":"","meta":[],"_links":{"self":[{"href":"https:\/\/www2.uepg.br\/sisgen\/wp-json\/wp\/v2\/pages\/146"}],"collection":[{"href":"https:\/\/www2.uepg.br\/sisgen\/wp-json\/wp\/v2\/pages"}],"about":[{"href":"https:\/\/www2.uepg.br\/sisgen\/wp-json\/wp\/v2\/types\/page"}],"author":[{"embeddable":true,"href":"https:\/\/www2.uepg.br\/sisgen\/wp-json\/wp\/v2\/users\/378"}],"replies":[{"embeddable":true,"href":"https:\/\/www2.uepg.br\/sisgen\/wp-json\/wp\/v2\/comments?post=146"}],"version-history":[{"count":7,"href":"https:\/\/www2.uepg.br\/sisgen\/wp-json\/wp\/v2\/pages\/146\/revisions"}],"predecessor-version":[{"id":321,"href":"https:\/\/www2.uepg.br\/sisgen\/wp-json\/wp\/v2\/pages\/146\/revisions\/321"}],"wp:featuredmedia":[{"embeddable":true,"href":"https:\/\/www2.uepg.br\/sisgen\/wp-json\/wp\/v2\/media\/298"}],"wp:attachment":[{"href":"https:\/\/www2.uepg.br\/sisgen\/wp-json\/wp\/v2\/media?parent=146"}],"curies":[{"name":"wp","href":"https:\/\/api.w.org\/{rel}","templated":true}]}}