{"id":147,"date":"2022-05-24T15:54:47","date_gmt":"2022-05-24T18:54:47","guid":{"rendered":"https:\/\/www2.uepg.br\/sisgen\/?page_id=147"},"modified":"2024-04-11T16:22:49","modified_gmt":"2024-04-11T19:22:49","slug":"lista-de-especies","status":"publish","type":"page","link":"https:\/\/www2.uepg.br\/sisgen\/lista-de-especies\/","title":{"rendered":"Lista de esp\u00e9cies"},"content":{"rendered":"<h2><strong>Lista de esp\u00e9cies de Planta:<\/strong><\/h2>\n<p><a href=\"https:\/\/floradobrasil.jbrj.gov.br\/reflora\/listaBrasil\/ConsultaPublicaUC\/ResultadoDaConsultaNovaConsulta.do?invalidatePageControlCounter=1&amp;idsFilhosAlgas=%5B2%5D&amp;idsFilhosFungos=%5B1%2C11%2C10%5D&amp;lingua=&amp;grupo=6&amp;familia=null&amp;genero=&amp;especie=&amp;autor=&amp;nomeVernaculo=&amp;nomeCompleto=&amp;formaVida=null&amp;substrato=null&amp;ocorreBrasil=QUALQUER&amp;ocorrencia=OCORRE&amp;endemismo=TODOS&amp;origem=TODOS&amp;regiao=QUALQUER&amp;estado=QUALQUER&amp;ilhaOceanica=32767&amp;domFitogeograficos=QUALQUER&amp;bacia=QUALQUER&amp;vegetacao=TODOS&amp;mostrarAte=SUBESP_VAR&amp;opcoesBusca=TODOS_OS_NOMES&amp;loginUsuario=Visitante&amp;senhaUsuario=&amp;contexto=consulta-publica#CondicaoTaxonCP\">Flora e Funga do Brasil<\/a><\/p>\n<p><a href=\"https:\/\/www.gov.br\/agricultura\/pt-br\">Minist\u00e9rio da Agricultura e Pecu\u00e1ria<\/a><\/p>\n<h2><strong>Lista de esp\u00e9cies Animais:<\/strong><\/h2>\n<p><a href=\"http:\/\/fauna.jbrj.gov.br\/fauna\/listaBrasil\/ConsultaPublicaUC\/ConsultaPublicaUC.do\">Lista de Esp\u00e9cies da Fauna do Brasil<\/a><\/p>\n<p><a href=\"https:\/\/www.gov.br\/agricultura\/pt-br\">Minist\u00e9rio da Agricultura e Pecu\u00e1ria<\/a><\/p>\n","protected":false},"excerpt":{"rendered":"<p>Lista de esp\u00e9cies de Planta: Flora e Funga do Brasil Minist\u00e9rio da Agricultura e Pecu\u00e1ria Lista de esp\u00e9cies Animais: Lista de Esp\u00e9cies da Fauna do Brasil Minist\u00e9rio da Agricultura e Pecu\u00e1ria<\/p>\n","protected":false},"author":378,"featured_media":299,"parent":0,"menu_order":0,"comment_status":"closed","ping_status":"closed","template":"","meta":[],"_links":{"self":[{"href":"https:\/\/www2.uepg.br\/sisgen\/wp-json\/wp\/v2\/pages\/147"}],"collection":[{"href":"https:\/\/www2.uepg.br\/sisgen\/wp-json\/wp\/v2\/pages"}],"about":[{"href":"https:\/\/www2.uepg.br\/sisgen\/wp-json\/wp\/v2\/types\/page"}],"author":[{"embeddable":true,"href":"https:\/\/www2.uepg.br\/sisgen\/wp-json\/wp\/v2\/users\/378"}],"replies":[{"embeddable":true,"href":"https:\/\/www2.uepg.br\/sisgen\/wp-json\/wp\/v2\/comments?post=147"}],"version-history":[{"count":5,"href":"https:\/\/www2.uepg.br\/sisgen\/wp-json\/wp\/v2\/pages\/147\/revisions"}],"predecessor-version":[{"id":324,"href":"https:\/\/www2.uepg.br\/sisgen\/wp-json\/wp\/v2\/pages\/147\/revisions\/324"}],"wp:featuredmedia":[{"embeddable":true,"href":"https:\/\/www2.uepg.br\/sisgen\/wp-json\/wp\/v2\/media\/299"}],"wp:attachment":[{"href":"https:\/\/www2.uepg.br\/sisgen\/wp-json\/wp\/v2\/media?parent=147"}],"curies":[{"name":"wp","href":"https:\/\/api.w.org\/{rel}","templated":true}]}}