{"id":6,"date":"2020-04-20T14:56:52","date_gmt":"2020-04-20T17:56:52","guid":{"rendered":"http:\/\/www2.uepg.br\/sisgen\/?page_id=6"},"modified":"2026-04-08T07:37:52","modified_gmt":"2026-04-08T10:37:52","slug":"home","status":"publish","type":"page","link":"https:\/\/www2.uepg.br\/sisgen\/","title":{"rendered":"Comit\u00ea"},"content":{"rendered":"<div id=\"pl-6\"  class=\"panel-layout\" ><div id=\"pg-6-0\"  class=\"panel-grid panel-no-style\" ><div id=\"pgc-6-0-0\"  class=\"panel-grid-cell\" ><div id=\"panel-6-0-0-0\" class=\"so-panel widget widget_sow-editor panel-first-child\" data-index=\"0\" ><div\n\t\t\t\n\t\t\tclass=\"so-widget-sow-editor so-widget-sow-editor-base\"\n\t\t\t\n\t\t><h3 class=\"widget-title\">O Comit\u00ea<\/h3>\n<div class=\"siteorigin-widget-tinymce textwidget\">\n\t<p>O Comit\u00ea de Gest\u00e3o do Patrim\u00f4nio Gen\u00e9tico e do Conhecimento Tradicional (PGCTA) foi criado em 17 de mar\u00e7o de 2021, \u00e9 vinculado \u00e0 Pr\u00f3-reitoria de Pesquisa e P\u00f3s-gradua\u00e7\u00e3o, tendo em vista a necessidade de an\u00e1lise e avalia\u00e7\u00e3o de a\u00e7\u00f5es de acesso ao patrim\u00f4nio gen\u00e9tico e\/ou conhecimento tradicional associado em atividade com fins de pesquisa cient\u00edfica e\/ou desenvolvimento tecnol\u00f3gico desenvolvidos na UEPG. \u00c9 um \u00f3rg\u00e3o colegiado, interdisciplinar, com as seguintes atribui\u00e7\u00f5es:<\/p>\n<ul>\n<li>Desempenhar papel consultivo e educativo sobre o cumprimento das normas e legisla\u00e7\u00f5es vigentes que regulam o acesso ao patrim\u00f4nio gen\u00e9tico e\/ou conhecimento tradicional associado \u00e0 toda a comunidade universit\u00e1ria e \u00e0 administra\u00e7\u00e3o superior.<\/li>\n<\/ul>\n<p><strong>Comit\u00ea 2025-2027 - PORTARIA R. n\u00ba 2025.526<\/strong><\/p>\n<p>-Ros\u00e2ngela Capuano Tardivo (Presidente);<\/p>\n<p>- C\u00e1ssia Gon\u00e7alves Magalh\u00e3es (Vice-Presidente);<\/p>\n<p>- Iaponira Sales de Oliveira;<\/p>\n<p>- Jane Manfron Budel;<\/p>\n<p>- Mara Cristina de Almeida Matiello;<\/p>\n<p>- Maria Marta Loddi;<\/p>\n<p>- Marcos Pileggi;<\/p>\n<p>- Patr\u00edcia Correia de Paula Marcoccia;<\/p>\n<p>&nbsp;<\/p>\n<p><strong>Comit\u00ea 2023-2025 - PORTARIA R. n\u00ba 2023.048<\/strong><\/p>\n<p>- Mara Cristina de Almeida Matiello (Presidente);<\/p>\n<p>- Jesiane Stefania da Silva Batista;<\/p>\n<p>- Ros\u00e2ngela Capuano Tardivo;<\/p>\n<p>- Rodrigo Rodrigues Matiello;<\/p>\n<p>- Carmen Antonia Sanches Ito (Vice-Presidente);<\/p>\n<p>- C\u00e1ssia Gon\u00e7alves Magalh\u00e3es;<\/p>\n<p>- Luciana da Silva Leal Karolewski.<\/p>\n<p>&nbsp;<\/p>\n<p><strong>Comit\u00ea 2021-2023 - PORTARIA R. n\u00ba 2021.172<\/strong><\/p>\n<p>I. Mara Cristina de Almeida Matiello - Presidente;<\/p>\n<p>II. Daniella Aparecida Molina Vargas;<\/p>\n<p>III. Jane Manfron Budel;<\/p>\n<p>IV. Jesiane Stefania da Silva Batista;<\/p>\n<p>V. Nicolas Floriani;<\/p>\n<p>VI. Raquel Abdallah da Rocha Oliveira;<\/p>\n<p>VII. Rodrigo Rodrigues Matiello;<\/p>\n<p>VIII. Ros\u00e2ngela Capuano Tardivo.<\/p>\n<\/div>\n<\/div><\/div><div id=\"panel-6-0-0-1\" class=\"so-panel widget widget_sow-features panel-last-child\" data-index=\"1\" ><div class=\"panel-widget-style panel-widget-style-for-6-0-0-1\" ><div\n\t\t\t\n\t\t\tclass=\"so-widget-sow-features so-widget-sow-features-default-6ad04bc5162e-6\"\n\t\t\t\n\t\t>\n<div class=\"sow-features-list sow-features-responsive\">\n\n\t\t\t\t\t\t<div\n\t\t\t\tclass=\"sow-features-feature sow-icon-container-position-top sow-features-feature-last-row\"\n\t\t\t\tstyle=\"display: flex; flex-direction: column; float: left; width: 50%;\"\n\t\t\t>\n\n\t\t\t\t\t\t\t\t\t<a\n\t\t\t\t\t\thref=\"https:\/\/www.uepg.br\/\"\n\t\t\t\t\t\t\t\t\t\t\t>\n\t\t\t\t\t\t\t\t<div\n\t\t\t\t\tclass=\"sow-icon-container sow-container-rounded-square\"\n                    style=\"color: #03336c; \"\n\t\t\t\t\ttitle=\"Portal UEPG\">\n\t\t\t\t\t<span class=\"sow-icon-fontawesome sow-fas\" data-sow-icon=\"&#xf19c;\"\n\t\tstyle=\"font-size: 50px; color: #FFFFFF\" \n\t\taria-hidden=\"true\"><\/span>\t\t\t\t<\/div>\n\t\t\t\t\t\t\t\t\t<\/a>\n\t\t\t\t\n\t\t\t\t<div class=\"textwidget\">\n\t\t\t\t\t\t\t\t\t\t\t<h5>\n\t\t\t\t\t\t\t\t\t\t\t\t\t\t\t<a\n\t\t\t\t\t\t\t\t\thref=\"https:\/\/www.uepg.br\/\"\n\t\t\t\t\t\t\t\t\t\t\t\t\t\t\t\t\t>\n\t\t\t\t\t\t\t\n\t\t\t\t\t\t\tPortal UEPG\t\t\t\t\t\t\t\t\t\t\t\t\t\t\t<\/a>\n\t\t\t\t\t\t\t\t\t\t\t\t\t<\/h5>\n\t\t\t\t\t\n\t\t\t\t\t\n\t\t\t\t\t\t\t\t\t<\/div>\n\t\t\t\t\t\t\t<\/div>\n\n\t\t\t\t\t<div\n\t\t\t\tclass=\"sow-features-feature sow-icon-container-position-top sow-features-feature-last-row\"\n\t\t\t\tstyle=\"display: flex; flex-direction: column; float: left; width: 50%;\"\n\t\t\t>\n\n\t\t\t\t\t\t\t\t\t<a\n\t\t\t\t\t\thref=\"https:\/\/sei.uepg.br\/\"\n\t\t\t\t\t\t\t\t\t\t\t>\n\t\t\t\t\t\t\t\t<div\n\t\t\t\t\tclass=\"sow-icon-container sow-container-rounded-square\"\n                    style=\"color: #ffffff; \"\n\t\t\t\t\ttitle=\"Protocolo Digital\">\n\t\t\t\t\t<div class=\"sow-icon-image\" style=\"background-image: url(https:\/\/www2.uepg.br\/sisgen\/wp-content\/uploads\/sites\/247\/2020\/04\/sei.jpg); font-size: 50px\"><\/div>\t\t\t\t<\/div>\n\t\t\t\t\t\t\t\t\t<\/a>\n\t\t\t\t\n\t\t\t\t<div class=\"textwidget\">\n\t\t\t\t\t\t\t\t\t\t\t<h5>\n\t\t\t\t\t\t\t\t\t\t\t\t\t\t\t<a\n\t\t\t\t\t\t\t\t\thref=\"https:\/\/sei.uepg.br\/\"\n\t\t\t\t\t\t\t\t\t\t\t\t\t\t\t\t\t>\n\t\t\t\t\t\t\t\n\t\t\t\t\t\t\tProtocolo Digital\t\t\t\t\t\t\t\t\t\t\t\t\t\t\t<\/a>\n\t\t\t\t\t\t\t\t\t\t\t\t\t<\/h5>\n\t\t\t\t\t\n\t\t\t\t\t\n\t\t\t\t\t\t\t\t\t<\/div>\n\t\t\t\t\t\t\t<\/div>\n\n\t\t\t\n<\/div>\n<\/div><\/div><\/div><\/div><\/div><\/div>","protected":false},"excerpt":{"rendered":"<p>O Comit\u00ea de Gest\u00e3o do Patrim\u00f4nio Gen\u00e9tico e do Conhecimento Tradicional (PGCTA) foi criado em 17 de mar\u00e7o de 2021, \u00e9 vinculado \u00e0 Pr\u00f3-reitoria de Pesquisa e P\u00f3s-gradua\u00e7\u00e3o, tendo em vista a necessidade de an\u00e1lise e avalia\u00e7\u00e3o de a\u00e7\u00f5es de acesso ao patrim\u00f4nio gen\u00e9tico e\/ou conhecimento tradicional associado em atividade com fins de pesquisa cient\u00edfica&nbsp;&hellip;<\/p>\n","protected":false},"author":24,"featured_media":0,"parent":0,"menu_order":0,"comment_status":"closed","ping_status":"closed","template":"","meta":[],"_links":{"self":[{"href":"https:\/\/www2.uepg.br\/sisgen\/wp-json\/wp\/v2\/pages\/6"}],"collection":[{"href":"https:\/\/www2.uepg.br\/sisgen\/wp-json\/wp\/v2\/pages"}],"about":[{"href":"https:\/\/www2.uepg.br\/sisgen\/wp-json\/wp\/v2\/types\/page"}],"author":[{"embeddable":true,"href":"https:\/\/www2.uepg.br\/sisgen\/wp-json\/wp\/v2\/users\/24"}],"replies":[{"embeddable":true,"href":"https:\/\/www2.uepg.br\/sisgen\/wp-json\/wp\/v2\/comments?post=6"}],"version-history":[{"count":46,"href":"https:\/\/www2.uepg.br\/sisgen\/wp-json\/wp\/v2\/pages\/6\/revisions"}],"predecessor-version":[{"id":358,"href":"https:\/\/www2.uepg.br\/sisgen\/wp-json\/wp\/v2\/pages\/6\/revisions\/358"}],"wp:attachment":[{"href":"https:\/\/www2.uepg.br\/sisgen\/wp-json\/wp\/v2\/media?parent=6"}],"curies":[{"name":"wp","href":"https:\/\/api.w.org\/{rel}","templated":true}]}}