{"id":215,"date":"2020-11-11T17:00:30","date_gmt":"2020-11-11T20:00:30","guid":{"rendered":"http:\/\/www2.uepg.br\/transparencia\/?page_id=215"},"modified":"2021-04-19T14:22:26","modified_gmt":"2021-04-19T17:22:26","slug":"pesquisa","status":"publish","type":"page","link":"https:\/\/www2.uepg.br\/transparencia\/pesquisa\/","title":{"rendered":"Pesquisa"},"content":{"rendered":"<p>Obrigado por utilizar o Portal da Transpar\u00eancia da UEPG<\/p>\n<p>&nbsp;<\/p>\n<p>Nesta p\u00e1gina disponibilizamos uma maneira pr\u00e1tica de pesquisa de conte\u00fado publicado especificamente pela UEPG.<\/p>\n<p>Caso n\u00e3o saiba exatamente o que procura ou mesmo tenha d\u00favidas de onde encontrar os atalhos para a informa\u00e7\u00e3o que deseja, utilize esta pesquisa para auxiliar sua busca.<\/p>\n<p>Este recurso \u00e9 implementado pelo sistema de indexa\u00e7\u00e3o de buscas do Google.<\/p>\n<p>Utilize palavras e frases chaves de tal modo como voc\u00ea utiliza quando pesquisa conte\u00fado no Google.<\/p>\n<p>Esperamos que esta ferramenta permita um meio eficiente de acesso \u00e0s informa\u00e7\u00f5es da UEPG.<\/p>\n<p>&nbsp;<br \/>\n<script async src=\"https:\/\/cse.google.com\/cse.js?cx=59b1714a376d10d3b\"><span style=\"display: inline-block; width: 0px; overflow: hidden; line-height: 0;\" data-mce-type=\"bookmark\" class=\"mce_SELRES_start\">\ufeff<\/span><\/script><\/p>\n<p>&nbsp;<\/p>\n<div class=\"gcse-search\"><\/div>\n","protected":false},"excerpt":{"rendered":"<p>Obrigado por utilizar o Portal da Transpar\u00eancia da UEPG &nbsp; Nesta p\u00e1gina disponibilizamos uma maneira pr\u00e1tica de pesquisa de conte\u00fado publicado especificamente pela UEPG. Caso n\u00e3o saiba exatamente o que procura ou mesmo tenha d\u00favidas de onde encontrar os atalhos para a informa\u00e7\u00e3o que deseja, utilize esta pesquisa para auxiliar sua busca. Este recurso \u00e9&nbsp;&hellip;<\/p>\n","protected":false},"author":10,"featured_media":0,"parent":0,"menu_order":0,"comment_status":"closed","ping_status":"closed","template":"","meta":[],"_links":{"self":[{"href":"https:\/\/www2.uepg.br\/transparencia\/wp-json\/wp\/v2\/pages\/215"}],"collection":[{"href":"https:\/\/www2.uepg.br\/transparencia\/wp-json\/wp\/v2\/pages"}],"about":[{"href":"https:\/\/www2.uepg.br\/transparencia\/wp-json\/wp\/v2\/types\/page"}],"author":[{"embeddable":true,"href":"https:\/\/www2.uepg.br\/transparencia\/wp-json\/wp\/v2\/users\/10"}],"replies":[{"embeddable":true,"href":"https:\/\/www2.uepg.br\/transparencia\/wp-json\/wp\/v2\/comments?post=215"}],"version-history":[{"count":10,"href":"https:\/\/www2.uepg.br\/transparencia\/wp-json\/wp\/v2\/pages\/215\/revisions"}],"predecessor-version":[{"id":274,"href":"https:\/\/www2.uepg.br\/transparencia\/wp-json\/wp\/v2\/pages\/215\/revisions\/274"}],"wp:attachment":[{"href":"https:\/\/www2.uepg.br\/transparencia\/wp-json\/wp\/v2\/media?parent=215"}],"curies":[{"name":"wp","href":"https:\/\/api.w.org\/{rel}","templated":true}]}}