{"id":252,"date":"2021-04-19T11:10:40","date_gmt":"2021-04-19T14:10:40","guid":{"rendered":"https:\/\/www2.uepg.br\/transparencia\/?page_id=252"},"modified":"2023-05-03T11:40:59","modified_gmt":"2023-05-03T14:40:59","slug":"informacoes-institucionais","status":"publish","type":"page","link":"https:\/\/www2.uepg.br\/transparencia\/informacoes-institucionais\/","title":{"rendered":"Informa\u00e7\u00f5es Institucionais"},"content":{"rendered":"<p>Reunimos aqui os links para alguns dos principais recursos para informa\u00e7\u00f5es institucionais importantes para voc\u00ea.<\/p>\n<p>&nbsp;<\/p>\n<p><a href=\"https:\/\/www.uepg.br\/universidade\/\">A Institui\u00e7\u00e3o (Miss\u00e3o, Princ\u00edpios Institucionais, Objetivos Institucionais, Vis\u00e3o de Futuro, Hist\u00f3rico, Cat\u00e1logo de Cursos, Logotipo, &#8230;)<\/a><\/p>\n<p><a href=\"https:\/\/transparencia.apps.uepg.br\/estruturaOrganizacional\">Estrutura Organizacional &#8211; Organograma<\/a><\/p>\n<p><a href=\"https:\/\/sistemas.uepg.br\/producao\/reitoria\/documentos\/1402014-11-2724.pdf\">Estrutura Organizacional<\/a><\/p>\n<p><a href=\"https:\/\/www.uepg.br\/wp-content\/uploads\/2021\/11\/Estatuto-e-Regimento-2021.pdf\">Estatuto e Regimento Geral da UEPG<\/a><\/p>\n<p><a href=\"https:\/\/sistemas.uepg.br\/producao\/reitoria\/consulta_legislacao_normas\/telas\/consulta_atos_textual.php?ds_busca=regimento%20interno&amp;ord=D\">Outros Regimentos Internos da UEPG \/ Altera\u00e7\u00f5es<\/a><\/p>\n<p>&nbsp;<\/p>\n<p>Plano de Desenvolvimento Institucional 2018-2022 &#8211; <a href=\"http:\/\/www2.uepg.br\/propan\/wp-content\/uploads\/sites\/145\/2020\/10\/PDI-2018-2022-Vol-I-ok.pdf\">Parte 1<\/a> &#8211; <a href=\"http:\/\/www2.uepg.br\/propan\/wp-content\/uploads\/sites\/145\/2020\/10\/PDI-%E2%80%93-volume-II-1.pdf\">Parte 2<\/a> &#8211; <a href=\"https:\/\/www2.uepg.br\/proplan\/avaliacao-institucional\/pdi\/\">Outros anos<\/a><\/p>\n<p><a href=\"http:\/\/www.transparencia.pr.gov.br\/pte\/informacoes\/portalInstitucional\/44\/3\">Transpar\u00eancia Tem\u00e1tica do Estado do Paran\u00e1 (UEPG)<\/a><\/p>\n<p>&nbsp;<\/p>\n<p><strong>Pesquise informa\u00e7\u00f5es na UEPG<\/strong><\/p>\n<p><a href=\"https:\/\/www2.uepg.br\/transparencia\/pesquisa\/\">Pesquise qualquer informa\u00e7\u00e3o no s\u00edtio da UEPG<\/a><\/p>\n<p><a href=\"https:\/\/transparencia.apps.uepg.br\/legislacao\">Pesquise Atos Administrativos da UEPG<\/a><\/p>\n<p>&nbsp;<\/p>\n<p><strong>Gerais<\/strong><\/p>\n<p><a href=\"http:\/\/eventos.uepg.br\/geral\/telefones\">Telefones<\/a><\/p>\n<p><a href=\"http:\/\/fui.uepg.br\/\">Um mapa da institui\u00e7\u00e3o<\/a><\/p>\n<p><a href=\"https:\/\/sei.uepg.br\/\">Protocolo Digital<\/a><\/p>\n<p><a href=\"https:\/\/www2.uepg.br\/prograd\/calendarios\/\">Calend\u00e1rio Universit\u00e1rio<\/a><\/p>\n<p>&nbsp;<\/p>\n<p>&nbsp;<\/p>\n<p><strong>Comunidade Universit\u00e1ria<\/strong><\/p>\n<p><a href=\"http:\/\/uepg.br\/servicos\/#atendimentos\">Atendimentos de sa\u00fade, psicol\u00f3gicos, social e estudantil<\/a><\/p>\n<p><a href=\"https:\/\/www.uepg.br\/npj\">Atendimento Jur\u00eddico<\/a><\/p>\n<p><a href=\"http:\/\/uepg.br\/biblioteca\">Biblioteca<\/a><\/p>\n<p><a href=\"https:\/\/revistas2.uepg.br\/\">Portal de Peri\u00f3dicos\/Revistas<\/a><\/p>\n<p><a href=\"https:\/\/sgi.apps.uepg.br\/login\">Sistema de gest\u00e3o identidades: de usu\u00e1rios e senhas UEPG<\/a><\/p>\n<p><a href=\"http:\/\/pitangui.uepg.br\/ru\">Restaurante Universit\u00e1rio<\/a><\/p>\n<p>&nbsp;<\/p>\n<p><strong>Recursos Online<\/strong><\/p>\n<p><a href=\"https:\/\/sistemas.uepg.br\/academicoonline\/login\/auth\">Acad\u00eamico online<\/a><\/p>\n<p><a href=\"https:\/\/sistemas.uepg.br\/professor\/\">Professor online<\/a><\/p>\n<p><a href=\"https:\/\/sistemas.uepg.br\/producao\/pro-reitorias\/prorh\/divisaocarreiras\/ServidorOnline\/\">Servidor online<\/a><\/p>\n<p><a href=\"https:\/\/ead.uepg.br\/site\/ensinoremoto\">Ensino Remoto<\/a><\/p>\n<p>&nbsp;<\/p>\n<p><strong>Redes Sociais<\/strong><\/p>\n<p><a href=\"https:\/\/www.facebook.com\/oficialuepg\">Facebook<\/a><\/p>\n<p><a href=\"https:\/\/www.instagram.com\/oficialuepg\/\">Instagram<\/a><\/p>\n<p>&nbsp;<\/p>\n<p><a href=\"https:\/\/www2.uepg.br\/transparencia\/fale-conosco\/\"><strong>Fale Conosco<\/strong><\/a><\/p>\n<p>&nbsp;<\/p>\n<p><a href=\"https:\/\/www.pia.pr.gov.br\/calendario?dy=9&amp;mn=5&amp;yr=2022&amp;gt=Mjk3Mw==\">Agenda do Reitor (Portal da Transpar\u00eancia)<\/a><\/p>\n<p>&nbsp;<\/p>\n<p><a href=\"https:\/\/www2.uepg.br\/proplan\/avaliacao-institucional\/cpa\/\">Comiss\u00e3o Pr\u00f3pria de Avalia\u00e7\u00e3o (Avalia\u00e7\u00e3o Institucional, composi\u00e7\u00e3o, relat\u00f3rios, &#8230;)<\/a><\/p>\n<p>&nbsp;<\/p>\n<p>Todo o s\u00edtio da UEPG possui acessibilidade, aprenda a utilizar <a href=\"https:\/\/www2.uepg.br\/acessibilidade\/#botaoAcessibilidade\">aqui<\/a>.<\/p>\n<p>&nbsp;<\/p>\n<p>Se precisar fazer um elogio, uma den\u00fancia ou reclama\u00e7\u00e3o, clique <a href=\"http:\/\/www.transparencia.pr.gov.br\/pte\/fale-com-o-ouvidor\">aqui<\/a>.<\/p>\n<div class=\"col-sm-3\">\n<p>&nbsp;<\/p>\n<p><strong>Hor\u00e1rio Administrativo: 8h \u00e0s 12h e 13:30h a 17:30h<\/strong><\/p>\n<\/div>\n<div data-type=\"group\" data-dynamic-mod=\"true\">\n<p>Telefone Geral<br \/>\n+55 (42) 3220-3000<br \/>\n+55 (42) 3220-3300<\/p>\n<\/div>\n<p><a href=\"http:\/\/eventos.uepg.br\/geral\/telefones\">Lista de Telefones dos \u00f3rg\u00e3os administrativos<\/a><\/p>\n<p>Por favor, se algum link estiver inacess\u00edvel ou voc\u00ea tenha alguma sugest\u00e3o de inclus\u00e3o ou corre\u00e7\u00e3o de informa\u00e7\u00f5es, nos informe pelo email: <a href=\"mailto:ouvidoria@uepg.br\">ouvidoria@uepg.br<\/a><\/p>\n","protected":false},"excerpt":{"rendered":"<p>Reunimos aqui os links para alguns dos principais recursos para informa\u00e7\u00f5es institucionais importantes para voc\u00ea. &nbsp; A Institui\u00e7\u00e3o (Miss\u00e3o, Princ\u00edpios Institucionais, Objetivos Institucionais, Vis\u00e3o de Futuro, Hist\u00f3rico, Cat\u00e1logo de Cursos, Logotipo, &#8230;) Estrutura Organizacional &#8211; Organograma Estrutura Organizacional Estatuto e Regimento Geral da UEPG Outros Regimentos Internos da UEPG \/ Altera\u00e7\u00f5es &nbsp; Plano de Desenvolvimento&nbsp;&hellip;<\/p>\n","protected":false},"author":247,"featured_media":0,"parent":0,"menu_order":0,"comment_status":"closed","ping_status":"closed","template":"","meta":[],"_links":{"self":[{"href":"https:\/\/www2.uepg.br\/transparencia\/wp-json\/wp\/v2\/pages\/252"}],"collection":[{"href":"https:\/\/www2.uepg.br\/transparencia\/wp-json\/wp\/v2\/pages"}],"about":[{"href":"https:\/\/www2.uepg.br\/transparencia\/wp-json\/wp\/v2\/types\/page"}],"author":[{"embeddable":true,"href":"https:\/\/www2.uepg.br\/transparencia\/wp-json\/wp\/v2\/users\/247"}],"replies":[{"embeddable":true,"href":"https:\/\/www2.uepg.br\/transparencia\/wp-json\/wp\/v2\/comments?post=252"}],"version-history":[{"count":23,"href":"https:\/\/www2.uepg.br\/transparencia\/wp-json\/wp\/v2\/pages\/252\/revisions"}],"predecessor-version":[{"id":528,"href":"https:\/\/www2.uepg.br\/transparencia\/wp-json\/wp\/v2\/pages\/252\/revisions\/528"}],"wp:attachment":[{"href":"https:\/\/www2.uepg.br\/transparencia\/wp-json\/wp\/v2\/media?parent=252"}],"curies":[{"name":"wp","href":"https:\/\/api.w.org\/{rel}","templated":true}]}}