{"id":275,"date":"2021-04-20T11:11:18","date_gmt":"2021-04-20T14:11:18","guid":{"rendered":"https:\/\/www2.uepg.br\/transparencia\/?page_id=275"},"modified":"2025-11-30T09:20:51","modified_gmt":"2025-11-30T12:20:51","slug":"recursosadicionaisdetransparencia","status":"publish","type":"page","link":"https:\/\/www2.uepg.br\/transparencia\/recursosadicionaisdetransparencia\/","title":{"rendered":"Recursos adicionais de Transpar\u00eancia"},"content":{"rendered":"<ul>\n<li><strong>Transpar\u00eancia das Receitas<\/strong>\n<ul>\n<li><a href=\"https:\/\/sistemas.uepg.br\/producao\/pro-reitorias\/proad\/difi\/transparencia\/consulta\/chama_pagina.php?URL=https:\/\/www2.uepg.br\/proad\/receitas\/&amp;chamar=S&amp;newpage=S\">Consulta detalhada de Receitas<\/a><\/li>\n<li><a href=\"https:\/\/www2.uepg.br\/proad\/balancetes-analiticos\/\">Balancetes Anal\u00edticos<\/a><\/li>\n<li><a href=\"https:\/\/www2.uepg.br\/proad\/balancetes-sinteticos\/\">Balancetes Sint\u00e9ticos<\/a><\/li>\n<\/ul>\n<\/li>\n<\/ul>\n<p>&nbsp;<\/p>\n<ul>\n<li><strong>Transpar\u00eancia das Despesas<\/strong>\n<ul>\n<li><a href=\"https:\/\/transparencia.apps.uepg.br\/despesasEmpenhadas\">Empenhada<\/a><\/li>\n<li><a href=\"https:\/\/transparencia.apps.uepg.br\/despesasEmpenhadasLiquidadas\">Liquidada<\/a><\/li>\n<li><a href=\"https:\/\/transparencia.apps.uepg.br\/despesasPagas\">Paga<\/a><\/li>\n<li><a href=\"https:\/\/www.saude.pr.gov.br\/Pagina\/Fundo-Estadual-de-Saude-Funsaude-FES\">Consulta de Pagamentos Efetuados (Ex. FUNSA\u00daDE)<\/a><\/li>\n<\/ul>\n<\/li>\n<\/ul>\n<p>&nbsp;<\/p>\n<ul>\n<li><strong>Transpar\u00eancia das Viagens e Di\u00e1rias<\/strong>\n<ul>\n<li><a href=\"https:\/\/transparencia.apps.uepg.br\/consultaDiarias\">Di\u00e1rias<\/a><\/li>\n<li><a href=\"https:\/\/transparencia.apps.uepg.br\/diarias\/tabelaDiarias\">Tabela de Valores de Di\u00e1rias<\/a><\/li>\n<li><a href=\"https:\/\/sistemas.uepg.br\/producao\/pro-reitorias\/proad\/difi\/transparencia\/consulta\/chama_pagina.php?URL=consulta_diarias.php&amp;chamar=S&amp;newpage=N\">Despesas de Viagens<\/a><\/li>\n<\/ul>\n<\/li>\n<\/ul>\n<p>&nbsp;<\/p>\n<ul>\n<li><strong>Transpar\u00eancia das Licita\u00e7\u00f5es<\/strong>\n<ul>\n<li><a href=\"https:\/\/sistemas.uepg.br\/producao\/pro-reitorias\/proad\/dimapa\/new\/licitacao\/licit_publicada.php\">Licita\u00e7\u00f5es &#8211; Licita\u00e7\u00e3o na \u00cdntegra, Modalidade, Edital, Objeto, Valores, Vencedor<\/a>\n<ul>\n<li><a href=\"https:\/\/sistemas.uepg.br\/producao\/pro-reitorias\/proad\/dimapa\/new\/licitacao\/licit_dispensa.php\">Dispensa<\/a><\/li>\n<li><a href=\"https:\/\/sistemas.uepg.br\/producao\/pro-reitorias\/proad\/dimapa\/new\/licitacao\/licit_inexigibilidade.php\">Inexigibilidade<\/a><\/li>\n<li><a href=\"https:\/\/sistemas.uepg.br\/producao\/pro-reitorias\/proad\/dimapa\/new\/licitacao\/licit_publicada.php\">Publicadas \/ Abertas<\/a><\/li>\n<li><a href=\"https:\/\/sistemas.uepg.br\/producao\/pro-reitorias\/proad\/dimapa\/new\/licitacao\/licit_andamento.php\">Em andamento<\/a><\/li>\n<\/ul>\n<\/li>\n<li><a href=\"http:\/\/www.transparencia.pr.gov.br\/pte\/orgao=UEPG\">Contratos &#8211; Consulta no item 9 do portal<\/a> (Contratos vigentes, encerrados em edi\u00e7\u00e3o e COVID-19)\n<ul>\n<li><a href=\"https:\/\/sistemas.uepg.br\/producao\/pro-reitorias\/proad\/dimapa\/new\/licitacao\/licit_contrato.php\">Contratos em vig\u00eancia<\/a><\/li>\n<li><a href=\"https:\/\/sistemas.uepg.br\/producao\/pro-reitorias\/proad\/dimapa\/new\/licitacao\/licit_contrato_encerrado.php\">Contratos Encerrados \/ Rescindidos<\/a><\/li>\n<li><a href=\"https:\/\/sistemas.uepg.br\/producao\/pro-reitorias\/proad\/dimapa\/new\/licitacao\/licit_contrato_edicao.php\">Contratos em edi\u00e7\u00e3o \/ Cancelados<\/a><\/li>\n<li><a href=\"https:\/\/sistemas.uepg.br\/producao\/pro-reitorias\/proad\/dimapa\/new\/licitacao\/licit_contrato_covid19.php\">Contratos COVID 19<\/a><\/li>\n<\/ul>\n<\/li>\n<li>Ata de Registro de Pre\u00e7os\n<ul>\n<li><a href=\"https:\/\/sistemas.uepg.br\/producao\/pro-reitorias\/proad\/dimapa\/new\/licitacao\/licit_ata.php\">Em vig\u00eancia<\/a><\/li>\n<li><a href=\"https:\/\/sistemas.uepg.br\/producao\/pro-reitorias\/proad\/dimapa\/new\/licitacao\/licit_ata_encerrado.php\">Encerrados<\/a><\/li>\n<\/ul>\n<\/li>\n<\/ul>\n<\/li>\n<\/ul>\n<p>&nbsp;<\/p>\n<ul>\n<li><strong>Transpar\u00eancia das Emendas Especiais destinadas \u00e0 UEPG<\/strong>\n<ul>\n<li><a href=\"https:\/\/drive.google.com\/file\/d\/1sUt255ISEByYPNwo_Tw7flkWh08u7A68\/view?usp=sharing\">Emendas x Deputado<\/a><\/li>\n<\/ul>\n<\/li>\n<\/ul>\n<p>&nbsp;<\/p>\n<ul>\n<li><strong>Presta\u00e7\u00e3o de Contas (Situa\u00e7\u00e3o Final)<\/strong>\n<ul>\n<li><a href=\"https:\/\/drive.google.com\/file\/d\/1lk3ze-C-4ar2ZS2y5QzMlEtZcl4QiEmI\/view?usp=sharing\">2017<\/a><\/li>\n<li><a href=\"https:\/\/drive.google.com\/file\/d\/1TPKCkbYaGSEvmHJdmI6yO2E6H9fCnbvN\/view?usp=sharing\">2018<\/a><\/li>\n<li><a href=\"https:\/\/drive.google.com\/file\/d\/1ChSCwnYXiVxXRHbMcpZGH5txZCJFM-Vs\/view?usp=sharing\">2019<\/a><\/li>\n<li><a href=\"https:\/\/drive.google.com\/file\/d\/1tgxN4MRWvb6GTo51wuRMkhR-NV8b6hb_\/view?usp=sharing\">2020<\/a><\/li>\n<li><a href=\"https:\/\/drive.google.com\/file\/d\/14ihvAQvYkmlw1xfvHC5YnG5XGNrgzbTp\/view?usp=sharing\">2021<\/a><\/li>\n<li><a href=\"https:\/\/drive.google.com\/file\/d\/1RX1OaN9eMJgTgB41igia91bQXnZpRwk0\/view?usp=sharing\">2022<\/a><\/li>\n<li><a href=\"https:\/\/drive.google.com\/file\/d\/1aMMxANxwI12FnAQpTwfrF75V2BeX2ch6\/view?usp=sharing\">2023<\/a><\/li>\n<li><a href=\"https:\/\/drive.google.com\/file\/d\/1cBMp5rbzjOiVs8oqPBnYNY0ocNgoC-TB\/view?usp=sharing\">2024<\/a><\/li>\n<\/ul>\n<\/li>\n<\/ul>\n<p>&nbsp;<\/p>\n<ul>\n<li><strong><a href=\"https:\/\/convenios.apps.uepg.br\/gerarRelatorioVigente\">Conv\u00eanios Municipais, Estaduais e Federais<\/a><\/strong><\/li>\n<\/ul>\n<p>&nbsp;<\/p>\n<ul>\n<li><a href=\"https:\/\/sistemas.uepg.br\/producao\/reitoria\/consulta_legislacao_normas\/index.php\"><strong>Consulta de Legisla\u00e7\u00e3o<\/strong><\/a><\/li>\n<\/ul>\n<p>&nbsp;<\/p>\n<ul>\n<li><strong><a href=\"http:\/\/www2.uepg.br\/transparencia\/covid\/\">Recursos COVID<\/a><\/strong><\/li>\n<\/ul>\n<p>&nbsp;<\/p>\n<ul>\n<li><strong><a href=\"https:\/\/www.fauepg.org.br\/transparencia\/\">Portal da Transpar\u00eancia da Funda\u00e7\u00e3o de Apoio ao Desenvolvimento Institucional, Cient\u00edfico e Tecnol\u00f3gico (FAUEPG)<\/a><\/strong>\n<ul>\n<li><a href=\"https:\/\/www.fauepg.org.br\/licitacoes\/\">Licita\u00e7\u00f5es<\/a><\/li>\n<li><a href=\"https:\/\/www.fauepg.org.br\/editais\/\">Editais<\/a><\/li>\n<li><a href=\"https:\/\/www.fauepg.org.br\/#servicos\">Servi\u00e7os<\/a><\/li>\n<\/ul>\n<\/li>\n<\/ul>\n","protected":false},"excerpt":{"rendered":"<p>Transpar\u00eancia das Receitas Consulta detalhada de Receitas Balancetes Anal\u00edticos Balancetes Sint\u00e9ticos &nbsp; Transpar\u00eancia das Despesas Empenhada Liquidada Paga Consulta de Pagamentos Efetuados (Ex. FUNSA\u00daDE) &nbsp; Transpar\u00eancia das Viagens e Di\u00e1rias Di\u00e1rias Tabela de Valores de Di\u00e1rias Despesas de Viagens &nbsp; Transpar\u00eancia das Licita\u00e7\u00f5es Licita\u00e7\u00f5es &#8211; Licita\u00e7\u00e3o na \u00cdntegra, Modalidade, Edital, Objeto, Valores, Vencedor Dispensa Inexigibilidade&nbsp;&hellip;<\/p>\n","protected":false},"author":247,"featured_media":0,"parent":0,"menu_order":0,"comment_status":"closed","ping_status":"closed","template":"","meta":[],"_links":{"self":[{"href":"https:\/\/www2.uepg.br\/transparencia\/wp-json\/wp\/v2\/pages\/275"}],"collection":[{"href":"https:\/\/www2.uepg.br\/transparencia\/wp-json\/wp\/v2\/pages"}],"about":[{"href":"https:\/\/www2.uepg.br\/transparencia\/wp-json\/wp\/v2\/types\/page"}],"author":[{"embeddable":true,"href":"https:\/\/www2.uepg.br\/transparencia\/wp-json\/wp\/v2\/users\/247"}],"replies":[{"embeddable":true,"href":"https:\/\/www2.uepg.br\/transparencia\/wp-json\/wp\/v2\/comments?post=275"}],"version-history":[{"count":31,"href":"https:\/\/www2.uepg.br\/transparencia\/wp-json\/wp\/v2\/pages\/275\/revisions"}],"predecessor-version":[{"id":620,"href":"https:\/\/www2.uepg.br\/transparencia\/wp-json\/wp\/v2\/pages\/275\/revisions\/620"}],"wp:attachment":[{"href":"https:\/\/www2.uepg.br\/transparencia\/wp-json\/wp\/v2\/media?parent=275"}],"curies":[{"name":"wp","href":"https:\/\/api.w.org\/{rel}","templated":true}]}}