{"id":308,"date":"2021-05-17T14:17:46","date_gmt":"2021-05-17T17:17:46","guid":{"rendered":"https:\/\/www2.uepg.br\/transparencia\/?page_id=308"},"modified":"2024-04-24T16:26:17","modified_gmt":"2024-04-24T19:26:17","slug":"recursos-humanos","status":"publish","type":"page","link":"https:\/\/www2.uepg.br\/transparencia\/recursos-humanos\/","title":{"rendered":"Recursos Humanos"},"content":{"rendered":"<p>&nbsp;<\/p>\n<ul>\n<li><a href=\"http:\/\/www.transparencia.pr.gov.br\/pte\/pessoal\/servidores\/poderexecutivo\/remuneracao;jsessionid=gEsNQ0cgV75rE0365_ZL_EIi03bAqOs-4d2Coab6.ssecs75004?windowId=3da\">Consulta de remunera\u00e7\u00e3o de servidores<\/a><\/li>\n<\/ul>\n<p>&nbsp;<\/p>\n<ul>\n<li><a href=\"https:\/\/www2.uepg.br\/progesp\/transparencia\/#transparencia-prorh\">Portal da Transpar\u00eancia (tem\u00e1tico Recursos Humanos)<\/a><\/li>\n<\/ul>\n<p>&nbsp;<\/p>\n<ul>\n<li>Consulta de Servidores\n<ul>\n<li><a href=\"https:\/\/transparencia.apps.uepg.br\/servidores\/servidoresConcursados\">Concursados<\/a><\/li>\n<li><a href=\"https:\/\/transparencia.apps.uepg.br\/servidores\/servidoresComissionados\">Comissionados<\/a><\/li>\n<li><a href=\"https:\/\/transparencia.apps.uepg.br\/servidores\/servidoresDesligados\">Desligados<\/a><\/li>\n<li><a href=\"https:\/\/transparencia.apps.uepg.br\/servidores\/servidoresTemporarios\">Tempor\u00e1rios &#8211; CRES<\/a><\/li>\n<\/ul>\n<\/li>\n<\/ul>\n<p>&nbsp;<\/p>\n<ul>\n<li>Tabela Salarial\n<ul>\n<li><a href=\"http:\/\/www2.uepg.br\/progesp\/wp-content\/uploads\/sites\/39\/2022\/08\/Tabela-Docentes-2022.pdf\">Docentes<\/a><\/li>\n<li><a href=\"http:\/\/www2.uepg.br\/transparencia\/wp-content\/uploads\/sites\/123\/2024\/04\/Tabela-Agentes-AGO-2023.pdf\">Agentes Universit\u00e1rios<\/a><\/li>\n<\/ul>\n<\/li>\n<\/ul>\n<p>&nbsp;<\/p>\n<ul>\n<li>Servidores cedidos\n<ul>\n<li><a href=\"https:\/\/sistemas.uepg.br\/producao\/pro-reitorias\/proad\/difi\/transparencia\/consulta\/chama_pagina.php?URL=servidores_cedidos_por.php&amp;chamar=S&amp;newpage=N\">por outros \u00f3rg\u00e3os<\/a><\/li>\n<li><a href=\"https:\/\/transparencia.apps.uepg.br\/servidores\/servidoresCedidos\">a outros \u00f3rg\u00e3os<\/a><\/li>\n<\/ul>\n<\/li>\n<\/ul>\n<p>&nbsp;<\/p>\n<ul>\n<li><a href=\"https:\/\/transparencia.apps.uepg.br\/servidores\/servidoresVerbas\">Servidores que recebem verba de representa\u00e7\u00e3o<\/a><\/li>\n<\/ul>\n<p>&nbsp;<\/p>\n<ul>\n<li><a href=\"https:\/\/sistemas.uepg.br\/producao\/pro-reitorias\/prorh\/divisaoprovimento\/Concurso\/Publico\/\">Concursos e Testes Seletivos<\/a><\/li>\n<\/ul>\n<p>&nbsp;<\/p>\n<ul>\n<li><a href=\"https:\/\/www2.uepg.br\/prorh\/perfil-profissiografico\">Perfil Profissiogr\u00e1fico<\/a><\/li>\n<\/ul>\n<p>&nbsp;<\/p>\n<ul>\n<li><a href=\"https:\/\/transparencia.apps.uepg.br\/estruturaOrganizacional\">Estrutura Organizacional<\/a><\/li>\n<\/ul>\n<p>&nbsp;<\/p>\n<ul>\n<li><a href=\"https:\/\/sistemas.uepg.br\/producao\/reitoria\/consulta_legislacao_normas\/telas\/tela_consulta_atos.php\">Pesquise Portarias emitidas pela Pr\u00f3-Reitoria de Recursos Humanos item Portarias e escolha o ano desejado<\/a><\/li>\n<\/ul>\n<p>&nbsp;<\/p>\n","protected":false},"excerpt":{"rendered":"<p>&nbsp; Consulta de remunera\u00e7\u00e3o de servidores &nbsp; Portal da Transpar\u00eancia (tem\u00e1tico Recursos Humanos) &nbsp; Consulta de Servidores Concursados Comissionados Desligados Tempor\u00e1rios &#8211; CRES &nbsp; Tabela Salarial Docentes Agentes Universit\u00e1rios &nbsp; Servidores cedidos por outros \u00f3rg\u00e3os a outros \u00f3rg\u00e3os &nbsp; Servidores que recebem verba de representa\u00e7\u00e3o &nbsp; Concursos e Testes Seletivos &nbsp; Perfil Profissiogr\u00e1fico &nbsp; Estrutura&nbsp;&hellip;<\/p>\n","protected":false},"author":247,"featured_media":0,"parent":0,"menu_order":0,"comment_status":"closed","ping_status":"closed","template":"","meta":[],"_links":{"self":[{"href":"https:\/\/www2.uepg.br\/transparencia\/wp-json\/wp\/v2\/pages\/308"}],"collection":[{"href":"https:\/\/www2.uepg.br\/transparencia\/wp-json\/wp\/v2\/pages"}],"about":[{"href":"https:\/\/www2.uepg.br\/transparencia\/wp-json\/wp\/v2\/types\/page"}],"author":[{"embeddable":true,"href":"https:\/\/www2.uepg.br\/transparencia\/wp-json\/wp\/v2\/users\/247"}],"replies":[{"embeddable":true,"href":"https:\/\/www2.uepg.br\/transparencia\/wp-json\/wp\/v2\/comments?post=308"}],"version-history":[{"count":16,"href":"https:\/\/www2.uepg.br\/transparencia\/wp-json\/wp\/v2\/pages\/308\/revisions"}],"predecessor-version":[{"id":574,"href":"https:\/\/www2.uepg.br\/transparencia\/wp-json\/wp\/v2\/pages\/308\/revisions\/574"}],"wp:attachment":[{"href":"https:\/\/www2.uepg.br\/transparencia\/wp-json\/wp\/v2\/media?parent=308"}],"curies":[{"name":"wp","href":"https:\/\/api.w.org\/{rel}","templated":true}]}}