{"id":380,"date":"2021-06-22T15:43:18","date_gmt":"2021-06-22T18:43:18","guid":{"rendered":"https:\/\/www2.uepg.br\/transparencia\/?page_id=380"},"modified":"2025-05-09T15:55:16","modified_gmt":"2025-05-09T18:55:16","slug":"acordos-convenios","status":"publish","type":"page","link":"https:\/\/www2.uepg.br\/transparencia\/acordos-convenios\/","title":{"rendered":"Acordos e Conv\u00eanios"},"content":{"rendered":"<ul>\n<li><a href=\"https:\/\/convenios.apps.uepg.br\/gerarRelatorioVigente\">Acordos e Conv\u00eanios Estaduais &#8211; Federais<\/a><\/li>\n<\/ul>\n<p>&nbsp;<\/p>\n<ul>\n<li>Termos de Coopera\u00e7\u00e3o\n<ul>\n<li><a href=\"http:\/\/www.seti.pr.gov.br\/Pagina\/Termos-de-Cooperacao-2018\">2018\u00a0<\/a><\/li>\n<li><a href=\"http:\/\/www.seti.pr.gov.br\/Pagina\/Termos-de-Cooperacao-2019\">2019<\/a><\/li>\n<li><a href=\"http:\/\/www.seti.pr.gov.br\/Pagina\/Termos-de-Cooperacao-2020\">2020<\/a><\/li>\n<li><a href=\"https:\/\/www.seti.pr.gov.br\/Pagina\/Termos-de-Cooperacao-2021\">2021<\/a><\/li>\n<li><a href=\"https:\/\/www.seti.pr.gov.br\/Pagina\/Termos-de-Cooperacao-2022\">2022<\/a><\/li>\n<li><a href=\"https:\/\/www.seti.pr.gov.br\/Pagina\/Termos-de-Cooperacao-e-TEDs-2023\">2023<\/a><\/li>\n<li><a href=\"https:\/\/www.seti.pr.gov.br\/Pagina\/Termos-de-Cooperacao-2024\">2024<\/a><\/li>\n<li><a href=\"https:\/\/www.seti.pr.gov.br\/Pagina\/Termos-de-Cooperacao-2025\">2025<\/a><\/li>\n<\/ul>\n<\/li>\n<\/ul>\n<p>&nbsp;<\/p>\n<ul>\n<li><a href=\"https:\/\/www2.uepg.br\/proex\/programas-fundo-parana\/\">Programas Fundo Paran\u00e1 &#8211; Pr\u00f3-Reitoria de Extens\u00e3o<\/a>\n<ul>\n<li>N\u00facleo Maria da Penha &#8211; NUMAPE<\/li>\n<li>N\u00facleo de Estudos do Direito da Inf\u00e2ncia e Juventude &#8211; NEDDIJ<\/li>\n<li>Paran\u00e1 Fala Idiomas<\/li>\n<\/ul>\n<\/li>\n<\/ul>\n<p>&nbsp;<\/p>\n<ul>\n<li>Programas Fundo Paran\u00e1 &#8211; PROAD\n<ul>\n<li><a href=\"https:\/\/www.seti.pr.gov.br\/Pagina\/Relatorios\">Projetos encerrados<\/a><\/li>\n<li><a href=\"https:\/\/www.seti.pr.gov.br\/Pagina\/Termos-de-Cooperacao-e-Convenio\">Projetos contratados<\/a><\/li>\n<\/ul>\n<\/li>\n<\/ul>\n<p>&nbsp;<\/p>\n<ul>\n<li>\n<p class=\"page-title\"><a href=\"https:\/\/www.saude.pr.gov.br\/Pagina\/Fundo-Estadual-de-Saude\"><span id=\"story_title\">Fundo Estadual de Sa\u00fade<\/span><\/a><\/p>\n<\/li>\n<\/ul>\n","protected":false},"excerpt":{"rendered":"<p>Acordos e Conv\u00eanios Estaduais &#8211; Federais &nbsp; Termos de Coopera\u00e7\u00e3o 2018\u00a0 2019 2020 2021 2022 2023 2024 2025 &nbsp; Programas Fundo Paran\u00e1 &#8211; Pr\u00f3-Reitoria de Extens\u00e3o N\u00facleo Maria da Penha &#8211; NUMAPE N\u00facleo de Estudos do Direito da Inf\u00e2ncia e Juventude &#8211; NEDDIJ Paran\u00e1 Fala Idiomas &nbsp; Programas Fundo Paran\u00e1 &#8211; PROAD Projetos encerrados Projetos&nbsp;&hellip;<\/p>\n","protected":false},"author":247,"featured_media":0,"parent":0,"menu_order":0,"comment_status":"closed","ping_status":"closed","template":"","meta":[],"_links":{"self":[{"href":"https:\/\/www2.uepg.br\/transparencia\/wp-json\/wp\/v2\/pages\/380"}],"collection":[{"href":"https:\/\/www2.uepg.br\/transparencia\/wp-json\/wp\/v2\/pages"}],"about":[{"href":"https:\/\/www2.uepg.br\/transparencia\/wp-json\/wp\/v2\/types\/page"}],"author":[{"embeddable":true,"href":"https:\/\/www2.uepg.br\/transparencia\/wp-json\/wp\/v2\/users\/247"}],"replies":[{"embeddable":true,"href":"https:\/\/www2.uepg.br\/transparencia\/wp-json\/wp\/v2\/comments?post=380"}],"version-history":[{"count":10,"href":"https:\/\/www2.uepg.br\/transparencia\/wp-json\/wp\/v2\/pages\/380\/revisions"}],"predecessor-version":[{"id":616,"href":"https:\/\/www2.uepg.br\/transparencia\/wp-json\/wp\/v2\/pages\/380\/revisions\/616"}],"wp:attachment":[{"href":"https:\/\/www2.uepg.br\/transparencia\/wp-json\/wp\/v2\/media?parent=380"}],"curies":[{"name":"wp","href":"https:\/\/api.w.org\/{rel}","templated":true}]}}