{"id":398,"date":"2021-09-17T16:21:42","date_gmt":"2021-09-17T19:21:42","guid":{"rendered":"https:\/\/www2.uepg.br\/transparencia\/?page_id=398"},"modified":"2022-10-18T10:51:06","modified_gmt":"2022-10-18T13:51:06","slug":"ouvidoria-lai","status":"publish","type":"page","link":"https:\/\/www2.uepg.br\/transparencia\/ouvidoria-lai\/","title":{"rendered":"Ouvidoria-lai"},"content":{"rendered":"<p><a href=\"https:\/\/drive.google.com\/file\/d\/18UDvn5Jdg7fcZwasy03yIVd6UB3vgqA9\/view?usp=sharing\">Ouvidoria\/Lei de Acesso a Informa\u00e7\u00e3o em dados.<\/a><\/p>\n<p>&nbsp;<\/p>\n<p><a href=\"https:\/\/drive.google.com\/file\/d\/1nRbNpwcCfp3SDn622cidaIqR4hLcyPQW\/view?usp=sharing\">V\u00eddeo explicando como tratar a quest\u00e3o de ass\u00e9dio<\/a><\/p>\n<p>&nbsp;<\/p>\n<p><a href=\"http:\/\/www.transparencia.pr.gov.br\/pte\/fale-com-o-ouvidor\">Fa\u00e7a sua solicita\u00e7\u00e3o &#8211; LAI\/Ouvidoria<\/a><\/p>\n<p>&nbsp;<\/p>\n<p>&nbsp;<\/p>\n<p>Agente de Transpar\u00eancia\/Lei de Acesso a Informa\u00e7\u00e3o<br \/>\nNome: GRAZIELA DE F\u00c1TIMA ROCHA<br \/>\ne-mail: informacao@uepg.br<br \/>\nFone:(42) 3220-3732<\/p>\n<p>&nbsp;<\/p>\n<p>Agente Ouvidor<br \/>\nNome: Rosaly Machado<\/p>\n<p>email: ouvidoria@uepg.br<\/p>\n<p>Fone (42) 3220-3184<\/p>\n<p>&nbsp;<\/p>\n","protected":false},"excerpt":{"rendered":"<p>Ouvidoria\/Lei de Acesso a Informa\u00e7\u00e3o em dados. &nbsp; V\u00eddeo explicando como tratar a quest\u00e3o de ass\u00e9dio &nbsp; Fa\u00e7a sua solicita\u00e7\u00e3o &#8211; LAI\/Ouvidoria &nbsp; &nbsp; Agente de Transpar\u00eancia\/Lei de Acesso a Informa\u00e7\u00e3o Nome: GRAZIELA DE F\u00c1TIMA ROCHA e-mail: informacao@uepg.br Fone:(42) 3220-3732 &nbsp; Agente Ouvidor Nome: Rosaly Machado email: ouvidoria@uepg.br Fone (42) 3220-3184 &nbsp;<\/p>\n","protected":false},"author":247,"featured_media":0,"parent":0,"menu_order":0,"comment_status":"closed","ping_status":"closed","template":"","meta":[],"_links":{"self":[{"href":"https:\/\/www2.uepg.br\/transparencia\/wp-json\/wp\/v2\/pages\/398"}],"collection":[{"href":"https:\/\/www2.uepg.br\/transparencia\/wp-json\/wp\/v2\/pages"}],"about":[{"href":"https:\/\/www2.uepg.br\/transparencia\/wp-json\/wp\/v2\/types\/page"}],"author":[{"embeddable":true,"href":"https:\/\/www2.uepg.br\/transparencia\/wp-json\/wp\/v2\/users\/247"}],"replies":[{"embeddable":true,"href":"https:\/\/www2.uepg.br\/transparencia\/wp-json\/wp\/v2\/comments?post=398"}],"version-history":[{"count":2,"href":"https:\/\/www2.uepg.br\/transparencia\/wp-json\/wp\/v2\/pages\/398\/revisions"}],"predecessor-version":[{"id":519,"href":"https:\/\/www2.uepg.br\/transparencia\/wp-json\/wp\/v2\/pages\/398\/revisions\/519"}],"wp:attachment":[{"href":"https:\/\/www2.uepg.br\/transparencia\/wp-json\/wp\/v2\/media?parent=398"}],"curies":[{"name":"wp","href":"https:\/\/api.w.org\/{rel}","templated":true}]}}