{"id":431,"date":"2022-04-27T16:06:58","date_gmt":"2022-04-27T19:06:58","guid":{"rendered":"https:\/\/www2.uepg.br\/transparencia\/?page_id=431"},"modified":"2024-04-17T08:19:43","modified_gmt":"2024-04-17T11:19:43","slug":"fale-conosco","status":"publish","type":"page","link":"https:\/\/www2.uepg.br\/transparencia\/fale-conosco\/","title":{"rendered":"Fale Conosco"},"content":{"rendered":"<div class=\"col-sm-3\">\n<div data-type=\"group\" data-dynamic-mod=\"true\">\n<p><strong>Reitor: Miguel Sanches Neto<\/strong><br \/>\n<strong>Vice-Reitor: Ivo Mottin Demiate<\/strong><\/p>\n<p>Fale com o reitor\/vice-reitor:<br \/>\n<em>reitoria@uepg.br<\/em><\/p>\n<\/div>\n<\/div>\n<p>&nbsp;<\/p>\n<p><a href=\"https:\/\/www.pia.pr.gov.br\/calendario?dy=9&amp;mn=5&amp;yr=2022&amp;gt=Mjk3Mw==\">Agenda do Reitor (Portal da Transpar\u00eancia)<\/a><\/p>\n<p>&nbsp;<\/p>\n<p>Se precisar fazer um elogio, uma den\u00fancia ou reclama\u00e7\u00e3o, clique <a href=\"http:\/\/www.transparencia.pr.gov.br\/pte\/fale-com-o-ouvidor\">aqui<\/a>.<\/p>\n<p>&nbsp;<\/p>\n<div class=\"col-sm-3\">\n<div data-type=\"group\" data-dynamic-mod=\"true\"><i class=\"big-icon mdi mdi-map-marker\"><\/i>Campus Uvaranas &#8211; Av. General Carlos Cavalcanti, 4748 &#8211; Uvaranas,<\/div>\n<div data-type=\"group\" data-dynamic-mod=\"true\">Ponta Grossa &#8211; CEP 84030-900 &#8211;<\/div>\n<div data-type=\"group\" data-dynamic-mod=\"true\">GPS: 25\u00b05&#8217;23&#8243;S 50\u00b06&#8217;23&#8243;W<\/div>\n<div data-type=\"group\" data-dynamic-mod=\"true\">Campus Central &#8211; Pra\u00e7a Santos Andrade, 01 &#8211; Centro,<\/div>\n<div data-type=\"group\" data-dynamic-mod=\"true\">Ponta Grossa &#8211; PR, CEP 84010-330 &#8211;<br \/>\nGPS: 25\u00b05&#8217;11&#8243;S 50\u00b09&#8217;39&#8243;W<\/div>\n<\/div>\n<div class=\"col-sm-3\">\n<p>&nbsp;<\/p>\n<p><strong>Hor\u00e1rio Administrativo: 8h \u00e0s 12h e 13:30h a 17:30h<\/strong><\/p>\n<\/div>\n<div data-type=\"group\" data-dynamic-mod=\"true\">\n<p>&nbsp;<\/p>\n<p>+55 (42) 3220-3000<br \/>\n+55 (42) 3220-3300<\/p>\n<\/div>\n<p><a href=\"http:\/\/eventos.uepg.br\/geral\/telefones\">Lista de Telefones dos \u00f3rg\u00e3os administrativos<\/a><\/p>\n","protected":false},"excerpt":{"rendered":"<p>Reitor: Miguel Sanches Neto Vice-Reitor: Ivo Mottin Demiate Fale com o reitor\/vice-reitor: reitoria@uepg.br &nbsp; Agenda do Reitor (Portal da Transpar\u00eancia) &nbsp; Se precisar fazer um elogio, uma den\u00fancia ou reclama\u00e7\u00e3o, clique aqui. &nbsp; Campus Uvaranas &#8211; Av. General Carlos Cavalcanti, 4748 &#8211; Uvaranas, Ponta Grossa &#8211; CEP 84030-900 &#8211; GPS: 25\u00b05&#8217;23&#8243;S 50\u00b06&#8217;23&#8243;W Campus Central &#8211;&nbsp;&hellip;<\/p>\n","protected":false},"author":247,"featured_media":0,"parent":0,"menu_order":0,"comment_status":"closed","ping_status":"closed","template":"","meta":[],"_links":{"self":[{"href":"https:\/\/www2.uepg.br\/transparencia\/wp-json\/wp\/v2\/pages\/431"}],"collection":[{"href":"https:\/\/www2.uepg.br\/transparencia\/wp-json\/wp\/v2\/pages"}],"about":[{"href":"https:\/\/www2.uepg.br\/transparencia\/wp-json\/wp\/v2\/types\/page"}],"author":[{"embeddable":true,"href":"https:\/\/www2.uepg.br\/transparencia\/wp-json\/wp\/v2\/users\/247"}],"replies":[{"embeddable":true,"href":"https:\/\/www2.uepg.br\/transparencia\/wp-json\/wp\/v2\/comments?post=431"}],"version-history":[{"count":10,"href":"https:\/\/www2.uepg.br\/transparencia\/wp-json\/wp\/v2\/pages\/431\/revisions"}],"predecessor-version":[{"id":567,"href":"https:\/\/www2.uepg.br\/transparencia\/wp-json\/wp\/v2\/pages\/431\/revisions\/567"}],"wp:attachment":[{"href":"https:\/\/www2.uepg.br\/transparencia\/wp-json\/wp\/v2\/media?parent=431"}],"curies":[{"name":"wp","href":"https:\/\/api.w.org\/{rel}","templated":true}]}}