{"id":490,"date":"2022-06-27T15:31:36","date_gmt":"2022-06-27T18:31:36","guid":{"rendered":"https:\/\/www2.uepg.br\/transparencia\/?page_id=490"},"modified":"2022-06-27T15:31:36","modified_gmt":"2022-06-27T18:31:36","slug":"reunioes-do-ca-e-cou","status":"publish","type":"page","link":"https:\/\/www2.uepg.br\/transparencia\/reunioes-do-ca-e-cou\/","title":{"rendered":"Reuni\u00f5es do CA e COU"},"content":{"rendered":"<p><strong>Reuni\u00f5es do Conselho de Administra\u00e7\u00e3o e Conselho Universit\u00e1rio<\/strong><\/p>\n<p>&nbsp;<\/p>\n<ul>\n<li><a href=\"https:\/\/www2.uepg.br\/segecon\/pautas-deliberacoes-ca\/\">Pautas e Delibera\u00e7\u00f5es das Reuni\u00f5es do Conselho de Administra\u00e7\u00e3o<\/a><\/li>\n<li><a href=\"https:\/\/www2.uepg.br\/segecon\/pautas-deliberacoes-cou\/\">Pautas e Delibera\u00e7\u00f5es das Reuni\u00f5es do Conselho Universit\u00e1rio<\/a><\/li>\n<li><a href=\"https:\/\/www2.uepg.br\/segecon\/pautas-deliberacoes-cepe\/\">Pautas e Delibera\u00e7\u00f5es das Reuni\u00f5es do Conselho de Ensino Pesquisa e Extens\u00e3o<\/a><\/li>\n<li><a href=\"https:\/\/www2.uepg.br\/segecon\/\">Regimento e integrantes dos Conselhos Superiores e informa\u00e7\u00f5es da Secretaria da Reitoria<\/a><\/li>\n<\/ul>\n","protected":false},"excerpt":{"rendered":"<p>Reuni\u00f5es do Conselho de Administra\u00e7\u00e3o e Conselho Universit\u00e1rio &nbsp; Pautas e Delibera\u00e7\u00f5es das Reuni\u00f5es do Conselho de Administra\u00e7\u00e3o Pautas e Delibera\u00e7\u00f5es das Reuni\u00f5es do Conselho Universit\u00e1rio Pautas e Delibera\u00e7\u00f5es das Reuni\u00f5es do Conselho de Ensino Pesquisa e Extens\u00e3o Regimento e integrantes dos Conselhos Superiores e informa\u00e7\u00f5es da Secretaria da Reitoria<\/p>\n","protected":false},"author":247,"featured_media":0,"parent":0,"menu_order":0,"comment_status":"closed","ping_status":"closed","template":"","meta":[],"_links":{"self":[{"href":"https:\/\/www2.uepg.br\/transparencia\/wp-json\/wp\/v2\/pages\/490"}],"collection":[{"href":"https:\/\/www2.uepg.br\/transparencia\/wp-json\/wp\/v2\/pages"}],"about":[{"href":"https:\/\/www2.uepg.br\/transparencia\/wp-json\/wp\/v2\/types\/page"}],"author":[{"embeddable":true,"href":"https:\/\/www2.uepg.br\/transparencia\/wp-json\/wp\/v2\/users\/247"}],"replies":[{"embeddable":true,"href":"https:\/\/www2.uepg.br\/transparencia\/wp-json\/wp\/v2\/comments?post=490"}],"version-history":[{"count":1,"href":"https:\/\/www2.uepg.br\/transparencia\/wp-json\/wp\/v2\/pages\/490\/revisions"}],"predecessor-version":[{"id":491,"href":"https:\/\/www2.uepg.br\/transparencia\/wp-json\/wp\/v2\/pages\/490\/revisions\/491"}],"wp:attachment":[{"href":"https:\/\/www2.uepg.br\/transparencia\/wp-json\/wp\/v2\/media?parent=490"}],"curies":[{"name":"wp","href":"https:\/\/api.w.org\/{rel}","templated":true}]}}