{"id":576,"date":"2024-07-31T10:37:54","date_gmt":"2024-07-31T13:37:54","guid":{"rendered":"https:\/\/www2.uepg.br\/transparencia\/?page_id=576"},"modified":"2024-07-31T10:49:21","modified_gmt":"2024-07-31T13:49:21","slug":"rol-de-assuntos-sigilosos","status":"publish","type":"page","link":"https:\/\/www2.uepg.br\/transparencia\/rol-de-assuntos-sigilosos\/","title":{"rendered":"Rol de Assuntos Sigilosos"},"content":{"rendered":"<div class=\"article-header\">\n<h1><strong>Rol de Informa\u00e7\u00f5es Sigilosas<\/strong><\/h1>\n<\/div>\n<div class=\"header-bottom\"><\/div>\n<div class=\"article-details-wrapper gazette-custom-font\">\n<div id=\"sp-page-builder\" class=\"sp-page-builder sppb-article-page-wrapper\">\n<div class=\"page-content\">\n<section id=\"section-id-1686061467389\" class=\"sppb-section\">\n<div class=\"sppb-row-container\">\n<div class=\"sppb-row\">\n<div id=\"column-wrap-id-1686061467388\" class=\"sppb-col-md-12\">\n<div id=\"column-id-1686061467388\" class=\"sppb-column\">\n<div class=\"sppb-column-addons\">\n<div id=\"sppb-addon-wrapper-1686061467392\" class=\"sppb-addon-wrapper\">\n<div id=\"sppb-addon-1686061467392\" class=\"clearfix \">\n<div class=\"sppb-addon sppb-addon-articles default article-border\">\n<div class=\"sppb-addon-content \">\n<div class=\"sppb-row \">\n<div class=\"sppb-col-sm-12\">\n<div class=\"sppb-addon-article \">\n<div class=\"sppb-addon-article-info-left\"><\/div>\n<div class=\"sppb-addon-article-info-wrapper\">\n<div class=\"sppb-article-introtext gazette-custom-font\">\n<div>Em atendimento \u00e0 Lei n\u00ba 12.527\/2011 &#8211; Lei de Acesso \u00e0 Informa\u00e7\u00e3o e ao Decreto n\u00b0 10285\/2014\u00a0 a Universidade Estadual de Ponta Grossa -UEPG, disponibiliza seu Rol de Informa\u00e7\u00f5es Sigilosas, emitido pelo Comit\u00ea de Prote\u00e7\u00e3o de Dados e Acesso \u00e0 Informa\u00e7\u00e3o.<\/div>\n<div><\/div>\n<div><\/div>\n<div><strong>2024 &#8211;\u00a0<\/strong>Em aten\u00e7\u00e3o aos princ\u00edpios da publicidade e efici\u00eancia, previstos no caput do art. 37 da Constitui\u00e7\u00e3o Federal e conforme o Artigo 23 da Lei 12.527\/2011 &#8211; Lei de Acesso \u00e0 Informa\u00e7\u00e3o (LAI), declaramos que n\u00e3o houve, no ano de 2024, registro de informa\u00e7\u00f5es com classifica\u00e7\u00e3o de sigilo na\u00a0Universidade Estadual do Oeste do Paran\u00e1.\u00a0(Publica\u00e7\u00e3o no DIOE)<\/div>\n<div><\/div>\n<div><\/div>\n<div><\/div>\n<div><\/div>\n<div><\/div>\n<div>\n<hr \/>\n<\/div>\n<div><\/div>\n<div><strong>Rol de informa\u00e7\u00f5es sigilosas definidas por outras legisla\u00e7\u00f5es<\/strong><\/div>\n<\/div>\n<\/div>\n<\/div>\n<\/div>\n<\/div>\n<\/div>\n<\/div>\n<\/div>\n<\/div>\n<div id=\"sppb-addon-wrapper-1686061497874\" class=\"sppb-addon-wrapper\">\n<div id=\"sppb-addon-1686061497874\" class=\"clearfix \">\n<div class=\"sppb-addon sppb-addon-articles default article-border\">\n<div class=\"sppb-addon-content \">\n<div class=\"sppb-row \">\n<div class=\"sppb-col-sm-12\">\n<div class=\"sppb-addon-article \">\n<div class=\"sppb-addon-article-info-left\"><\/div>\n<div class=\"sppb-addon-article-info-wrapper\">\n<h3 class=\"sppb-addon-article-title\"><\/h3>\n<\/div>\n<\/div>\n<\/div>\n<\/div>\n<\/div>\n<\/div>\n<\/div>\n<\/div>\n<div id=\"sppb-addon-wrapper-1720554083417\" class=\"sppb-addon-wrapper\">\n<div id=\"sppb-addon-1720554083417\" class=\"clearfix \">\n<div class=\"sppb-addon sppb-addon-raw-html \">\n<div class=\"sppb-addon-content\">\n<div>\n<div><\/div>\n<div>\n<hr \/>\n<\/div>\n<div><\/div>\n<div><strong>Rol de informa\u00e7\u00f5es sigilosas desclassificadas<\/strong><\/div>\n<\/div>\n<div><\/div>\n<\/div>\n<\/div>\n<\/div>\n<div id=\"sppb-addon-wrapper-1720554083420\" class=\"sppb-addon-wrapper\">\n<div id=\"sppb-addon-1720554083420\" class=\"clearfix \">\n<div class=\"sppb-addon sppb-addon-articles default article-border\">\n<div class=\"sppb-addon-content \">\n<div class=\"sppb-row \">\n<div class=\"sppb-col-sm-12\">\n<div class=\"sppb-addon-article \">\n<div class=\"sppb-addon-article-info-wrapper\">\n<h3 class=\"sppb-addon-article-title\"><\/h3>\n<\/div>\n<\/div>\n<\/div>\n<\/div>\n<\/div>\n<\/div>\n<\/div>\n<\/div>\n<\/div>\n<\/div>\n<\/div>\n<\/div>\n<\/div>\n<\/div>\n<\/section>\n<\/div>\n<\/div>\n<\/div>\n","protected":false},"excerpt":{"rendered":"<p>Rol de Informa\u00e7\u00f5es Sigilosas Em atendimento \u00e0 Lei n\u00ba 12.527\/2011 &#8211; Lei de Acesso \u00e0 Informa\u00e7\u00e3o e ao Decreto n\u00b0 10285\/2014\u00a0 a Universidade Estadual de Ponta Grossa -UEPG, disponibiliza seu Rol de Informa\u00e7\u00f5es Sigilosas, emitido pelo Comit\u00ea de Prote\u00e7\u00e3o de Dados e Acesso \u00e0 Informa\u00e7\u00e3o. 2024 &#8211;\u00a0Em aten\u00e7\u00e3o aos princ\u00edpios da publicidade e efici\u00eancia, previstos&nbsp;&hellip;<\/p>\n","protected":false},"author":247,"featured_media":0,"parent":0,"menu_order":0,"comment_status":"closed","ping_status":"closed","template":"","meta":[],"_links":{"self":[{"href":"https:\/\/www2.uepg.br\/transparencia\/wp-json\/wp\/v2\/pages\/576"}],"collection":[{"href":"https:\/\/www2.uepg.br\/transparencia\/wp-json\/wp\/v2\/pages"}],"about":[{"href":"https:\/\/www2.uepg.br\/transparencia\/wp-json\/wp\/v2\/types\/page"}],"author":[{"embeddable":true,"href":"https:\/\/www2.uepg.br\/transparencia\/wp-json\/wp\/v2\/users\/247"}],"replies":[{"embeddable":true,"href":"https:\/\/www2.uepg.br\/transparencia\/wp-json\/wp\/v2\/comments?post=576"}],"version-history":[{"count":9,"href":"https:\/\/www2.uepg.br\/transparencia\/wp-json\/wp\/v2\/pages\/576\/revisions"}],"predecessor-version":[{"id":587,"href":"https:\/\/www2.uepg.br\/transparencia\/wp-json\/wp\/v2\/pages\/576\/revisions\/587"}],"wp:attachment":[{"href":"https:\/\/www2.uepg.br\/transparencia\/wp-json\/wp\/v2\/media?parent=576"}],"curies":[{"name":"wp","href":"https:\/\/api.w.org\/{rel}","templated":true}]}}