{"id":105,"date":"2019-06-19T14:41:31","date_gmt":"2019-06-19T17:41:31","guid":{"rendered":"http:\/\/www2.uepg.br\/turismo\/?page_id=105"},"modified":"2024-02-21T12:12:57","modified_gmt":"2024-02-21T15:12:57","slug":"laboratorios","status":"publish","type":"page","link":"https:\/\/www2.uepg.br\/turismo\/laboratorios\/","title":{"rendered":"LABORAT\u00d3RIOS"},"content":{"rendered":"<div id=\"pl-105\"  class=\"panel-layout\" ><div id=\"pg-105-0\"  class=\"panel-grid panel-no-style\" ><div id=\"pgc-105-0-0\"  class=\"panel-grid-cell\" ><div id=\"panel-105-0-0-0\" class=\"so-panel widget widget_sow-editor panel-first-child panel-last-child\" data-index=\"0\" ><div\n\t\t\t\n\t\t\tclass=\"so-widget-sow-editor so-widget-sow-editor-base\"\n\t\t\t\n\t\t>\n<div class=\"siteorigin-widget-tinymce textwidget\">\n\t<p style=\"text-align: center\"><a href=\"http:\/\/www2.uepg.br\/turismo\/netur\/\"><strong>NETUR \u2013N\u00facleo de Estudos Tur\u00edsticos<\/strong><\/a><\/p>\n<div id=\"attachment_111\" style=\"width: 1034px\" class=\"wp-caption aligncenter\"><img aria-describedby=\"caption-attachment-111\" loading=\"lazy\" class=\"wp-image-111 size-full\" src=\"http:\/\/www2.uepg.br\/turismo\/wp-content\/uploads\/sites\/21\/2019\/06\/WhatsApp-Image-2018-03-27-at-11.23.16-1-1024x576-1.jpeg\" alt=\"\" width=\"1024\" height=\"576\" srcset=\"https:\/\/www2.uepg.br\/turismo\/wp-content\/uploads\/sites\/21\/2019\/06\/WhatsApp-Image-2018-03-27-at-11.23.16-1-1024x576-1.jpeg 1024w, https:\/\/www2.uepg.br\/turismo\/wp-content\/uploads\/sites\/21\/2019\/06\/WhatsApp-Image-2018-03-27-at-11.23.16-1-1024x576-1-300x169.jpeg 300w, https:\/\/www2.uepg.br\/turismo\/wp-content\/uploads\/sites\/21\/2019\/06\/WhatsApp-Image-2018-03-27-at-11.23.16-1-1024x576-1-768x432.jpeg 768w\" sizes=\"(max-width: 1024px) 100vw, 1024px\" \/><p id=\"caption-attachment-111\" class=\"wp-caption-text\">NETUR \u2013N\u00facleo de Estudos Tur\u00edsticos<\/p><\/div>\n<hr \/>\n<p style=\"text-align: center\"><a href=\"http:\/\/www2.uepg.br\/turismo\/labtan\/\"><strong>LABTAN\u00a0\u2013 Laborat\u00f3rio de Turismo em \u00c1reas Naturais<\/strong><\/a><\/p>\n<div id=\"attachment_110\" style=\"width: 1034px\" class=\"wp-caption aligncenter\"><img aria-describedby=\"caption-attachment-110\" loading=\"lazy\" class=\"wp-image-110 size-full\" src=\"http:\/\/www2.uepg.br\/turismo\/wp-content\/uploads\/sites\/21\/2019\/06\/WhatsApp-Image-2018-03-27-at-11.12.02-1-1024x407-1.jpeg\" alt=\"\" width=\"1024\" height=\"407\" srcset=\"https:\/\/www2.uepg.br\/turismo\/wp-content\/uploads\/sites\/21\/2019\/06\/WhatsApp-Image-2018-03-27-at-11.12.02-1-1024x407-1.jpeg 1024w, https:\/\/www2.uepg.br\/turismo\/wp-content\/uploads\/sites\/21\/2019\/06\/WhatsApp-Image-2018-03-27-at-11.12.02-1-1024x407-1-300x119.jpeg 300w, https:\/\/www2.uepg.br\/turismo\/wp-content\/uploads\/sites\/21\/2019\/06\/WhatsApp-Image-2018-03-27-at-11.12.02-1-1024x407-1-768x305.jpeg 768w\" sizes=\"(max-width: 1024px) 100vw, 1024px\" \/><p id=\"caption-attachment-110\" class=\"wp-caption-text\">LABTAN \u2013 Laborat\u00f3rio de Turismo em \u00c1reas Naturais<\/p><\/div>\n<hr \/>\n<p style=\"text-align: center\"><a href=\"http:\/\/www2.uepg.br\/turismo\/labtan\/\"><strong>Laborat\u00f3rio de Alimentos e Bebidas<\/strong><\/a><\/p>\n<div id=\"attachment_110\" style=\"width: 1034px\" class=\"wp-caption aligncenter\"><img aria-describedby=\"caption-attachment-110\" loading=\"lazy\" class=\"aligncenter size-full wp-image-1555\" src=\"http:\/\/www2.uepg.br\/turismo\/wp-content\/uploads\/sites\/21\/2024\/02\/WhatsApp-Image-2024-02-21-at-11.19.47.jpeg\" alt=\"\" width=\"1024\" height=\"768\" \/><p id=\"caption-attachment-110\" class=\"wp-caption-text\">Laborat\u00f3rio de Alimentos e Bebidas<\/p><\/div>\n<hr \/>\n<p style=\"text-align: center\"><a href=\"http:\/\/www2.uepg.br\/turismo\/labtan\/\"><strong>Laborat\u00f3rio de Meios de Hospedagem<\/strong><\/a><\/p>\n<div id=\"attachment_110\" style=\"width: 1034px\" class=\"wp-caption aligncenter\"><img aria-describedby=\"caption-attachment-110\" loading=\"lazy\" class=\"aligncenter size-full wp-image-1556\" src=\"http:\/\/www2.uepg.br\/turismo\/wp-content\/uploads\/sites\/21\/2024\/02\/WhatsApp-Image-2024-02-21-at-10.47.03.jpeg\" alt=\"\" width=\"1280\" height=\"960\" \/><p id=\"caption-attachment-110\" class=\"wp-caption-text\">Laborat\u00f3rio de Meios de Hospedagem<\/p><\/div>\n<\/div>\n<\/div><\/div><\/div><\/div><\/div>","protected":false},"excerpt":{"rendered":"<p>NETUR \u2013N\u00facleo de Estudos Tur\u00edsticos LABTAN\u00a0\u2013 Laborat\u00f3rio de Turismo em \u00c1reas Naturais Laborat\u00f3rio de Alimentos e Bebidas Laborat\u00f3rio de Meios de Hospedagem<\/p>\n","protected":false},"author":24,"featured_media":0,"parent":0,"menu_order":0,"comment_status":"closed","ping_status":"closed","template":"","meta":[],"_links":{"self":[{"href":"https:\/\/www2.uepg.br\/turismo\/wp-json\/wp\/v2\/pages\/105"}],"collection":[{"href":"https:\/\/www2.uepg.br\/turismo\/wp-json\/wp\/v2\/pages"}],"about":[{"href":"https:\/\/www2.uepg.br\/turismo\/wp-json\/wp\/v2\/types\/page"}],"author":[{"embeddable":true,"href":"https:\/\/www2.uepg.br\/turismo\/wp-json\/wp\/v2\/users\/24"}],"replies":[{"embeddable":true,"href":"https:\/\/www2.uepg.br\/turismo\/wp-json\/wp\/v2\/comments?post=105"}],"version-history":[{"count":16,"href":"https:\/\/www2.uepg.br\/turismo\/wp-json\/wp\/v2\/pages\/105\/revisions"}],"predecessor-version":[{"id":1561,"href":"https:\/\/www2.uepg.br\/turismo\/wp-json\/wp\/v2\/pages\/105\/revisions\/1561"}],"wp:attachment":[{"href":"https:\/\/www2.uepg.br\/turismo\/wp-json\/wp\/v2\/media?parent=105"}],"curies":[{"name":"wp","href":"https:\/\/api.w.org\/{rel}","templated":true}]}}