{"id":121,"date":"2019-06-19T14:54:23","date_gmt":"2019-06-19T17:54:23","guid":{"rendered":"http:\/\/www2.uepg.br\/turismo\/?page_id=121"},"modified":"2020-11-07T11:49:34","modified_gmt":"2020-11-07T14:49:34","slug":"netur","status":"publish","type":"page","link":"https:\/\/www2.uepg.br\/turismo\/netur\/","title":{"rendered":"NETUR"},"content":{"rendered":"<p><img loading=\"lazy\" class=\" wp-image-21 aligncenter\" src=\"http:\/\/www2.uepg.br\/turismo\/wp-content\/uploads\/sites\/21\/2019\/06\/netur-logo-300x98.jpeg\" alt=\"\" width=\"328\" height=\"107\" srcset=\"https:\/\/www2.uepg.br\/turismo\/wp-content\/uploads\/sites\/21\/2019\/06\/netur-logo-300x98.jpeg 300w, https:\/\/www2.uepg.br\/turismo\/wp-content\/uploads\/sites\/21\/2019\/06\/netur-logo-768x251.jpeg 768w, https:\/\/www2.uepg.br\/turismo\/wp-content\/uploads\/sites\/21\/2019\/06\/netur-logo-1024x334.jpeg 1024w, https:\/\/www2.uepg.br\/turismo\/wp-content\/uploads\/sites\/21\/2019\/06\/netur-logo-1232x402.jpeg 1232w, https:\/\/www2.uepg.br\/turismo\/wp-content\/uploads\/sites\/21\/2019\/06\/netur-logo.jpeg 1280w\" sizes=\"(max-width: 328px) 100vw, 328px\" \/><\/p>\n<p>O NETUR \u00e9 um laborat\u00f3rio que est\u00e1 inserido no projeto pedag\u00f3gico do curso que tem como proposta incentivar o senso de responsabilidade individual e coletiva dos acad\u00eamicos por meio da aquisi\u00e7\u00e3o de conhecimentos pr\u00e1ticos, bem como o desenvolvimento da criatividade e do esp\u00edrito de participa\u00e7\u00e3o na organiza\u00e7\u00e3o de eventos da UEPG, de outras institui\u00e7\u00f5es e de particulares, na organiza\u00e7\u00e3o de roteiros e venda de pacotes tur\u00edsticos para a comunidade acad\u00eamica e externa, na presta\u00e7\u00e3o de servi\u00e7os de recep\u00e7\u00e3o, na elabora\u00e7\u00e3o de Planos Diretores de Turismo, bem como na efetiva participa\u00e7\u00e3o acad\u00eamica em Projetos de Ensino, Pesquisa e Extens\u00e3o, al\u00e9m, do incentivo \u00e0 participa\u00e7\u00e3o na Inicia\u00e7\u00e3o Cient\u00edfica.<\/p>\n<p>Por meio do projeto NETUR busca-se o atendimento das necessidades da comunidade, mercado (<em>trade<\/em>) e setor p\u00fablico, referentes a qualifica\u00e7\u00e3o da hospitalidade como forma de contribuir com desenvolvimento tur\u00edstico regional, sem perder de vista a import\u00e2ncia do processo de desenvolvimento tur\u00edstico regional de forma sustent\u00e1vel, onde as atividades do ser\u00e3o desenvolvidas a partir das necessidades pr\u00e1ticas da atividade na regi\u00e3o, por\u00e9m aliadas aos conhecimentos te\u00f3ricos compartilhadas entre acad\u00eamicos e professores participantes do projeto.<\/p>\n","protected":false},"excerpt":{"rendered":"<p>O NETUR \u00e9 um laborat\u00f3rio que est\u00e1 inserido no projeto pedag\u00f3gico do curso que tem como proposta incentivar o senso de responsabilidade individual e coletiva dos acad\u00eamicos por meio da aquisi\u00e7\u00e3o de conhecimentos pr\u00e1ticos, bem como o desenvolvimento da criatividade e do esp\u00edrito de participa\u00e7\u00e3o na organiza\u00e7\u00e3o de eventos da UEPG, de outras institui\u00e7\u00f5es e&nbsp;&hellip;<\/p>\n","protected":false},"author":24,"featured_media":0,"parent":0,"menu_order":0,"comment_status":"closed","ping_status":"closed","template":"","meta":[],"_links":{"self":[{"href":"https:\/\/www2.uepg.br\/turismo\/wp-json\/wp\/v2\/pages\/121"}],"collection":[{"href":"https:\/\/www2.uepg.br\/turismo\/wp-json\/wp\/v2\/pages"}],"about":[{"href":"https:\/\/www2.uepg.br\/turismo\/wp-json\/wp\/v2\/types\/page"}],"author":[{"embeddable":true,"href":"https:\/\/www2.uepg.br\/turismo\/wp-json\/wp\/v2\/users\/24"}],"replies":[{"embeddable":true,"href":"https:\/\/www2.uepg.br\/turismo\/wp-json\/wp\/v2\/comments?post=121"}],"version-history":[{"count":3,"href":"https:\/\/www2.uepg.br\/turismo\/wp-json\/wp\/v2\/pages\/121\/revisions"}],"predecessor-version":[{"id":985,"href":"https:\/\/www2.uepg.br\/turismo\/wp-json\/wp\/v2\/pages\/121\/revisions\/985"}],"wp:attachment":[{"href":"https:\/\/www2.uepg.br\/turismo\/wp-json\/wp\/v2\/media?parent=121"}],"curies":[{"name":"wp","href":"https:\/\/api.w.org\/{rel}","templated":true}]}}