{"id":123,"date":"2019-06-19T14:56:56","date_gmt":"2019-06-19T17:56:56","guid":{"rendered":"http:\/\/www2.uepg.br\/turismo\/?page_id=123"},"modified":"2020-11-07T14:11:04","modified_gmt":"2020-11-07T17:11:04","slug":"labtan","status":"publish","type":"page","link":"https:\/\/www2.uepg.br\/turismo\/labtan\/","title":{"rendered":"LABTAN"},"content":{"rendered":"<p style=\"text-align: center\"><img loading=\"lazy\" class=\"alignnone wp-image-563\" src=\"http:\/\/www2.uepg.br\/turismo\/wp-content\/uploads\/sites\/21\/2020\/06\/labtan-300x99.png\" alt=\"\" width=\"485\" height=\"160\" srcset=\"https:\/\/www2.uepg.br\/turismo\/wp-content\/uploads\/sites\/21\/2020\/06\/labtan-300x99.png 300w, https:\/\/www2.uepg.br\/turismo\/wp-content\/uploads\/sites\/21\/2020\/06\/labtan-768x253.png 768w, https:\/\/www2.uepg.br\/turismo\/wp-content\/uploads\/sites\/21\/2020\/06\/labtan.png 900w\" sizes=\"(max-width: 485px) 100vw, 485px\" \/><\/p>\n<p>\u00c9 crescente a demanda por projetos e pesquisas em \u00e1reas naturais. Deste modo, devido ao surgimento de Grupos de Pesquisa, Pesquisas Continuadas e diversos projetos que vem sendo realizados por docentes, alunos bolsistas, estagi\u00e1rios ou em parceria com universidades estrangeiras e \u00f3rg\u00e3os como o ICMBio e Projeto Tamar, o LabTan foi criado.<\/p>\n<p>O LabTan tem como objetivo geral:<\/p>\n<ul>\n<li>Realizar pesquisas e dar suporte a projetos que sejam relativos ao turismo realizado em \u00e1reas naturais.<\/li>\n<\/ul>\n<p>S\u00e3o objetivos espec\u00edficos:<\/p>\n<ul>\n<li>Ser o espa\u00e7o em que bolsistas de doutorado, mestrado, inicia\u00e7\u00e3o cient\u00edfica e de projetos aprovados realizar\u00e3o suas atividades;<\/li>\n<li>Abrigar o material a ser adquirido atrav\u00e9s de Editais;<\/li>\n<li>Oferecer consultoria e apoio em temas ligados ao turismo em \u00e1reas naturais;<\/li>\n<li>Divulgar aspectos relativos ao tema, em p\u00e1ginas e m\u00eddias sociais.<\/li>\n<\/ul>\n<p style=\"text-align: center\">Mais detalhes:<\/p>\n<p style=\"text-align: center\"><a href=\"http:\/\/www.labtan.com.br\/\"><img loading=\"lazy\" class=\"alignnone wp-image-992\" src=\"http:\/\/www2.uepg.br\/turismo\/wp-content\/uploads\/sites\/21\/2020\/11\/site-300x281.jpg\" alt=\"\" width=\"50\" height=\"47\" srcset=\"https:\/\/www2.uepg.br\/turismo\/wp-content\/uploads\/sites\/21\/2020\/11\/site-300x281.jpg 300w, https:\/\/www2.uepg.br\/turismo\/wp-content\/uploads\/sites\/21\/2020\/11\/site-768x720.jpg 768w, https:\/\/www2.uepg.br\/turismo\/wp-content\/uploads\/sites\/21\/2020\/11\/site.jpg 1000w\" sizes=\"(max-width: 50px) 100vw, 50px\" \/><\/a>\u00a0 \u00a0 \u00a0<a href=\"https:\/\/www.instagram.com\/labtanuepg\/\"><img loading=\"lazy\" class=\"alignnone wp-image-988\" src=\"http:\/\/www2.uepg.br\/turismo\/wp-content\/uploads\/sites\/21\/2020\/11\/instagram-300x300.png\" alt=\"\" width=\"43\" height=\"43\" srcset=\"https:\/\/www2.uepg.br\/turismo\/wp-content\/uploads\/sites\/21\/2020\/11\/instagram-300x300.png 300w, https:\/\/www2.uepg.br\/turismo\/wp-content\/uploads\/sites\/21\/2020\/11\/instagram-150x150.png 150w, https:\/\/www2.uepg.br\/turismo\/wp-content\/uploads\/sites\/21\/2020\/11\/instagram.png 360w\" sizes=\"(max-width: 43px) 100vw, 43px\" \/><\/a>\u00a0 \u00a0 \u00a0<a href=\"https:\/\/twitter.com\/labtanuepg\"><img loading=\"lazy\" class=\"alignnone wp-image-1003\" src=\"http:\/\/www2.uepg.br\/turismo\/wp-content\/uploads\/sites\/21\/2020\/11\/twitter-300x267.png\" alt=\"\" width=\"49\" height=\"44\" srcset=\"https:\/\/www2.uepg.br\/turismo\/wp-content\/uploads\/sites\/21\/2020\/11\/twitter-300x267.png 300w, https:\/\/www2.uepg.br\/turismo\/wp-content\/uploads\/sites\/21\/2020\/11\/twitter-1024x910.png 1024w, https:\/\/www2.uepg.br\/turismo\/wp-content\/uploads\/sites\/21\/2020\/11\/twitter-768x683.png 768w, https:\/\/www2.uepg.br\/turismo\/wp-content\/uploads\/sites\/21\/2020\/11\/twitter-1232x1095.png 1232w, https:\/\/www2.uepg.br\/turismo\/wp-content\/uploads\/sites\/21\/2020\/11\/twitter-1215x1080.png 1215w, https:\/\/www2.uepg.br\/turismo\/wp-content\/uploads\/sites\/21\/2020\/11\/twitter.png 1350w\" sizes=\"(max-width: 49px) 100vw, 49px\" \/><\/a>\u00a0 \u00a0 \u00a0<a href=\"https:\/\/www.youtube.com\/channel\/UCGQRjd6LreNxYpnQ-_iRllA\"><img loading=\"lazy\" class=\"alignnone wp-image-990\" src=\"http:\/\/www2.uepg.br\/turismo\/wp-content\/uploads\/sites\/21\/2020\/11\/youtube-300x105.jpg\" alt=\"\" width=\"174\" height=\"61\" srcset=\"https:\/\/www2.uepg.br\/turismo\/wp-content\/uploads\/sites\/21\/2020\/11\/youtube-300x105.jpg 300w, https:\/\/www2.uepg.br\/turismo\/wp-content\/uploads\/sites\/21\/2020\/11\/youtube-768x269.jpg 768w, https:\/\/www2.uepg.br\/turismo\/wp-content\/uploads\/sites\/21\/2020\/11\/youtube.jpg 840w\" sizes=\"(max-width: 174px) 100vw, 174px\" \/><\/a><\/p>\n","protected":false},"excerpt":{"rendered":"<p>\u00c9 crescente a demanda por projetos e pesquisas em \u00e1reas naturais. Deste modo, devido ao surgimento de Grupos de Pesquisa, Pesquisas Continuadas e diversos projetos que vem sendo realizados por docentes, alunos bolsistas, estagi\u00e1rios ou em parceria com universidades estrangeiras e \u00f3rg\u00e3os como o ICMBio e Projeto Tamar, o LabTan foi criado. O LabTan tem&nbsp;&hellip;<\/p>\n","protected":false},"author":24,"featured_media":0,"parent":0,"menu_order":0,"comment_status":"closed","ping_status":"closed","template":"","meta":[],"_links":{"self":[{"href":"https:\/\/www2.uepg.br\/turismo\/wp-json\/wp\/v2\/pages\/123"}],"collection":[{"href":"https:\/\/www2.uepg.br\/turismo\/wp-json\/wp\/v2\/pages"}],"about":[{"href":"https:\/\/www2.uepg.br\/turismo\/wp-json\/wp\/v2\/types\/page"}],"author":[{"embeddable":true,"href":"https:\/\/www2.uepg.br\/turismo\/wp-json\/wp\/v2\/users\/24"}],"replies":[{"embeddable":true,"href":"https:\/\/www2.uepg.br\/turismo\/wp-json\/wp\/v2\/comments?post=123"}],"version-history":[{"count":9,"href":"https:\/\/www2.uepg.br\/turismo\/wp-json\/wp\/v2\/pages\/123\/revisions"}],"predecessor-version":[{"id":1005,"href":"https:\/\/www2.uepg.br\/turismo\/wp-json\/wp\/v2\/pages\/123\/revisions\/1005"}],"wp:attachment":[{"href":"https:\/\/www2.uepg.br\/turismo\/wp-json\/wp\/v2\/media?parent=123"}],"curies":[{"name":"wp","href":"https:\/\/api.w.org\/{rel}","templated":true}]}}