{"id":13,"date":"2019-06-19T12:45:06","date_gmt":"2019-06-19T15:45:06","guid":{"rendered":"http:\/\/www2.uepg.br\/turismo\/?page_id=13"},"modified":"2024-07-02T19:42:37","modified_gmt":"2024-07-02T22:42:37","slug":"historico","status":"publish","type":"page","link":"https:\/\/www2.uepg.br\/turismo\/historico\/","title":{"rendered":"HIST\u00d3RICO"},"content":{"rendered":"<p style=\"text-align: justify\">O Curso de Bacharelado em Turismo na UEPG foi criado em 24 de novembro de 1997, conforme Resolu\u00e7\u00e3o CA n\u00b0 313\/97. Instalado no ano de 1998, assumiu a Coordena\u00e7\u00e3o do Curso, o professor Jos\u00e9 Roberto Galdino do Departamento de Hist\u00f3ria.<\/p>\n<p style=\"text-align: justify\">Pela Portaria R n\u00b0 663 de 16 de outubro de 1998, foi designada para responder interinamente pela coordena\u00e7\u00e3o do Curso de Turismo, a professora M\u00e1rcia Maria Dropa do Departamento de Hist\u00f3ria.<\/p>\n<p style=\"text-align: justify\">O Departamento de Turismo, foi criado em 06 de abril de 2000, pela Portaria R n\u00b045, integrando do Setor de Ci\u00eancias Humanas, Letras e Artes.<\/p>\n<p style=\"text-align: justify\">Pela Resolu\u00e7\u00e3o CA n\u00b0 282 de 20 de dezembro de 2000, foi aprovada a mudan\u00e7a de turno vespertino para o turno matutino do Curso de Bacharelado em Turismo, a partir de 2001.<\/p>\n<p style=\"text-align: justify\">Pela Resolu\u00e7\u00e3o CA n\u00b0 256 de 20 de dezembro de 2000, foi aprovada a altera\u00e7\u00e3o no Curr\u00edculo Pleno do Curso de Bacharelado em Turismo, a saber: Substitui\u00e7\u00e3o da disciplina Projeto em turismo para OTCC; acr\u00e9scimo de 34 horas na disciplina Patrim\u00f4nio Tur\u00edstico Mundial (de 68 horas para 102 horas); transforma\u00e7\u00e3o das disciplinas anuais Marketing Aplicado ao Turismo, Hist\u00f3ria da Cultura e Patrim\u00f4nio Tur\u00edstico Mundial em disciplinas de meio ano letivo. J\u00e1 em 2022, a nova e atual grade curricular foi aprovada, garantindo o ensino vinculado \u00e0s novas tecnologias e a extens\u00e3o universit\u00e1ria como um pilar estrutural na forma\u00e7\u00e3o acad\u00eamica.<\/p>\n<p>Atualmente o Departamento de Turismo, encontra-se instalado no Bloco A \u2013 Sala n\u00ba 25, T\u00e9rreo, Campus Central.<\/p>\n<p style=\"text-align: center\">Endere\u00e7o para Correspond\u00eancia:<\/p>\n<p style=\"text-align: center\"><strong>DEPARTAMENTO DE TURISMO<\/strong><\/p>\n<p style=\"text-align: center\">Universidade Estadual de Ponta Grossa<br \/>\nCampus Central \u2013 Bloco A \u2013 Sala 25<br \/>\nPra\u00e7a Santos Andrade, n.\u00ba 01 \u2013 Centro<br \/>\nCEP 84010-919 \u2013 Ponta Grossa \u2013 PR<br \/>\nFone: (42) 3220-3455<br \/>\nturismo@uepg.br<\/p>\n","protected":false},"excerpt":{"rendered":"<p>O Curso de Bacharelado em Turismo na UEPG foi criado em 24 de novembro de 1997, conforme Resolu\u00e7\u00e3o CA n\u00b0 313\/97. Instalado no ano de 1998, assumiu a Coordena\u00e7\u00e3o do Curso, o professor Jos\u00e9 Roberto Galdino do Departamento de Hist\u00f3ria. Pela Portaria R n\u00b0 663 de 16 de outubro de 1998, foi designada para responder&nbsp;&hellip;<\/p>\n","protected":false},"author":24,"featured_media":0,"parent":0,"menu_order":0,"comment_status":"closed","ping_status":"closed","template":"","meta":[],"_links":{"self":[{"href":"https:\/\/www2.uepg.br\/turismo\/wp-json\/wp\/v2\/pages\/13"}],"collection":[{"href":"https:\/\/www2.uepg.br\/turismo\/wp-json\/wp\/v2\/pages"}],"about":[{"href":"https:\/\/www2.uepg.br\/turismo\/wp-json\/wp\/v2\/types\/page"}],"author":[{"embeddable":true,"href":"https:\/\/www2.uepg.br\/turismo\/wp-json\/wp\/v2\/users\/24"}],"replies":[{"embeddable":true,"href":"https:\/\/www2.uepg.br\/turismo\/wp-json\/wp\/v2\/comments?post=13"}],"version-history":[{"count":10,"href":"https:\/\/www2.uepg.br\/turismo\/wp-json\/wp\/v2\/pages\/13\/revisions"}],"predecessor-version":[{"id":1634,"href":"https:\/\/www2.uepg.br\/turismo\/wp-json\/wp\/v2\/pages\/13\/revisions\/1634"}],"wp:attachment":[{"href":"https:\/\/www2.uepg.br\/turismo\/wp-json\/wp\/v2\/media?parent=13"}],"curies":[{"name":"wp","href":"https:\/\/api.w.org\/{rel}","templated":true}]}}