{"id":298,"date":"2019-07-31T13:55:38","date_gmt":"2019-07-31T16:55:38","guid":{"rendered":"http:\/\/www2.uepg.br\/turismo\/?page_id=298"},"modified":"2026-02-22T21:15:23","modified_gmt":"2026-02-23T00:15:23","slug":"grade-curricular","status":"publish","type":"page","link":"https:\/\/www2.uepg.br\/turismo\/grade-curricular\/","title":{"rendered":"GRADE CURRICULAR"},"content":{"rendered":"<h1 style=\"text-align: center\"><strong>2026<\/strong><\/h1>\n<hr \/>\n<table>\n<tbody>\n<tr>\n<td colspan=\"6\" width=\"566\">\n<p style=\"text-align: center\"><strong>1\u00ba Ano<\/strong><\/p>\n<\/td>\n<\/tr>\n<tr>\n<td width=\"94\"><\/td>\n<td width=\"94\">\n<p style=\"text-align: center\"><strong>Segunda<\/strong><\/p>\n<\/td>\n<td width=\"94\">\n<p style=\"text-align: center\"><strong>Ter\u00e7a<\/strong><\/p>\n<\/td>\n<td width=\"94\">\n<p style=\"text-align: center\"><strong>Quarta<\/strong><\/p>\n<\/td>\n<td width=\"94\">\n<p style=\"text-align: center\"><strong>Quinta<\/strong><\/p>\n<\/td>\n<td width=\"94\">\n<p style=\"text-align: center\"><strong>Sexta<\/strong><\/p>\n<\/td>\n<\/tr>\n<tr>\n<td width=\"94\">\n<p style=\"text-align: center\">07h20<\/p>\n<\/td>\n<td width=\"94\">\n<p style=\"text-align: center\">&#8212;<\/p>\n<\/td>\n<td width=\"94\">\n<p style=\"text-align: center\">&#8212;<\/p>\n<\/td>\n<td width=\"94\">\n<p style=\"text-align: center\">&#8212;<\/p>\n<\/td>\n<td width=\"94\">\n<p style=\"text-align: center\">&#8212;<\/p>\n<\/td>\n<td width=\"94\">\n<p style=\"text-align: center\">&#8212;<\/p>\n<\/td>\n<\/tr>\n<tr>\n<td width=\"94\">\n<p style=\"text-align: center\">08h15<\/p>\n<\/td>\n<td width=\"94\">\n<p style=\"text-align: center\">Administra\u00e7\u00e3o Aplicada ao Turismo<\/p>\n<\/td>\n<td width=\"94\">\n<p style=\"text-align: center\">TGT<\/p>\n<\/td>\n<td width=\"94\">\n<p style=\"text-align: center\">Aspectos Econ\u00f4micos do Turismo<\/p>\n<\/td>\n<td width=\"94\">\n<p style=\"text-align: center\">Leitura e Produ\u00e7\u00e3o de Texto<\/p>\n<\/td>\n<td width=\"94\">\n<p style=\"text-align: center\">Turismo e Comunica\u00e7\u00e3o<\/p>\n<\/td>\n<\/tr>\n<tr>\n<td width=\"94\">\n<p style=\"text-align: center\">09h10<\/p>\n<\/td>\n<td width=\"94\">\n<p style=\"text-align: center\">Administra\u00e7\u00e3o Aplicada ao Turismo<\/p>\n<\/td>\n<td width=\"94\">\n<p style=\"text-align: center\">TGT<\/p>\n<\/td>\n<td width=\"94\">\n<p style=\"text-align: center\">Aspectos Econ\u00f4micos do Turismo<\/p>\n<\/td>\n<td width=\"94\">\n<p style=\"text-align: center\">Leitura e Produ\u00e7\u00e3o de Texto<\/p>\n<\/td>\n<td width=\"94\">\n<p style=\"text-align: center\">Turismo e Comunica\u00e7\u00e3o<\/p>\n<\/td>\n<\/tr>\n<tr>\n<td width=\"94\">\n<p style=\"text-align: center\">10h05<\/p>\n<\/td>\n<td width=\"94\">\n<p style=\"text-align: center\">Geografia Aplicada ao Turismo<\/p>\n<\/td>\n<td width=\"94\">\n<p style=\"text-align: center\">Hotelaria e Meios de Hospedagem<\/p>\n<\/td>\n<td width=\"94\">\n<p style=\"text-align: center\">Hospitalidade e Lazer<\/p>\n<\/td>\n<td width=\"94\">\n<p style=\"text-align: center\">Patrim\u00f4nio Tur\u00edstico<\/p>\n<\/td>\n<td width=\"94\">\n<p style=\"text-align: center\">Alimentos e Bebidas<\/p>\n<\/td>\n<\/tr>\n<tr>\n<td width=\"94\">\n<p style=\"text-align: center\">11h00<\/p>\n<\/td>\n<td width=\"94\">\n<p style=\"text-align: center\">Geografia Aplicada ao Turismo<\/p>\n<\/td>\n<td width=\"94\">\n<p style=\"text-align: center\">Hotelaria e Meios de Hospedagem<\/p>\n<\/td>\n<td width=\"94\">\n<p style=\"text-align: center\">Hospitalidade e Lazer<\/p>\n<\/td>\n<td width=\"94\">\n<p style=\"text-align: center\">Patrim\u00f4nio Tur\u00edstico<\/p>\n<\/td>\n<td width=\"94\">\n<p style=\"text-align: center\">Alimentos e Bebidas<\/p>\n<\/td>\n<\/tr>\n<\/tbody>\n<\/table>\n<p>&nbsp;<\/p>\n<table>\n<tbody>\n<tr>\n<td colspan=\"6\" width=\"566\">\n<p style=\"text-align: center\"><strong>2\u00ba Ano<\/strong><\/p>\n<\/td>\n<\/tr>\n<tr>\n<td width=\"94\"><\/td>\n<td width=\"94\">\n<p style=\"text-align: center\"><strong>Segunda<\/strong><\/p>\n<\/td>\n<td width=\"94\">\n<p style=\"text-align: center\"><strong>Ter\u00e7a<\/strong><\/p>\n<\/td>\n<td width=\"94\">\n<p style=\"text-align: center\"><strong>Quarta<\/strong><\/p>\n<\/td>\n<td width=\"94\">\n<p style=\"text-align: center\"><strong>Quinta<\/strong><\/p>\n<\/td>\n<td width=\"94\">\n<p style=\"text-align: center\"><strong>Sexta<\/strong><\/p>\n<\/td>\n<\/tr>\n<tr>\n<td width=\"94\">\n<p style=\"text-align: center\">07h20<\/p>\n<\/td>\n<td width=\"94\">\n<p style=\"text-align: center\">&#8212;<\/p>\n<\/td>\n<td width=\"94\">\n<p style=\"text-align: center\">T\u00f3picos Especiais em Extens\u00e3o I<\/p>\n<\/td>\n<td width=\"94\">\n<p style=\"text-align: center\">T\u00f3picos Especiais em Extens\u00e3o I<\/p>\n<\/td>\n<td width=\"94\">\n<p style=\"text-align: center\">&#8212;<\/p>\n<\/td>\n<td width=\"94\">\n<p style=\"text-align: center\">&#8212;<\/p>\n<\/td>\n<\/tr>\n<tr>\n<td width=\"94\">\n<p style=\"text-align: center\">08h15<\/p>\n<\/td>\n<td width=\"94\">\n<p style=\"text-align: center\">M\u00e9todos e T\u00e9cnicas em Pesquisa em Turismo<\/p>\n<\/td>\n<td width=\"94\">\n<p style=\"text-align: center\">Laborat\u00f3rio de A&amp;B &#8211;\u00a0 Turma A<\/p>\n<\/td>\n<td width=\"94\">\n<p style=\"text-align: center\">Turismo em \u00c1reas Urbanas<\/p>\n<\/td>\n<td width=\"94\">\n<p style=\"text-align: center\">Organiza\u00e7\u00e3o de Eventos<\/p>\n<\/td>\n<td width=\"94\">\n<p style=\"text-align: center\">Ag\u00eancias de viagem e Turismo<\/p>\n<\/td>\n<\/tr>\n<tr>\n<td width=\"94\">\n<p style=\"text-align: center\">09h10<\/p>\n<\/td>\n<td width=\"94\">\n<p style=\"text-align: center\">M\u00e9todos e T\u00e9cnicas em Pesquisa em Turismo<\/p>\n<\/td>\n<td width=\"94\">\n<p style=\"text-align: center\">Laborat\u00f3rio de A&amp;B &#8211; Turma A<\/p>\n<\/td>\n<td width=\"94\">\n<p style=\"text-align: center\">Turismo em \u00c1reas Urbanas<\/p>\n<\/td>\n<td style=\"text-align: center\" width=\"94\">Organiza\u00e7\u00e3o de Eventos<\/td>\n<td width=\"94\">\n<p style=\"text-align: center\">Ag\u00eancias de viagem e Turismo<\/p>\n<\/td>\n<\/tr>\n<tr>\n<td width=\"94\">\n<p style=\"text-align: center\">10h05<\/p>\n<\/td>\n<td width=\"94\">\n<p style=\"text-align: center\">Planejamento Tur\u00edstico<\/p>\n<\/td>\n<td width=\"94\">\n<p style=\"text-align: center\">Laborat\u00f3rio de A&amp;B &#8211; Turma B<\/p>\n<\/td>\n<td width=\"94\">\n<p style=\"text-align: center\">Gamifica\u00e7\u00e3o em Turismo<\/p>\n<\/td>\n<td width=\"94\">\n<p style=\"text-align: center\">Turismo em \u00c1reas Naturais<\/p>\n<\/td>\n<td width=\"94\">\n<p style=\"text-align: center\">L\u00edngua Inglesa I<\/p>\n<\/td>\n<\/tr>\n<tr>\n<td width=\"94\">\n<p style=\"text-align: center\">11h00<\/p>\n<\/td>\n<td width=\"94\">\n<p style=\"text-align: center\">Planejamento Tur\u00edstico<\/p>\n<\/td>\n<td width=\"94\">\n<p style=\"text-align: center\">Laborat\u00f3rio de A&amp;B &#8211; Turma B<\/p>\n<\/td>\n<td width=\"94\">\n<p style=\"text-align: center\">Gamifica\u00e7\u00e3o em Turismo<\/p>\n<\/td>\n<td width=\"94\">\n<p style=\"text-align: center\">Turismo em \u00c1reas Naturais<\/p>\n<\/td>\n<td width=\"94\">\n<p style=\"text-align: center\">L\u00edngua Inglesa I<\/p>\n<\/td>\n<\/tr>\n<\/tbody>\n<\/table>\n<p>&nbsp;<\/p>\n<table>\n<tbody>\n<tr>\n<td colspan=\"6\" width=\"566\">\n<p style=\"text-align: center\"><strong>3\u00ba Ano<\/strong><\/p>\n<\/td>\n<\/tr>\n<tr>\n<td width=\"94\"><\/td>\n<td width=\"94\">\n<p style=\"text-align: center\"><strong>Segunda<\/strong><\/p>\n<\/td>\n<td width=\"94\">\n<p style=\"text-align: center\"><strong>Ter\u00e7a<\/strong><\/p>\n<\/td>\n<td width=\"94\">\n<p style=\"text-align: center\"><strong>Quarta<\/strong><\/p>\n<\/td>\n<td width=\"94\">\n<p style=\"text-align: center\"><strong>Quinta<\/strong><\/p>\n<\/td>\n<td width=\"94\">\n<p style=\"text-align: center\"><strong>Sexta<\/strong><\/p>\n<\/td>\n<\/tr>\n<tr>\n<td width=\"94\">\n<p style=\"text-align: center\">07h20<\/p>\n<\/td>\n<td width=\"94\">\n<p style=\"text-align: center\">&#8212;<\/p>\n<\/td>\n<td width=\"94\">\n<p style=\"text-align: center\">&#8212;<\/p>\n<\/td>\n<td width=\"94\">\n<p style=\"text-align: center\">&#8212;<\/p>\n<\/td>\n<td width=\"94\">\n<p style=\"text-align: center\">T\u00f3picos Especiais em Extens\u00e3o II<\/p>\n<\/td>\n<td width=\"94\">\n<p style=\"text-align: center\">T\u00f3picos Especiais em Extens\u00e3o II<\/p>\n<\/td>\n<\/tr>\n<tr>\n<td width=\"94\">\n<p style=\"text-align: center\">08h15<\/p>\n<\/td>\n<td width=\"94\">\n<p style=\"text-align: center\">Pol\u00edticas P\u00fablicas de Turismo<\/p>\n<\/td>\n<td width=\"94\">\n<p style=\"text-align: center\">Laborat\u00f3rio de Planejamento Tur\u00edstico<\/p>\n<\/td>\n<td width=\"94\">\n<p style=\"text-align: center\">Laborat\u00f3rio de Eventos<\/p>\n<\/td>\n<td width=\"94\">\n<p style=\"text-align: center\">Sustentabilidade<\/p>\n<\/td>\n<td width=\"94\">\n<p style=\"text-align: center\">L\u00edngua Inglesa II<\/p>\n<\/td>\n<\/tr>\n<tr>\n<td width=\"94\">\n<p style=\"text-align: center\">09h10<\/p>\n<\/td>\n<td width=\"94\">\n<p style=\"text-align: center\">Pol\u00edticas P\u00fablicas de Turismo<\/p>\n<\/td>\n<td width=\"94\">\n<p style=\"text-align: center\">Laborat\u00f3rio de Planejamento Tur\u00edstico<\/p>\n<\/td>\n<td width=\"94\">\n<p style=\"text-align: center\">Laborat\u00f3rio de Eventos<\/p>\n<\/td>\n<td width=\"94\">\n<p style=\"text-align: center\">Sustentabilidade<\/p>\n<\/td>\n<td width=\"94\">\n<p style=\"text-align: center\">L\u00edngua Inglesa II<\/p>\n<\/td>\n<\/tr>\n<tr>\n<td width=\"94\">\n<p style=\"text-align: center\">10h05<\/p>\n<\/td>\n<td width=\"94\">\n<p style=\"text-align: center\">M\u00e9todos Qualiquantitativos<\/p>\n<\/td>\n<td width=\"94\">\n<p style=\"text-align: center\">TDIC&#8217;s em Turismo<\/p>\n<\/td>\n<td width=\"94\">\n<p style=\"text-align: center\">Pr\u00e1ticas Empreendedoras e Inova\u00e7\u00e3o em Turismo<\/p>\n<\/td>\n<td width=\"94\">\n<p style=\"text-align: center\">Marketing de Destinos<\/p>\n<\/td>\n<td width=\"94\">\n<p style=\"text-align: center\">&#8212;<\/p>\n<\/td>\n<\/tr>\n<tr>\n<td width=\"94\">\n<p style=\"text-align: center\">11h00<\/p>\n<\/td>\n<td width=\"94\">\n<p style=\"text-align: center\">M\u00e9todos Qualiquantitativos<\/p>\n<\/td>\n<td width=\"94\">\n<p style=\"text-align: center\">TDIC&#8217;s em Turismo<\/p>\n<\/td>\n<td width=\"94\">\n<p style=\"text-align: center\">Pr\u00e1ticas Empreendedoras e Inova\u00e7\u00e3o em Turismo<\/p>\n<\/td>\n<td width=\"94\">\n<p style=\"text-align: center\">Marketing de Destinos<\/p>\n<\/td>\n<td width=\"94\">\n<p style=\"text-align: center\">&#8212;<\/p>\n<\/td>\n<\/tr>\n<\/tbody>\n<\/table>\n<p>&nbsp;<\/p>\n<p>&nbsp;<\/p>\n<table>\n<tbody>\n<tr>\n<td colspan=\"6\" width=\"566\">\n<p style=\"text-align: center\"><strong>4\u00ba Ano<\/strong><\/p>\n<\/td>\n<\/tr>\n<tr>\n<td width=\"94\"><\/td>\n<td width=\"94\">\n<p style=\"text-align: center\"><strong>Segunda<\/strong><\/p>\n<\/td>\n<td width=\"94\">\n<p style=\"text-align: center\"><strong>Ter\u00e7a<\/strong><\/p>\n<\/td>\n<td width=\"94\">\n<p style=\"text-align: center\"><strong>Quarta<\/strong><\/p>\n<\/td>\n<td width=\"94\">\n<p style=\"text-align: center\"><strong>Quinta<\/strong><\/p>\n<\/td>\n<td width=\"94\">\n<p style=\"text-align: center\"><strong>Sexta<\/strong><\/p>\n<\/td>\n<\/tr>\n<tr>\n<td width=\"94\">\n<p style=\"text-align: center\">07h20<\/p>\n<\/td>\n<td width=\"94\">\n<p style=\"text-align: center\">&#8212;<\/p>\n<\/td>\n<td width=\"94\">\n<p style=\"text-align: center\">Est\u00e1gio<\/p>\n<\/td>\n<td width=\"94\">\n<p style=\"text-align: center\">TCC<\/p>\n<\/td>\n<td width=\"94\">\n<p style=\"text-align: center\">&#8212;<\/p>\n<\/td>\n<td width=\"94\">\n<p style=\"text-align: center\">Est\u00e1gio<\/p>\n<\/td>\n<\/tr>\n<tr>\n<td width=\"94\">\n<p style=\"text-align: center\">08h15<\/p>\n<\/td>\n<td width=\"94\">\n<p style=\"text-align: center\">Legisla\u00e7\u00e3o Aplicada ao Turismo<\/p>\n<\/td>\n<td width=\"94\">\n<p style=\"text-align: center\">\u00c9tica e Responsabilidade Social do Turismo<\/p>\n<\/td>\n<td width=\"94\">\n<p style=\"text-align: center\">Comportamento do Consumidor<\/p>\n<\/td>\n<td width=\"94\">\n<p style=\"text-align: center\">Transportes e Roteiros Tur\u00edsticos<\/p>\n<\/td>\n<td width=\"94\">\n<p style=\"text-align: center\">Legisla\u00e7\u00e3o Aplicada ao Turismo<\/p>\n<\/td>\n<\/tr>\n<tr>\n<td width=\"94\">\n<p style=\"text-align: center\">09h10<\/p>\n<\/td>\n<td width=\"94\">\n<p style=\"text-align: center\">Legisla\u00e7\u00e3o Aplicada ao Turismo<\/p>\n<\/td>\n<td width=\"94\">\n<p style=\"text-align: center\">\u00c9tica e Responsabilidade Social do Turismo<\/p>\n<\/td>\n<td width=\"94\">\n<p style=\"text-align: center\">Comportamento do Consumidor<\/p>\n<\/td>\n<td width=\"94\">\n<p style=\"text-align: center\">Transportes e Roteiros Tur\u00edsticos<\/p>\n<\/td>\n<td width=\"94\">\n<p style=\"text-align: center\">Legisla\u00e7\u00e3o Aplicada ao Turismo<\/p>\n<\/td>\n<\/tr>\n<tr>\n<td width=\"94\">\n<p style=\"text-align: center\">10h05<\/p>\n<\/td>\n<td width=\"94\">\n<p style=\"text-align: center\">Comportamento do Consumidor<\/p>\n<\/td>\n<td width=\"94\">\n<p style=\"text-align: center\">Laborat\u00f3rio de Turismo em \u00c1reas Urbanas<\/p>\n<\/td>\n<td width=\"94\">\n<p style=\"text-align: center\">Transportes e Roteiros Tur\u00edsticos<\/p>\n<\/td>\n<td width=\"94\">\n<p style=\"text-align: center\">\u00c9tica e Responsabilidade Social do Turismo<\/p>\n<\/td>\n<td width=\"94\">\n<p style=\"text-align: center\">Laborat\u00f3rio de Turismo em \u00c1reas Urbanas<\/p>\n<\/td>\n<\/tr>\n<tr>\n<td width=\"94\">\n<p style=\"text-align: center\">11h00<\/p>\n<\/td>\n<td width=\"94\">\n<p style=\"text-align: center\">Comportamento do Consumidor<\/p>\n<\/td>\n<td width=\"94\">\n<p style=\"text-align: center\">Laborat\u00f3rio de Turismo em \u00c1reas Urbanas<\/p>\n<\/td>\n<td width=\"94\">\n<p style=\"text-align: center\">Transportes e Roteiros Tur\u00edsticos<\/p>\n<\/td>\n<td width=\"94\">\n<p style=\"text-align: center\">\u00c9tica e Responsabilidade Social do Turismo<\/p>\n<\/td>\n<td width=\"94\">\n<p style=\"text-align: center\">Laborat\u00f3rio de Turismo em \u00c1reas Urbanas<\/p>\n<\/td>\n<\/tr>\n<\/tbody>\n<\/table>\n<p>As informa\u00e7\u00f5es completas sobre as disciplinas e carga hor\u00e1ria podem ser encontradas <a href=\"https:\/\/www2.uepg.br\/prograd\/wp-content\/uploads\/sites\/19\/2023\/08\/MATRIZ-CURRICULAR_Bacharelado-em-TURISMO_2023-pag.UEPG_.pdf\">clicando aqui.<\/a><\/p>\n","protected":false},"excerpt":{"rendered":"<p>2026 1\u00ba Ano Segunda Ter\u00e7a Quarta Quinta Sexta 07h20 &#8212; &#8212; &#8212; &#8212; &#8212; 08h15 Administra\u00e7\u00e3o Aplicada ao Turismo TGT Aspectos Econ\u00f4micos do Turismo Leitura e Produ\u00e7\u00e3o de Texto Turismo e Comunica\u00e7\u00e3o 09h10 Administra\u00e7\u00e3o Aplicada ao Turismo TGT Aspectos Econ\u00f4micos do Turismo Leitura e Produ\u00e7\u00e3o de Texto Turismo e Comunica\u00e7\u00e3o 10h05 Geografia Aplicada ao Turismo&nbsp;&hellip;<\/p>\n","protected":false},"author":64,"featured_media":0,"parent":0,"menu_order":0,"comment_status":"closed","ping_status":"closed","template":"","meta":[],"_links":{"self":[{"href":"https:\/\/www2.uepg.br\/turismo\/wp-json\/wp\/v2\/pages\/298"}],"collection":[{"href":"https:\/\/www2.uepg.br\/turismo\/wp-json\/wp\/v2\/pages"}],"about":[{"href":"https:\/\/www2.uepg.br\/turismo\/wp-json\/wp\/v2\/types\/page"}],"author":[{"embeddable":true,"href":"https:\/\/www2.uepg.br\/turismo\/wp-json\/wp\/v2\/users\/64"}],"replies":[{"embeddable":true,"href":"https:\/\/www2.uepg.br\/turismo\/wp-json\/wp\/v2\/comments?post=298"}],"version-history":[{"count":9,"href":"https:\/\/www2.uepg.br\/turismo\/wp-json\/wp\/v2\/pages\/298\/revisions"}],"predecessor-version":[{"id":1763,"href":"https:\/\/www2.uepg.br\/turismo\/wp-json\/wp\/v2\/pages\/298\/revisions\/1763"}],"wp:attachment":[{"href":"https:\/\/www2.uepg.br\/turismo\/wp-json\/wp\/v2\/media?parent=298"}],"curies":[{"name":"wp","href":"https:\/\/api.w.org\/{rel}","templated":true}]}}