{"id":384,"date":"2020-05-31T16:11:36","date_gmt":"2020-05-31T19:11:36","guid":{"rendered":"http:\/\/www2.uepg.br\/turismo\/?page_id=384"},"modified":"2021-05-03T20:32:38","modified_gmt":"2021-05-03T23:32:38","slug":"ex-alunos","status":"publish","type":"page","link":"https:\/\/www2.uepg.br\/turismo\/ex-alunos\/","title":{"rendered":"EX ALUNOS"},"content":{"rendered":"<div id=\"pl-384\"  class=\"panel-layout\" ><div id=\"pg-384-0\"  class=\"panel-grid panel-no-style\" ><div id=\"pgc-384-0-0\"  class=\"panel-grid-cell\" ><div id=\"panel-384-0-0-0\" class=\"so-panel widget widget_sow-editor panel-first-child panel-last-child\" data-index=\"0\" ><div\n\t\t\t\n\t\t\tclass=\"so-widget-sow-editor so-widget-sow-editor-base\"\n\t\t\t\n\t\t><h3 class=\"widget-title\">Ex Alunos<\/h3>\n<div class=\"siteorigin-widget-tinymce textwidget\">\n\t<div>Espa\u00e7o dedicado a todas(os) que passaram por aqui!<\/div>\n<p>Envie uma mensagem para o e-mail: <strong>lbaptista@uepg<\/strong><strong>.br<\/strong> com o seu depoimento sobre como foi o curso, comente sobre o que anda fazendo ou simplesmente mande not\u00edcias!!!!<\/p>\n<hr \/>\n<p><em>\"Buenas a todos! Comecei com a 3\u00aa e finalizei o curso com a 5\u00aa turma (isso \u00e9 que \u00e9 paix\u00e3o por um curso, hein? rs...) Viajei sul e sudeste brasileiro divulgando o nome do curso, da regi\u00e3o e da UEPG em eventos nacionais e internacionais. Desbravei os Campos Gerais em busca de conviv\u00eancia imersiva com a popula\u00e7\u00e3o local e com suas mais variadas e pitorescas paisagens... cachoeiras, c\u00e2nions, igrejas, museus, fazendas, assentamentos rurais, favelas, cap\u00f5es, campinas, furnas, mirantes naturais e constru\u00eddos... Conheci caboclos, eslavos, her\u00f3is de guerra e at\u00e9 tropeiros. Tudo isso devido ao fato de ter cursado esta prof\u00edcua academia repleta de professores que sempre instigaram e desafiaram nossos sonhos e de amigos que estiveram pr\u00f3ximos nas muitas alegrias e nas adversidades inerentes \u00e0 nossa evolu\u00e7\u00e3o. Na atualidade, sou agente de viagens, operador e guia de turismo internacional da empresa\u00a0<a href=\"http:\/\/interculturismo.blogspot.com\/\">Interculturismo Viagens e Excurs\u00f5es<\/a>. Eventualmente presto consultoria para empresas privadas da \u00e1rea. Fa\u00e7o p\u00f3s-gradua\u00e7\u00e3o na UFPR em Planejamento e Gest\u00e3o do Turismo.<\/em><\/p>\n<p><em>Parab\u00e9ns a todos aqueles que fizeram, fazem e far\u00e3o parte desta fam\u00edlia! Vai turismo!!!\"<\/em><\/p>\n<p style=\"text-align: right\"><strong>Francis Tadeu de Godoy Mariano Leite<\/strong><\/p>\n<hr \/>\n<div>\n<div><i>\"Assim como o Ricardo, tamb\u00e9m sou egressa da primeira turma, o come\u00e7o dessa hist\u00f3ria! Foram quatro anos buscando conquistar nosso espa\u00e7o dentro da UEPG e perante o setor tur\u00edstico em Ponta Grossa, mas esse esfor\u00e7o valeu \u00e0 pena e hoje podemos repartir com os alunos, ex-alunos, colegas e professores o resultado desse processo. Lembro da primeira SESTUR (e da briga pelo nome), do concurso para a escolha da logo, da nossa luta para trazer a Jasmine e manter a Profa M\u00e1rcia conosco, das reuni\u00f5es na primeira sala da Coordena\u00e7\u00e3o naquela salinha min\u00fascula no fim do corredor e da inaugura\u00e7\u00e3o da nossa sala de inform\u00e1tica com tr\u00eas (!!!) computadores. Fico feliz com as conquistas do curso e mais feliz ainda por ter feito parte delas, afinal tudo o que passamos nos faz sermos profissionais reconhecidos hoje, vide meus colegas que hoje lecionam na UEPG e em outras Universidades e est\u00e3o atuantes no mercado. Hoje sou doutoranda em Administra\u00e7\u00e3o, professora do Curso de Turismo da PUCPR e sempre procuro partilhar minhas experi\u00eancias dessa \u00e9poca em que \u00e9ramos felizes, sab\u00edamos e aproveit\u00e1vamos!\"<\/i><\/div>\n<\/div>\n<div>\n<div style=\"text-align: right\">\u00a0<b>Fab\u00edola Bevervan\u00e7o Zdepski<\/b><\/div>\n<div>\n<hr \/>\n<div>\n<div>\"<i>Como ex-aluno da primeira turma, fico imensamente feliz pela iniciativa do blog... ter sido aluno da primeira turma me faz ter orgulho das conquistas adquiridas pelo curso de turismo da UEPG que hoje \u00e9 uma refer\u00eancia no ensino do turismo no sul e no Brasil! Acredito que tal valoriza\u00e7\u00e3o reflete-se na qualidade dos profissionais formados, com a consequente inser\u00e7\u00e3o nos mais diferentes setores do turismo no Brasil e no mundo. No meu caso, especificamente, desde o 2\u00b0 ano do curso, sempre trabalhei na \u00e1rea, passando pelas mais diversas\u00a0 fun\u00e7\u00f5es inerentes a um bacharel, tendo adquirido experiencias nacionais e internacionais! Atualmente encontro-me em Teresina (PI), onde fui coordenador de uma faculdade particular e agora cumprindo meu aviso pr\u00e9vio e finalizando meu mestrado para que, caso Deus permita, voltar para o Paran\u00e1 ou ao menos mais pr\u00f3ximo dele. Claro que nessa evolu\u00e7\u00e3o profissional, n\u00e3o poderia deixar de citar a import\u00e2ncia de profissionais tais como M\u00e1rcia Dropa, Paulo Stakowiaski (eh esse o sobrenome dele mesmo?) e Luiz Fernando de Sousa na minha forma\u00e7\u00e3o acad\u00eamica.\u00a0 Resumindo... sou Bacharel em Turismo, formado na UEPG e morro de orgulho, tanto de minha gradua\u00e7\u00e3o, como da IES que me concedeu tal forma\u00e7\u00e3o!! E, como dizia o coro da nossa primeira participa\u00e7\u00e3o na gincana intercursos... \"n\u00f3is \u00e9 n\u00f3is e o resto eh bosta...TURISMO PONTA GROSSA!!\"<\/i><br \/><i>Felicidades a todos... saudades imensas! Suce$$o... sempre!!! \"<\/i><\/div>\n<div style=\"text-align: right\"><strong>Ricardo Gomes Ramos\u00a0<\/strong><\/div>\n<\/div>\n<\/div>\n<\/div>\n<\/div>\n<\/div><\/div><\/div><\/div><\/div>","protected":false},"excerpt":{"rendered":"<p>Espa\u00e7o dedicado a todas(os) que passaram por aqui! Envie uma mensagem para o e-mail: lbaptista@uepg.br com o seu depoimento sobre como foi o curso, comente sobre o que anda fazendo ou simplesmente mande not\u00edcias!!!! &#8220;Buenas a todos! Comecei com a 3\u00aa e finalizei o curso com a 5\u00aa turma (isso \u00e9 que \u00e9 paix\u00e3o por&nbsp;&hellip;<\/p>\n","protected":false},"author":64,"featured_media":0,"parent":0,"menu_order":0,"comment_status":"closed","ping_status":"closed","template":"","meta":[],"_links":{"self":[{"href":"https:\/\/www2.uepg.br\/turismo\/wp-json\/wp\/v2\/pages\/384"}],"collection":[{"href":"https:\/\/www2.uepg.br\/turismo\/wp-json\/wp\/v2\/pages"}],"about":[{"href":"https:\/\/www2.uepg.br\/turismo\/wp-json\/wp\/v2\/types\/page"}],"author":[{"embeddable":true,"href":"https:\/\/www2.uepg.br\/turismo\/wp-json\/wp\/v2\/users\/64"}],"replies":[{"embeddable":true,"href":"https:\/\/www2.uepg.br\/turismo\/wp-json\/wp\/v2\/comments?post=384"}],"version-history":[{"count":7,"href":"https:\/\/www2.uepg.br\/turismo\/wp-json\/wp\/v2\/pages\/384\/revisions"}],"predecessor-version":[{"id":1180,"href":"https:\/\/www2.uepg.br\/turismo\/wp-json\/wp\/v2\/pages\/384\/revisions\/1180"}],"wp:attachment":[{"href":"https:\/\/www2.uepg.br\/turismo\/wp-json\/wp\/v2\/media?parent=384"}],"curies":[{"name":"wp","href":"https:\/\/api.w.org\/{rel}","templated":true}]}}