{"id":84,"date":"2019-06-19T14:24:38","date_gmt":"2019-06-19T17:24:38","guid":{"rendered":"http:\/\/www2.uepg.br\/turismo\/?page_id=84"},"modified":"2024-07-02T19:37:42","modified_gmt":"2024-07-02T22:37:42","slug":"colegiado","status":"publish","type":"page","link":"https:\/\/www2.uepg.br\/turismo\/colegiado\/","title":{"rendered":"COLEGIADO"},"content":{"rendered":"<p style=\"text-align: justify\"><strong>Prof. Dr. Luiz Fernando de Souza (Presidente do Colegiado)<\/strong><\/p>\n<p style=\"text-align: justify\">Doutor em Engenharia de Produ\u00e7\u00e3o (UFSC), Mestre em Turismo e Hotelaria (UNIVALI) e Bacharel em Turismo pela Universidade Estadual de Ponta Grossa (2001). L\u00edder do Centro de estudos em Ordena\u00e7\u00e3o Territorial e Competitividade em Turismo. Professor e pesquisador do Departamento de Turismo da Universidade Estadual de Ponta Grossa.<\/p>\n<p style=\"text-align: justify\"><strong>Prof\u00aa. Dr\u00aa. Larissa Mongruel Martins de Lara (Vice-Presidente do Colegiado)<\/strong><\/p>\n<p style=\"text-align: justify\">Graduada em Bacharelado em Turismo pela Universidade Estadual de Ponta Grossa, Mestre em Engenharia de Produ\u00e7\u00e3o (UTFPR) e Doutora em Administra\u00e7\u00e3o pela Universidade Positivo. Atualmente \u00e9 professora adjunto da Universidade Estadual de Ponta Grossa.<\/p>\n<p style=\"text-align: justify\"><strong>Prof. Dr. Leandro Baptista (Presidente do NDE)<\/strong><\/p>\n<p style=\"text-align: justify\">Professor Adjunto no curso de Turismo da Universidade Estadual de Ponta Grossa (UEPG); \u00e9 L\u00edder do Grupo de Pesquisa em\u00a0 Novas tecnologias aplicadas ao desenvolvimento do turismo: impactos nos destinos tur\u00edsticos inteligentes, educa\u00e7\u00e3o, conserva\u00e7\u00e3o e experi\u00eancia dos visitantes (UEPG), possui linha de pesquisa em <em>GameStudies,<\/em> pesquisador do Laborat\u00f3rio de Turismo em \u00c1reas Naturais (LabTAN\/UEPG) e do Grupo de Pesquisa Ordena\u00e7\u00e3o Territorial e Competitividade em Turismo (UEPG). Doutor em Geografia pela Universidade Estadual de Ponta Grossa, Mestre em Gest\u00e3o do Territ\u00f3rio (UEPG), Especialista em Gest\u00e3o em Sa\u00fade (UAB\/UEPG) e Bacharel em Turismo (UEPG\/2008).<\/p>\n<p style=\"text-align: justify\"><strong>Prof\u00aa. Dr\u00aa. Mirna de Lima Medeiros (Coordenadora de Est\u00e1gio)<\/strong><\/p>\n<p style=\"text-align: justify\">Professora Adjunta no curso de Turismo da Universidade Estadual de Ponta Grossa (UEPG); \u00e9 L\u00edder do Centro de estudos em gest\u00e3o estrat\u00e9gica de marketing em Turismo (MarkTur\/UEPG) e Pesquisadora do Centro de Estudos em Gest\u00e3o e Pol\u00edticas P\u00fablicas Contempor\u00e2neas (GPublic\/ USP) e do Grupo de Pesquisa Ordena\u00e7\u00e3o Territorial e Competitividade em Turismo (UEPG). Doutora em Administra\u00e7\u00e3o de Organiza\u00e7\u00f5es da Faculdade de Economia, Administra\u00e7\u00e3o e Contabilidade de Ribeir\u00e3o Preto, da Universidade de S\u00e3o Paulo (FEA-RP\/ USP). Especialista em Gest\u00e3o P\u00fablica pela Escola T\u00e9cnica e de Gest\u00e3o da Universidade de S\u00e3o Paulo. Mestre em Ci\u00eancias pelo Programa de P\u00f3s-Gradua\u00e7\u00e3o em Administra\u00e7\u00e3o de Organiza\u00e7\u00f5es da Faculdade de Economia, Administra\u00e7\u00e3o e Contabilidade de Ribeir\u00e3o Preto, da Universidade de S\u00e3o Paulo (FEA-RP\/ USP). Graduada em Turismo pela Universidade Federal de Minas Gerais (2008).<\/p>\n<p style=\"text-align: justify\"><strong>Prof\u00aa. Dr\u00aa. Jasmine Cardozo Moreira<\/strong><\/p>\n<p style=\"text-align: justify\">\u00c9 professora associada da Universidade Estadual de Ponta Grossa, no curso de Bacharelado em Turismo e P\u00f3s Gradua\u00e7\u00e3o em Gest\u00e3o do Territ\u00f3rio (mestrado) e Geografia (doutorado) e tamb\u00e9m professora assistente adjunta (visitante), na Universidade de West Virginia, nos Estados Unidos, onde desenvolve pesquisas em parceria com o Servi\u00e7o Florestal Americano. Possui gradua\u00e7\u00e3o em Bacharelado em Turismo pela Universidade Federal do Paran\u00e1, especializa\u00e7\u00e3o em Ecoturismo, mestrado em Turismo e Hotelaria pela Universidade do Vale do Itaja\u00ed, doutorado em Geografia pela UFSC e p\u00f3s-doutorado pelas Universidades de Zaragoza (Espanha) e West Virginia (Estados Unidos), com bolsa da CAPES.\u00c9 coordenadora do LABTAN \u2013 Laborat\u00f3rio de Turismo em \u00c1reas Naturais e avaliadora de cursos de gradua\u00e7\u00e3o da \u00e1rea de Turismo designada pelo MEC. \u00c9 membro da Academia Internacional para o Desenvolvimento da Pesquisa em Turismo no Brasil (International Academy for the Development of Tourism Research in Brazil), do Conselho Mundial de Turismo Sustent\u00e1vel (Global Sustainable Tourism Council), do Grupo Tapas (Tourism and Protected Areas Specialist Group), e da WCPA (Comiss\u00e3o Mundial de \u00e1reas protegidas) da IUCN (Uni\u00e3o Internacional para Conserva\u00e7\u00e3o da Natureza).<\/p>\n<p style=\"text-align: justify\"><strong>Prof. Me. Paulo Roberto Baptista Stachowiak<\/strong><\/p>\n<p style=\"text-align: justify\">Possui gradua\u00e7\u00e3o em Educa\u00e7\u00e3o F\u00edsica pela Universidade Estadual de Ponta Grossa (1987) e Mestrado em Turismo e Hotelaria pela Universidade do Vale do Itaja\u00ed (2004). Atualmente \u00e9 professor Assistente da Universidade Estadual de Ponta Grossa.<\/p>\n<p style=\"text-align: justify\"><strong>Prof. Me. Everson Manjinski<\/strong><\/p>\n<p style=\"text-align: justify\">Professor assistente da Universidade Estadual de Ponta Grossa, Doutorando em Educa\u00e7\u00e3o pelo Programa de P\u00f3s-Gradua\u00e7\u00e3o em Educa\u00e7\u00e3o da UEPG, Mestre em Ci\u00eancias Sociais Aplicadas e Mestre em Direito. Autor de v\u00e1rios livros e artigos. Integrante do Grupo de Pesquisa Pol\u00edticas p\u00fablicas, educa\u00e7\u00e3o permanente e pr\u00e1ticas educacionais de jovens, adultos e idosos. Tem experi\u00eancia na \u00e1rea de Educa\u00e7\u00e3o Superior.<\/p>\n<p style=\"text-align: justify\"><strong>Prof. Dr\u00aa Isabel Cristina Vollet Marson<\/strong><\/p>\n<p style=\"text-align: justify\">Licenciada em Letras Portugu\u00eas-Ingl\u00eas pela Universidade Estadual de Ponta Grossa (2002), Especialista em Ensino-Aprendizagem de L\u00ednguas Estrangeiras (2004) pela mesma universidade, Mestre em Educa\u00e7\u00e3o pela Universidade Tuiuti do Paran\u00e1 (2007) e Doutora em Letras pelo Programa de P\u00f3s-gradua\u00e7\u00e3o em Letras da Universidade Federal do Paran\u00e1 (2019). Coordenadora do projeto de pesquisa continuada &#8220;Forma\u00e7\u00e3o de Professores, Multiletramentos e Ingl\u00eas como L\u00edngua Franca&#8221;.<\/p>\n<div><span style=\"color: #ffffff\">i<\/span><\/div>\n<p><strong>Natali Calderari\u00a0\u2013 Representante Discentes<\/strong><\/p>\n<p><strong>Barbara Gabriele Alves da Silva\u00a0\u2013 Suplente Discentes<\/strong><\/p>\n","protected":false},"excerpt":{"rendered":"<p>Prof. Dr. Luiz Fernando de Souza (Presidente do Colegiado) Doutor em Engenharia de Produ\u00e7\u00e3o (UFSC), Mestre em Turismo e Hotelaria (UNIVALI) e Bacharel em Turismo pela Universidade Estadual de Ponta Grossa (2001). L\u00edder do Centro de estudos em Ordena\u00e7\u00e3o Territorial e Competitividade em Turismo. Professor e pesquisador do Departamento de Turismo da Universidade Estadual de&nbsp;&hellip;<\/p>\n","protected":false},"author":24,"featured_media":0,"parent":0,"menu_order":0,"comment_status":"closed","ping_status":"closed","template":"","meta":[],"_links":{"self":[{"href":"https:\/\/www2.uepg.br\/turismo\/wp-json\/wp\/v2\/pages\/84"}],"collection":[{"href":"https:\/\/www2.uepg.br\/turismo\/wp-json\/wp\/v2\/pages"}],"about":[{"href":"https:\/\/www2.uepg.br\/turismo\/wp-json\/wp\/v2\/types\/page"}],"author":[{"embeddable":true,"href":"https:\/\/www2.uepg.br\/turismo\/wp-json\/wp\/v2\/users\/24"}],"replies":[{"embeddable":true,"href":"https:\/\/www2.uepg.br\/turismo\/wp-json\/wp\/v2\/comments?post=84"}],"version-history":[{"count":19,"href":"https:\/\/www2.uepg.br\/turismo\/wp-json\/wp\/v2\/pages\/84\/revisions"}],"predecessor-version":[{"id":1630,"href":"https:\/\/www2.uepg.br\/turismo\/wp-json\/wp\/v2\/pages\/84\/revisions\/1630"}],"wp:attachment":[{"href":"https:\/\/www2.uepg.br\/turismo\/wp-json\/wp\/v2\/media?parent=84"}],"curies":[{"name":"wp","href":"https:\/\/api.w.org\/{rel}","templated":true}]}}