{"id":89,"date":"2019-06-19T14:30:16","date_gmt":"2019-06-19T17:30:16","guid":{"rendered":"http:\/\/www2.uepg.br\/turismo\/?page_id=89"},"modified":"2021-04-29T19:06:39","modified_gmt":"2021-04-29T22:06:39","slug":"pesquisa","status":"publish","type":"page","link":"https:\/\/www2.uepg.br\/turismo\/pesquisa\/","title":{"rendered":"PESQUISA"},"content":{"rendered":"<h2 style=\"text-align: center\" align=\"left\"><span style=\"text-decoration: underline;color: #333333\"><strong>GRUPOS DE PESQUISA<\/strong><\/span><\/h2>\n<p align=\"left\"><img loading=\"lazy\" class=\"wp-image-977 aligncenter\" src=\"http:\/\/www2.uepg.br\/turismo\/wp-content\/uploads\/sites\/21\/2020\/11\/EPIC-GS-colorido-sem-fundo-257x300.png\" alt=\"\" width=\"214\" height=\"249\" srcset=\"https:\/\/www2.uepg.br\/turismo\/wp-content\/uploads\/sites\/21\/2020\/11\/EPIC-GS-colorido-sem-fundo-257x300.png 257w, https:\/\/www2.uepg.br\/turismo\/wp-content\/uploads\/sites\/21\/2020\/11\/EPIC-GS-colorido-sem-fundo-878x1024.png 878w, https:\/\/www2.uepg.br\/turismo\/wp-content\/uploads\/sites\/21\/2020\/11\/EPIC-GS-colorido-sem-fundo-768x896.png 768w, https:\/\/www2.uepg.br\/turismo\/wp-content\/uploads\/sites\/21\/2020\/11\/EPIC-GS-colorido-sem-fundo-1232x1438.png 1232w, https:\/\/www2.uepg.br\/turismo\/wp-content\/uploads\/sites\/21\/2020\/11\/EPIC-GS-colorido-sem-fundo-926x1080.png 926w, https:\/\/www2.uepg.br\/turismo\/wp-content\/uploads\/sites\/21\/2020\/11\/EPIC-GS-colorido-sem-fundo.png 1246w\" sizes=\"(max-width: 214px) 100vw, 214px\" \/><\/p>\n<p align=\"left\"><strong>Estudos, Pesquisa, Investiga\u00e7\u00e3o e Conhecimento em GameStudies &#8211; EPIC GameStudies<\/strong><\/p>\n<p align=\"left\"><strong>Repercuss\u00f5es dos trabalhos do grupo<\/strong><br \/>\nO grupo possui duas linhas de pesquisa, intituladas GameStudies e Gamefica\u00e7\u00e3o e Desenvolvimento. A primeira caracteriza-se por ser multidisciplinar e tem como objetivo o estudo os jogos, estudo dos jogadores e o estudo dos contextos que envolvem ambos \u2013 jogos e jogadores, que s\u00e3o mutuamente complementares, interativos e constitu\u00eddos por processos volunt\u00e1rios, com m\u00faltiplas manifesta\u00e7\u00f5es, teorias, m\u00e9todos e terminologia. A segunda se relaciona ao uso de mec\u00e2nicas e caracter\u00edsticas de jogos para estimular, engajar e motivar comportamentos onde as pessoas, em situa\u00e7\u00f5es reais, s\u00e3o estimuladas a se comportarem de acordo com objetivos definidos em seu planejamento. Nessa estrat\u00e9gia, v\u00e1rios elementos caracter\u00edsticos de jogos (sistema de pontua\u00e7\u00e3o, ranking, objetivos, recompensas, etc) podem ser usados para atrair e engajar pessoas, promover o destino e motivar a\u00e7\u00f5es dos turistas e visitantes.<\/p>\n<p><strong>Nome das Linhas de Pesquisa:<br \/>\n<\/strong>GameStudies<br \/>\nGamefica\u00e7\u00e3o e Desenvolvimento<\/p>\n<p><strong>L\u00edder do Grupo:<br \/>\n<\/strong>Leandro Baptista<\/p>\n<p><strong>Pesquisadores:<br \/>\n<\/strong>Diego Geovan dos Reis<br \/>\nLeandro Baptista<br \/>\nNatali Calderari<\/p>\n<p>Diret\u00f3rio CNPq: <a href=\"http:\/\/dgp.cnpq.br\/dgp\/espelhogrupo\/628286\">http:\/\/dgp.cnpq.br\/dgp\/espelhogrupo\/628286<\/a><\/p>\n<p>Site pr\u00f3prio: <a href=\"https:\/\/epicgs.wixsite.com\/epicgs\">https:\/\/epicgs.wixsite.com\/epicgs<\/a><\/p>\n<hr \/>\n<p><img loading=\"lazy\" class=\" wp-image-563 aligncenter\" src=\"http:\/\/www2.uepg.br\/turismo\/wp-content\/uploads\/sites\/21\/2020\/06\/labtan-300x99.png\" alt=\"\" width=\"448\" height=\"148\" srcset=\"https:\/\/www2.uepg.br\/turismo\/wp-content\/uploads\/sites\/21\/2020\/06\/labtan-300x99.png 300w, https:\/\/www2.uepg.br\/turismo\/wp-content\/uploads\/sites\/21\/2020\/06\/labtan-768x253.png 768w, https:\/\/www2.uepg.br\/turismo\/wp-content\/uploads\/sites\/21\/2020\/06\/labtan.png 900w\" sizes=\"(max-width: 448px) 100vw, 448px\" \/><\/p>\n<p><strong>Geoturismo e Geoparks<\/strong><\/p>\n<p><strong>Repercuss\u00f5es dos trabalhos do grupo<br \/>\n<\/strong>O Grupo vem trabalhando em quest\u00f5es ligadas ao Geoturismo, nova modalidade de Turismo em \u00c1reas Naturais, a interpreta\u00e7\u00e3o ambiental, bem como com aspectos relativos a cria\u00e7\u00e3o de Geoparques no Brasil. Al\u00e9m disso, quest\u00f5es ligadas ao Uso P\u00fablico e Monitoramento de impactos de visita\u00e7\u00e3o em \u00e1reas protegidas tamb\u00e9m s\u00e3o objeto de pesquisas.<\/p>\n<p><strong>Nome das Linhas de Pesquisa:<br \/>\n<\/strong>Turismo em \u00c1reas Naturais e Interpreta\u00e7\u00e3o Ambiental<br \/>\nUso P\u00fablico e Monitoramento de Impactos de Visita\u00e7\u00e3o<\/p>\n<p><strong>L\u00edder do grupo:<\/strong><br \/>\nJasmine Cardozo Moreira<\/p>\n<p><strong>Pesquisadores:<br \/>\n<\/strong>Carmen Terezinha Barcellos Lorenci<br \/>\nCristina Covello<br \/>\nFernando Cesar Manosso<br \/>\nGilson Burigo Guimar\u00e3es<br \/>\nJasmine Cardozo Moreira<br \/>\nLa\u00eds Luana Massuqueto<br \/>\nNair Fernanda Burigo Mochiutti<br \/>\nRafael Celestino Soares<br \/>\nRicardo Eust\u00e1quio Fonseca Filho<br \/>\nTatiane Ferrari do Vale<\/p>\n<p>Diret\u00f3rio CNPq: <a href=\"http:\/\/dgp.cnpq.br\/dgp\/espelhogrupo\/20761\">http:\/\/dgp.cnpq.br\/dgp\/espelhogrupo\/20761<\/a><\/p>\n<hr \/>\n<p align=\"left\"><img loading=\"lazy\" class=\" wp-image-563 aligncenter\" src=\"http:\/\/www2.uepg.br\/turismo\/wp-content\/uploads\/sites\/21\/2020\/06\/labtan-300x99.png\" alt=\"\" width=\"448\" height=\"148\" srcset=\"https:\/\/www2.uepg.br\/turismo\/wp-content\/uploads\/sites\/21\/2020\/06\/labtan-300x99.png 300w, https:\/\/www2.uepg.br\/turismo\/wp-content\/uploads\/sites\/21\/2020\/06\/labtan-768x253.png 768w, https:\/\/www2.uepg.br\/turismo\/wp-content\/uploads\/sites\/21\/2020\/06\/labtan.png 900w\" sizes=\"(max-width: 448px) 100vw, 448px\" \/><\/p>\n<p align=\"left\"><strong>Uso p\u00fablico e monitoramento da visita\u00e7\u00e3o<\/strong><\/p>\n<p><strong>Nome das Linhas de Pesquisa:<br \/>\n<\/strong>Turismo, manejo de uso p\u00fablico e a percep\u00e7\u00e3o dos visitantes: Coleta de dados e Pesquisa em \u00e1reas protegidas<\/p>\n<p><strong>L\u00edder do grupo:<br \/>\n<\/strong>Jasmine Cardozo Moreira<\/p>\n<p><strong>Pesquisadores:<br \/>\n<\/strong>Ana Cl\u00e1udia Folmann<br \/>\nEdvaldo Dias da Silva Junior<br \/>\nGabriel Chagas Teod\u00f3zio Prud\u00eancio Coutinho<br \/>\nJasmine Cardozo Moreira<br \/>\nLeandro Baptista<br \/>\nLilian Vieira Miranda Garcia<br \/>\nRafael de Andrade Maio<br \/>\nVal\u00e9ria de Meira Albach<\/p>\n<p>Diret\u00f3rio CNPq: <a href=\"http:\/\/dgp.cnpq.br\/dgp\/espelhogrupo\/186296\">http:\/\/dgp.cnpq.br\/dgp\/espelhogrupo\/186296<\/a><\/p>\n<hr \/>\n<p align=\"left\"><img loading=\"lazy\" class=\"size-medium wp-image-20 aligncenter\" src=\"http:\/\/www2.uepg.br\/turismo\/wp-content\/uploads\/sites\/21\/2019\/06\/marktur-logo-300x186.png\" alt=\"\" width=\"300\" height=\"186\" srcset=\"https:\/\/www2.uepg.br\/turismo\/wp-content\/uploads\/sites\/21\/2019\/06\/marktur-logo-300x186.png 300w, https:\/\/www2.uepg.br\/turismo\/wp-content\/uploads\/sites\/21\/2019\/06\/marktur-logo.png 496w\" sizes=\"(max-width: 300px) 100vw, 300px\" \/><\/p>\n<p align=\"left\"><strong>MARKTUR\/UEPG \u2013 Centro de estudos em gest\u00e3o estrat\u00e9gica e marketing em turismo<\/strong><\/p>\n<p align=\"left\"><strong>Repercuss\u00f5es dos trabalhos do grupo<br \/>\n<\/strong>Pesquisas relacionadas ao consumo tur\u00edstico e gest\u00e3o estrat\u00e9gica em Turismo premiados no F\u00f3rum Internacional de Turismo nos anos de 2015 e 2016. Cap\u00edtulos de livro e artigos publicados em \u00e2mbito nacional e internacional. Apresenta\u00e7\u00e3o de trabalhos e palestras em \u00e2mbito acad\u00eamico e de mercado.<\/p>\n<p><strong>Nome das Linhas de Pesquisa:<br \/>\n<\/strong>Consumo Tur\u00edstico<br \/>\nGest\u00e3o Estrat\u00e9gica em Turismo<br \/>\nMarketing de destinos tur\u00edsticos<\/p>\n<p><strong>L\u00edderes do Grupo:<br \/>\n<\/strong>Graziela Scalise Horodyski<br \/>\nMirna de Lima Medeiros<\/p>\n<p><strong>Pesquisadores:<\/strong><br \/>\nAna\u00efs Kovaleski<br \/>\nDanielle Fernandes Costa Machado<br \/>\nFranciele Cristina Manosso<br \/>\nGraziela Scalise Horodyski<br \/>\nMirna de Lima Medeiros<\/p>\n<p>Diret\u00f3rio CNPq: <a href=\"http:\/\/dgp.cnpq.br\/dgp\/espelhogrupo\/218324\">http:\/\/dgp.cnpq.br\/dgp\/espelhogrupo\/218324<\/a><\/p>\n<hr \/>\n<p align=\"left\"><strong>Ordena\u00e7\u00e3o Territorial e Competitividade em Turismo<\/strong><\/p>\n<p align=\"left\"><strong>Repercuss\u00f5es dos trabalhos do grupo<\/strong><br \/>\nO grupo de pesquisa pretende desenvolver ferramentas metodol\u00f3gicas que possibilitem a ordena\u00e7\u00e3o territorial do territ\u00f3rio tur\u00edstico, buscando a competitividade dos mesmos. Por meio de utiliza\u00e7\u00e3o de estudo te\u00f3ricos metodol\u00f3gicos, buscar-se-\u00e1 a interface da teoria com a pr\u00e1tica atrav\u00e9s a valida\u00e7\u00e3o das metodologias e processos estudos diretamente em empresas tur\u00edsticas, bem como junto ao setor p\u00fablico. Desta maneira tem-se por objetivo alcan\u00e7ar uma tabula\u00e7\u00e3o de dados tanto quantitativo como qualitativo para serem utilizados na pr\u00e1tica da atividade tur\u00edstica local e regional, visando um desenvolvimento do turismo sustent\u00e1vel, por meio do interc\u00e2mbio da universidade e comunidade local e regional, auxiliando a pr\u00e1tica da aprendizagem para o acad\u00eamico, refletindo em um poss\u00edvel aux\u00edlio ao planejamento tur\u00edstico local e regional.<\/p>\n<p><strong>Nome das Linhas de Pesquisa:<br \/>\n<\/strong>Ferramentas para competitividade no turismo<br \/>\nOrdena\u00e7\u00e3o territorial do turismo<\/p>\n<p><strong>L\u00edder do Grupo:<br \/>\n<\/strong>Luiz Fernando de Souza<\/p>\n<p><strong>Pesquisadores:\u00a0<\/strong><br \/>\nFabiana dos Santos Firmino<br \/>\nGraziela Scalise Horodyski<br \/>\nLarissa Mongruel Martins<br \/>\nLuiz Fernando de Souza<br \/>\nMarilene Gusi<br \/>\nMirna de Lima Medeiros<br \/>\nM\u00e1rcia Maria Dropa<br \/>\nR\u00fabia Gisele Tramontin Mascarenhas<\/p>\n<p>Diret\u00f3rio CNPq: <a href=\"http:\/\/dgp.cnpq.br\/dgp\/espelhogrupo\/20136\">http:\/\/dgp.cnpq.br\/dgp\/espelhogrupo\/20136<\/a><\/p>\n","protected":false},"excerpt":{"rendered":"<p>GRUPOS DE PESQUISA Estudos, Pesquisa, Investiga\u00e7\u00e3o e Conhecimento em GameStudies &#8211; EPIC GameStudies Repercuss\u00f5es dos trabalhos do grupo O grupo possui duas linhas de pesquisa, intituladas GameStudies e Gamefica\u00e7\u00e3o e Desenvolvimento. A primeira caracteriza-se por ser multidisciplinar e tem como objetivo o estudo os jogos, estudo dos jogadores e o estudo dos contextos que envolvem&nbsp;&hellip;<\/p>\n","protected":false},"author":24,"featured_media":0,"parent":0,"menu_order":0,"comment_status":"closed","ping_status":"closed","template":"","meta":[],"_links":{"self":[{"href":"https:\/\/www2.uepg.br\/turismo\/wp-json\/wp\/v2\/pages\/89"}],"collection":[{"href":"https:\/\/www2.uepg.br\/turismo\/wp-json\/wp\/v2\/pages"}],"about":[{"href":"https:\/\/www2.uepg.br\/turismo\/wp-json\/wp\/v2\/types\/page"}],"author":[{"embeddable":true,"href":"https:\/\/www2.uepg.br\/turismo\/wp-json\/wp\/v2\/users\/24"}],"replies":[{"embeddable":true,"href":"https:\/\/www2.uepg.br\/turismo\/wp-json\/wp\/v2\/comments?post=89"}],"version-history":[{"count":22,"href":"https:\/\/www2.uepg.br\/turismo\/wp-json\/wp\/v2\/pages\/89\/revisions"}],"predecessor-version":[{"id":1176,"href":"https:\/\/www2.uepg.br\/turismo\/wp-json\/wp\/v2\/pages\/89\/revisions\/1176"}],"wp:attachment":[{"href":"https:\/\/www2.uepg.br\/turismo\/wp-json\/wp\/v2\/media?parent=89"}],"curies":[{"name":"wp","href":"https:\/\/api.w.org\/{rel}","templated":true}]}}