{"id":128,"date":"2021-03-16T09:32:40","date_gmt":"2021-03-16T12:32:40","guid":{"rendered":"https:\/\/www2.uepg.br\/uati\/?page_id=128"},"modified":"2025-07-01T08:18:27","modified_gmt":"2025-07-01T11:18:27","slug":"ucti","status":"publish","type":"page","link":"https:\/\/www2.uepg.br\/uati\/ucti\/","title":{"rendered":"UCTI"},"content":{"rendered":"<p>Em 1994, foi criada a Universidade Continuada para a Terceira Idade (UCTI) para acolher os idosos egressos da UATI que desejam continuar participando das atividades oferecidas pela universidade. A UCTI oferece disciplinas optativas diversificadas que promovem o bem-estar f\u00edsico, cultural e social dos participantes, contribuindo para um envelhecimento ativo e saud\u00e1vel.<\/p>\n<div class=\"ucti-section\">\n<p>As disciplinas optativas dispon\u00edveis atualmente s\u00e3o: Artesanato, Conta\u00e7\u00e3o de Hist\u00f3rias, Dan\u00e7a de Sal\u00e3o, Fitoterapia, Fotografia, Gin\u00e1stica, Hidrogin\u00e1stica e Nata\u00e7\u00e3o, Inform\u00e1tica, Leitura, Line Dance, Pilates I, Pilates Intermedi\u00e1rio, Pilates de Cadeira, Pintura em Tela, Pintura em Tecido, Prosa e Verso, Seresta, Tai-Chi-Chuan, Teatro, Yoga.<\/p>\n<\/div>\n","protected":false},"excerpt":{"rendered":"<p>Em 1994, foi criada a Universidade Continuada para a Terceira Idade (UCTI) para acolher os idosos egressos da UATI que desejam continuar participando das atividades oferecidas pela universidade. A UCTI oferece disciplinas optativas diversificadas que promovem o bem-estar f\u00edsico, cultural e social dos participantes, contribuindo para um envelhecimento ativo e saud\u00e1vel. As disciplinas optativas dispon\u00edveis&nbsp;&hellip;<\/p>\n","protected":false},"author":204,"featured_media":0,"parent":0,"menu_order":0,"comment_status":"closed","ping_status":"closed","template":"","meta":[],"_links":{"self":[{"href":"https:\/\/www2.uepg.br\/uati\/wp-json\/wp\/v2\/pages\/128"}],"collection":[{"href":"https:\/\/www2.uepg.br\/uati\/wp-json\/wp\/v2\/pages"}],"about":[{"href":"https:\/\/www2.uepg.br\/uati\/wp-json\/wp\/v2\/types\/page"}],"author":[{"embeddable":true,"href":"https:\/\/www2.uepg.br\/uati\/wp-json\/wp\/v2\/users\/204"}],"replies":[{"embeddable":true,"href":"https:\/\/www2.uepg.br\/uati\/wp-json\/wp\/v2\/comments?post=128"}],"version-history":[{"count":7,"href":"https:\/\/www2.uepg.br\/uati\/wp-json\/wp\/v2\/pages\/128\/revisions"}],"predecessor-version":[{"id":362,"href":"https:\/\/www2.uepg.br\/uati\/wp-json\/wp\/v2\/pages\/128\/revisions\/362"}],"wp:attachment":[{"href":"https:\/\/www2.uepg.br\/uati\/wp-json\/wp\/v2\/media?parent=128"}],"curies":[{"name":"wp","href":"https:\/\/api.w.org\/{rel}","templated":true}]}}