{"id":137,"date":"2021-03-16T09:33:28","date_gmt":"2021-03-16T12:33:28","guid":{"rendered":"https:\/\/www2.uepg.br\/uati\/?page_id=137"},"modified":"2025-07-01T07:50:36","modified_gmt":"2025-07-01T10:50:36","slug":"guati","status":"publish","type":"page","link":"https:\/\/www2.uepg.br\/uati\/guati\/","title":{"rendered":"GUATI"},"content":{"rendered":"<p>O Gr\u00eamio da Universidade Aberta para a Terceira Idade (GUATI) foi fundado em 06 de novembro de 1992, no mesmo ano em que teve in\u00edcio o \u201cCurso Universidade Aberta para a Terceira Idade\u201d, promovido pela Universidade Estadual de Ponta Grossa (UEPG). Desde ent\u00e3o, o GUATI tem desempenhado um papel fundamental no fortalecimento da participa\u00e7\u00e3o ativa da pessoa idosa no ambiente acad\u00eamico e na sociedade.<\/p>\n<p>Constitu\u00eddo como um espa\u00e7o de integra\u00e7\u00e3o, representatividade e protagonismo dos alunos da UATI\/UEPG, o Gr\u00eamio busca valorizar o envelhecimento ativo por meio de a\u00e7\u00f5es voltadas ao desenvolvimento sociocultural, educativo e comunit\u00e1rio. Entre suas finalidades, destacam-se a promo\u00e7\u00e3o de atividades extracurriculares que complementem a forma\u00e7\u00e3o oferecida pela UATI, a realiza\u00e7\u00e3o de eventos culturais e festivos, bem como a organiza\u00e7\u00e3o de excurs\u00f5es e encontros com grupos da terceira idade de outras regi\u00f5es, fortalecendo o interc\u00e2mbio e o di\u00e1logo interinstitucional.<\/p>\n<p>Al\u00e9m disso, o GUATI atua como agente de difus\u00e3o da proposta da UATI dentro da pr\u00f3pria UEPG e em outras institui\u00e7\u00f5es de ensino superior, estimulando a cria\u00e7\u00e3o de espa\u00e7os similares voltados \u00e0 inclus\u00e3o da popula\u00e7\u00e3o idosa. Tamb\u00e9m coopera com \u00f3rg\u00e3os p\u00fablicos e entidades assistenciais locais, participando de iniciativas voltadas \u00e0 inser\u00e7\u00e3o comunit\u00e1ria e \u00e0 melhoria da qualidade de vida dos idosos no munic\u00edpio e na regi\u00e3o.<\/p>\n<p>Para mais informa\u00e7\u00f5es, entre em contato com T\u00e2nia Lima pelo telefone: (42) 9998-3034<\/p>\n","protected":false},"excerpt":{"rendered":"<p>O Gr\u00eamio da Universidade Aberta para a Terceira Idade (GUATI) foi fundado em 06 de novembro de 1992, no mesmo ano em que teve in\u00edcio o \u201cCurso Universidade Aberta para a Terceira Idade\u201d, promovido pela Universidade Estadual de Ponta Grossa (UEPG). Desde ent\u00e3o, o GUATI tem desempenhado um papel fundamental no fortalecimento da participa\u00e7\u00e3o ativa&nbsp;&hellip;<\/p>\n","protected":false},"author":204,"featured_media":0,"parent":0,"menu_order":0,"comment_status":"closed","ping_status":"closed","template":"","meta":[],"_links":{"self":[{"href":"https:\/\/www2.uepg.br\/uati\/wp-json\/wp\/v2\/pages\/137"}],"collection":[{"href":"https:\/\/www2.uepg.br\/uati\/wp-json\/wp\/v2\/pages"}],"about":[{"href":"https:\/\/www2.uepg.br\/uati\/wp-json\/wp\/v2\/types\/page"}],"author":[{"embeddable":true,"href":"https:\/\/www2.uepg.br\/uati\/wp-json\/wp\/v2\/users\/204"}],"replies":[{"embeddable":true,"href":"https:\/\/www2.uepg.br\/uati\/wp-json\/wp\/v2\/comments?post=137"}],"version-history":[{"count":4,"href":"https:\/\/www2.uepg.br\/uati\/wp-json\/wp\/v2\/pages\/137\/revisions"}],"predecessor-version":[{"id":355,"href":"https:\/\/www2.uepg.br\/uati\/wp-json\/wp\/v2\/pages\/137\/revisions\/355"}],"wp:attachment":[{"href":"https:\/\/www2.uepg.br\/uati\/wp-json\/wp\/v2\/media?parent=137"}],"curies":[{"name":"wp","href":"https:\/\/api.w.org\/{rel}","templated":true}]}}