{"id":278,"date":"2020-03-05T15:38:10","date_gmt":"2020-03-05T18:38:10","guid":{"rendered":"http:\/\/www2.uepg.br\/testes\/?page_id=278"},"modified":"2021-04-26T17:57:02","modified_gmt":"2021-04-26T20:57:02","slug":"estrutura","status":"publish","type":"page","link":"https:\/\/www2.uepg.br\/zootecnia\/estrutura\/","title":{"rendered":"Estrutura"},"content":{"rendered":"<p>O curso de Zootecnia da UEPG conta com seis laborat\u00f3rios, lotados no Departamento de Zootecnia. S\u00e3o eles: Laborat\u00f3rio de Parasitologia Animal e Produ\u00e7\u00e3o Av\u00edcola; Laborat\u00f3rio de Melhoramento Animal; Laborat\u00f3rio de Fauna e Aquicultura; Laborat\u00f3rio de Anatomia e Fisiologia; Laborat\u00f3rio de Nutri\u00e7\u00e3o Animal; Laborat\u00f3rio de Inform\u00e1tica. E ainda, conta com as instala\u00e7\u00f5es do<a href=\"https:\/\/www2.uepg.br\/dezoo\/cmetl\/\"> Centro Mesorregional de Excel\u00eancia em Tecnologia do Leite<\/a>, <a href=\"https:\/\/www3.uepg.br\/propesp-clabmu\/\">Laborat\u00f3rio Multiusu\u00e1rios C-Labmu<\/a> localizados nas depend\u00eancias da universidade. Os alunos t\u00eam aulas pr\u00e1ticas na<a href=\"https:\/\/www2.uepg.br\/dezoo\/fazenda-escola\/\"> Fazenda Escola<\/a>, a qual conta com as seguintes cria\u00e7\u00f5es: Gado leiteiro; ovinos e su\u00ednos. Al\u00e9m disso, nas disciplinas b\u00e1sicas, ofertadas por professores de outro departamentos, h\u00e1 o uso do laborat\u00f3rios dos departamentos.<\/p>\n<p>&nbsp;<\/p>\n<p><a href=\"https:\/\/www2.uepg.br\/bacharelado-zootecnia\/estrutura\/img-20181110-wa0009\/\" rel=\"attachment wp-att-589\"><img loading=\"lazy\" class=\"alignright  wp-image-589\" src=\"http:\/\/www2.uepg.br\/bacharelado-zootecnia\/wp-content\/uploads\/sites\/98\/2021\/04\/IMG-20181110-WA0009-300x225.jpg\" alt=\"\" width=\"320\" height=\"240\" srcset=\"https:\/\/www2.uepg.br\/zootecnia\/wp-content\/uploads\/sites\/98\/2021\/04\/IMG-20181110-WA0009-300x225.jpg 300w, https:\/\/www2.uepg.br\/zootecnia\/wp-content\/uploads\/sites\/98\/2021\/04\/IMG-20181110-WA0009-1024x768.jpg 1024w, https:\/\/www2.uepg.br\/zootecnia\/wp-content\/uploads\/sites\/98\/2021\/04\/IMG-20181110-WA0009-768x576.jpg 768w, https:\/\/www2.uepg.br\/zootecnia\/wp-content\/uploads\/sites\/98\/2021\/04\/IMG-20181110-WA0009.jpg 1152w\" sizes=\"(max-width: 320px) 100vw, 320px\" \/><\/a><\/p>\n<p><a href=\"https:\/\/www2.uepg.br\/bacharelado-zootecnia\/estrutura\/foto-laboratorio-ok\/\"><img loading=\"lazy\" class=\"alignright wp-image-587\" src=\"http:\/\/www2.uepg.br\/bacharelado-zootecnia\/wp-content\/uploads\/sites\/98\/2021\/04\/foto-laboratorio-ok-300x264.jpg\" alt=\"CMETL\" width=\"278\" height=\"245\" srcset=\"https:\/\/www2.uepg.br\/zootecnia\/wp-content\/uploads\/sites\/98\/2021\/04\/foto-laboratorio-ok-300x264.jpg 300w, https:\/\/www2.uepg.br\/zootecnia\/wp-content\/uploads\/sites\/98\/2021\/04\/foto-laboratorio-ok-1024x903.jpg 1024w, https:\/\/www2.uepg.br\/zootecnia\/wp-content\/uploads\/sites\/98\/2021\/04\/foto-laboratorio-ok-768x677.jpg 768w, https:\/\/www2.uepg.br\/zootecnia\/wp-content\/uploads\/sites\/98\/2021\/04\/foto-laboratorio-ok-1536x1354.jpg 1536w, https:\/\/www2.uepg.br\/zootecnia\/wp-content\/uploads\/sites\/98\/2021\/04\/foto-laboratorio-ok-2048x1806.jpg 2048w, https:\/\/www2.uepg.br\/zootecnia\/wp-content\/uploads\/sites\/98\/2021\/04\/foto-laboratorio-ok-1232x1086.jpg 1232w, https:\/\/www2.uepg.br\/zootecnia\/wp-content\/uploads\/sites\/98\/2021\/04\/foto-laboratorio-ok-1225x1080.jpg 1225w\" sizes=\"(max-width: 278px) 100vw, 278px\" \/><\/a><a href=\"https:\/\/www2.uepg.br\/bacharelado-zootecnia\/pagina-inicial\/anato\/\"><img loading=\"lazy\" class=\"alignright wp-image-496\" src=\"http:\/\/www2.uepg.br\/bacharelado-zootecnia\/wp-content\/uploads\/sites\/98\/2021\/04\/anato-225x300.jpg\" alt=\"Laborat\u00f3rio de Anatomia animal\" width=\"192\" height=\"258\" \/><\/a><\/p>\n","protected":false},"excerpt":{"rendered":"<p>O curso de Zootecnia da UEPG conta com seis laborat\u00f3rios, lotados no Departamento de Zootecnia. S\u00e3o eles: Laborat\u00f3rio de Parasitologia Animal e Produ\u00e7\u00e3o Av\u00edcola; Laborat\u00f3rio de Melhoramento Animal; Laborat\u00f3rio de Fauna e Aquicultura; Laborat\u00f3rio de Anatomia e Fisiologia; Laborat\u00f3rio de Nutri\u00e7\u00e3o Animal; Laborat\u00f3rio de Inform\u00e1tica. E ainda, conta com as instala\u00e7\u00f5es do Centro Mesorregional de&nbsp;&hellip;<\/p>\n","protected":false},"author":24,"featured_media":0,"parent":0,"menu_order":0,"comment_status":"closed","ping_status":"closed","template":"","meta":[],"_links":{"self":[{"href":"https:\/\/www2.uepg.br\/zootecnia\/wp-json\/wp\/v2\/pages\/278"}],"collection":[{"href":"https:\/\/www2.uepg.br\/zootecnia\/wp-json\/wp\/v2\/pages"}],"about":[{"href":"https:\/\/www2.uepg.br\/zootecnia\/wp-json\/wp\/v2\/types\/page"}],"author":[{"embeddable":true,"href":"https:\/\/www2.uepg.br\/zootecnia\/wp-json\/wp\/v2\/users\/24"}],"replies":[{"embeddable":true,"href":"https:\/\/www2.uepg.br\/zootecnia\/wp-json\/wp\/v2\/comments?post=278"}],"version-history":[{"count":6,"href":"https:\/\/www2.uepg.br\/zootecnia\/wp-json\/wp\/v2\/pages\/278\/revisions"}],"predecessor-version":[{"id":592,"href":"https:\/\/www2.uepg.br\/zootecnia\/wp-json\/wp\/v2\/pages\/278\/revisions\/592"}],"wp:attachment":[{"href":"https:\/\/www2.uepg.br\/zootecnia\/wp-json\/wp\/v2\/media?parent=278"}],"curies":[{"name":"wp","href":"https:\/\/api.w.org\/{rel}","templated":true}]}}