{"id":281,"date":"2020-03-05T15:39:15","date_gmt":"2020-03-05T18:39:15","guid":{"rendered":"http:\/\/www2.uepg.br\/testes\/?page_id=281"},"modified":"2021-04-26T17:07:24","modified_gmt":"2021-04-26T20:07:24","slug":"perfil-de-formacao","status":"publish","type":"page","link":"https:\/\/www2.uepg.br\/zootecnia\/perfil-de-formacao\/","title":{"rendered":"Perfil de Forma\u00e7\u00e3o"},"content":{"rendered":"<p>POR QUE FAZER ZOOTECNIA?<\/p>\n<p>O Curso de Zootecnia tem como objetivo geral formar profissionais com capacita\u00e7\u00e3o superior para atuar junto aos meios de produ\u00e7\u00e3o, pesquisa, ensino e extens\u00e3o. O maior objetivo do Zootecnista \u00e9 aumentar a produtividade dos animais atrav\u00e9s de conhecimentos em gen\u00e9tica, nutri\u00e7\u00e3o, higiene, pr\u00e1ticas de manejo e bem-estar dos animais adquiridas durante o curso. Al\u00e9m disso, os interesses sociais da comunidade como a sustentabilidade, redu\u00e7\u00e3o dos custos de produ\u00e7\u00e3o e o uso racional dos recursos naturais devem ser atendidos. O Curso tem como finalidade a s\u00f3lida forma\u00e7\u00e3o de conhecimentos cient\u00edficos e tecnol\u00f3gicos no campo da Zootecnia, respeitando valores \u00e9ticos, com vis\u00e3o cr\u00edtica e global das conjunturas econ\u00f4mica, social, pol\u00edtica, ambiental e cultural da regi\u00e3o dos Campos Gerais, no Brasil ou no mundo.<\/p>\n<p>PORQUE FAZER NA UEPG?<\/p>\n<p>A UEPG possui uma Fazenda Escola, a qual d\u00e1 oportunidade ao aluno do Curso de Zootecnia de conhecer as diversas \u00e1reas de cria\u00e7\u00f5es de animais de interesse zoot\u00e9cnico, assim como d\u00e1 suporte para o desenvolvimento de pesquisas cientificas. Apresenta ainda estrutura para a execu\u00e7\u00e3o de projetos de extens\u00e3o, voltados \u00e0 pequenos produtores e uma f\u00e1brica de ra\u00e7\u00e3o, a qual \u00e9 de extrema import\u00e2ncia tanto economicamente quanto didaticamente.<\/p>\n<p>O Curso de Zootecnia da UEPG tem o diferencial em seu curr\u00edculo possuindo disciplinas de est\u00e1gio obrigat\u00f3rio ao longo do curso. Assim, o acad\u00eamico ir\u00e1 vivenciar as pr\u00e1ticas de est\u00e1gio j\u00e1 nos anos iniciais (2\u00ba e 3\u00ba anos) de sua forma\u00e7\u00e3o, atuando em agroind\u00fastrias, agropecu\u00e1rias, al\u00e9m de fazendas e granjas. Atualmente, os est\u00e1gios na regi\u00e3o dos Campos Gerais est\u00e3o dispon\u00edveis nas mais diversas \u00e1reas: bovinos de leite e corte, ovinos, su\u00ednos, frangos de corte e poedeiras, piscicultura, acompanhamento de assist\u00eancia t\u00e9cnica em agropecu\u00e1rias, f\u00e1bricas de ra\u00e7\u00f5es e abatedouros.<\/p>\n<p>A Zootecnia da UEPG possui o curso de Mestrado em Zootecnia (P\u00f3s-Gradua\u00e7\u00e3o) o que permite uma ampla proximidade entre graduandos e p\u00f3s-graduandos. Este contato aumenta a inter-rela\u00e7\u00e3o pessoal com diferentes n\u00edveis de profissionais, maior conhecimento em pesquisas e tecnologias, al\u00e9m de aumentar a capacita\u00e7\u00e3o do zootecnista rec\u00e9m-formado.<\/p>\n<p>Al\u00e9m dos laborat\u00f3rios existentes no Curso de Zootecnia (Anatomia e Fisiologia da Reprodu\u00e7\u00e3o Animal, Aquicultura e Fauna Silvestre, Parasitologia Animal e Produ\u00e7\u00e3o Av\u00edcola, Melhoramento Gen\u00e9tico, Nutri\u00e7\u00e3o Animal e Inform\u00e1tica), os alunos contam com o uso das depend\u00eancias do Laborat\u00f3rio Multiusu\u00e1rio, o qual apresenta equipamentos de \u00faltima gera\u00e7\u00e3o e de alta complexidade, possibilitando uma viv\u00eancia aprofundada nos laborat\u00f3rios e aprendizado em tecnologia de ponta.<\/p>\n<p>O ensino das disciplinas no Curso de Zootecnia e as pesquisas nas diferentes \u00e1reas s\u00e3o realizados por docentes com t\u00edtulo de Doutor, reconhecidos nacionalmente e internacionalmente pela sua qualifica\u00e7\u00e3o profissional. Isso mostra assim o comprometimento do curso na busca por profissionais da mais alta qualidade t\u00e9cnica.<a href=\"https:\/\/www2.uepg.br\/bacharelado-zootecnia\/perfil-de-formacao\/whatsapp-image-2020-10-30-at-09-00-57\/\" rel=\"attachment wp-att-566\"><img loading=\"lazy\" class=\"wp-image-566 alignleft\" src=\"http:\/\/www2.uepg.br\/bacharelado-zootecnia\/wp-content\/uploads\/sites\/98\/2021\/04\/WhatsApp-Image-2020-10-30-at-09.00.57-300x226.jpeg\" alt=\"\" width=\"283\" height=\"212\" srcset=\"https:\/\/www2.uepg.br\/zootecnia\/wp-content\/uploads\/sites\/98\/2021\/04\/WhatsApp-Image-2020-10-30-at-09.00.57-300x226.jpeg 300w, https:\/\/www2.uepg.br\/zootecnia\/wp-content\/uploads\/sites\/98\/2021\/04\/WhatsApp-Image-2020-10-30-at-09.00.57-768x579.jpeg 768w, https:\/\/www2.uepg.br\/zootecnia\/wp-content\/uploads\/sites\/98\/2021\/04\/WhatsApp-Image-2020-10-30-at-09.00.57.jpeg 808w\" sizes=\"(max-width: 283px) 100vw, 283px\" \/><\/a> <a href=\"https:\/\/www2.uepg.br\/bacharelado-zootecnia\/perfil-de-formacao\/whatsapp-image-2020-10-30-at-09-01-21\/\" rel=\"attachment wp-att-567\"><img loading=\"lazy\" class=\"wp-image-567 alignleft\" src=\"http:\/\/www2.uepg.br\/bacharelado-zootecnia\/wp-content\/uploads\/sites\/98\/2021\/04\/WhatsApp-Image-2020-10-30-at-09.01.21-300x225.jpeg\" alt=\"\" width=\"275\" height=\"206\" srcset=\"https:\/\/www2.uepg.br\/zootecnia\/wp-content\/uploads\/sites\/98\/2021\/04\/WhatsApp-Image-2020-10-30-at-09.01.21-300x225.jpeg 300w, https:\/\/www2.uepg.br\/zootecnia\/wp-content\/uploads\/sites\/98\/2021\/04\/WhatsApp-Image-2020-10-30-at-09.01.21.jpeg 720w\" sizes=\"(max-width: 275px) 100vw, 275px\" \/><\/a><\/p>\n<p><a href=\"https:\/\/www2.uepg.br\/bacharelado-zootecnia\/perfil-de-formacao\/whatsapp-image-2020-11-16-at-11-16-08-1\/\" rel=\"attachment wp-att-569\"><img loading=\"lazy\" class=\"size-medium wp-image-569 alignleft\" src=\"http:\/\/www2.uepg.br\/bacharelado-zootecnia\/wp-content\/uploads\/sites\/98\/2021\/04\/WhatsApp-Image-2020-11-16-at-11.16.08-1-300x200.jpeg\" alt=\"\" width=\"300\" height=\"200\" srcset=\"https:\/\/www2.uepg.br\/zootecnia\/wp-content\/uploads\/sites\/98\/2021\/04\/WhatsApp-Image-2020-11-16-at-11.16.08-1-300x200.jpeg 300w, https:\/\/www2.uepg.br\/zootecnia\/wp-content\/uploads\/sites\/98\/2021\/04\/WhatsApp-Image-2020-11-16-at-11.16.08-1-1024x682.jpeg 1024w, https:\/\/www2.uepg.br\/zootecnia\/wp-content\/uploads\/sites\/98\/2021\/04\/WhatsApp-Image-2020-11-16-at-11.16.08-1-768x512.jpeg 768w, https:\/\/www2.uepg.br\/zootecnia\/wp-content\/uploads\/sites\/98\/2021\/04\/WhatsApp-Image-2020-11-16-at-11.16.08-1-1232x821.jpeg 1232w, https:\/\/www2.uepg.br\/zootecnia\/wp-content\/uploads\/sites\/98\/2021\/04\/WhatsApp-Image-2020-11-16-at-11.16.08-1-272x182.jpeg 272w, https:\/\/www2.uepg.br\/zootecnia\/wp-content\/uploads\/sites\/98\/2021\/04\/WhatsApp-Image-2020-11-16-at-11.16.08-1.jpeg 1280w\" sizes=\"(max-width: 300px) 100vw, 300px\" \/><\/a><\/p>\n<p><a href=\"https:\/\/www2.uepg.br\/bacharelado-zootecnia\/perfil-de-formacao\/whatsapp-image-2020-11-16-at-11-16-06\/\" rel=\"attachment wp-att-568\"><img loading=\"lazy\" class=\"size-medium wp-image-568 alignleft\" src=\"http:\/\/www2.uepg.br\/bacharelado-zootecnia\/wp-content\/uploads\/sites\/98\/2021\/04\/WhatsApp-Image-2020-11-16-at-11.16.06-300x200.jpeg\" alt=\"\" width=\"300\" height=\"200\" srcset=\"https:\/\/www2.uepg.br\/zootecnia\/wp-content\/uploads\/sites\/98\/2021\/04\/WhatsApp-Image-2020-11-16-at-11.16.06-300x200.jpeg 300w, https:\/\/www2.uepg.br\/zootecnia\/wp-content\/uploads\/sites\/98\/2021\/04\/WhatsApp-Image-2020-11-16-at-11.16.06-1024x682.jpeg 1024w, https:\/\/www2.uepg.br\/zootecnia\/wp-content\/uploads\/sites\/98\/2021\/04\/WhatsApp-Image-2020-11-16-at-11.16.06-768x512.jpeg 768w, https:\/\/www2.uepg.br\/zootecnia\/wp-content\/uploads\/sites\/98\/2021\/04\/WhatsApp-Image-2020-11-16-at-11.16.06-1232x821.jpeg 1232w, https:\/\/www2.uepg.br\/zootecnia\/wp-content\/uploads\/sites\/98\/2021\/04\/WhatsApp-Image-2020-11-16-at-11.16.06-272x182.jpeg 272w, https:\/\/www2.uepg.br\/zootecnia\/wp-content\/uploads\/sites\/98\/2021\/04\/WhatsApp-Image-2020-11-16-at-11.16.06.jpeg 1280w\" sizes=\"(max-width: 300px) 100vw, 300px\" \/><\/a><\/p>\n","protected":false},"excerpt":{"rendered":"<p>POR QUE FAZER ZOOTECNIA? O Curso de Zootecnia tem como objetivo geral formar profissionais com capacita\u00e7\u00e3o superior para atuar junto aos meios de produ\u00e7\u00e3o, pesquisa, ensino e extens\u00e3o. O maior objetivo do Zootecnista \u00e9 aumentar a produtividade dos animais atrav\u00e9s de conhecimentos em gen\u00e9tica, nutri\u00e7\u00e3o, higiene, pr\u00e1ticas de manejo e bem-estar dos animais adquiridas durante&nbsp;&hellip;<\/p>\n","protected":false},"author":24,"featured_media":0,"parent":0,"menu_order":0,"comment_status":"closed","ping_status":"closed","template":"","meta":[],"_links":{"self":[{"href":"https:\/\/www2.uepg.br\/zootecnia\/wp-json\/wp\/v2\/pages\/281"}],"collection":[{"href":"https:\/\/www2.uepg.br\/zootecnia\/wp-json\/wp\/v2\/pages"}],"about":[{"href":"https:\/\/www2.uepg.br\/zootecnia\/wp-json\/wp\/v2\/types\/page"}],"author":[{"embeddable":true,"href":"https:\/\/www2.uepg.br\/zootecnia\/wp-json\/wp\/v2\/users\/24"}],"replies":[{"embeddable":true,"href":"https:\/\/www2.uepg.br\/zootecnia\/wp-json\/wp\/v2\/comments?post=281"}],"version-history":[{"count":7,"href":"https:\/\/www2.uepg.br\/zootecnia\/wp-json\/wp\/v2\/pages\/281\/revisions"}],"predecessor-version":[{"id":581,"href":"https:\/\/www2.uepg.br\/zootecnia\/wp-json\/wp\/v2\/pages\/281\/revisions\/581"}],"wp:attachment":[{"href":"https:\/\/www2.uepg.br\/zootecnia\/wp-json\/wp\/v2\/media?parent=281"}],"curies":[{"name":"wp","href":"https:\/\/api.w.org\/{rel}","templated":true}]}}