{"id":287,"date":"2020-03-05T16:03:55","date_gmt":"2020-03-05T19:03:55","guid":{"rendered":"http:\/\/www2.uepg.br\/testes\/?page_id=287"},"modified":"2021-04-26T15:51:20","modified_gmt":"2021-04-26T18:51:20","slug":"grade-curricular","status":"publish","type":"page","link":"https:\/\/www2.uepg.br\/zootecnia\/grade-curricular\/","title":{"rendered":"Grade curricular"},"content":{"rendered":"<p>Para completar o curr\u00edculo pleno do curso superior de gradua\u00e7\u00e3o em Zootecnia, o acad\u00eamico dever\u00e1 perfazer um total m\u00ednimo de 4.195 horas, sendo 1.1.139 horas em disciplinas de Forma\u00e7\u00e3o B\u00e1sica Geral, 2.210 horas em disciplinas de Forma\u00e7\u00e3o Espec\u00edfica Profissional, 340 horas em Est\u00e1gio Curricular Supervisionado, 306 horas em disciplinas de Diversifica\u00e7\u00e3o ou Aprofundamento e 200 horas de Atividades Complementares, distribu\u00eddas em, no m\u00ednimo, 05 anos e, no m\u00e1ximo, 07 anos letivos<br \/>\nO curr\u00edculo \u00e9 distribu\u00eddo da seguinte forma:<\/p>\n<table style=\"height: 550px\" width=\"552\">\n<tbody>\n<tr>\n<td style=\"text-align: left\" colspan=\"2\" width=\"403\">\n<h4><span style=\"color: #800080\"><strong>1a S\u00e9rie<\/strong><\/span><\/h4>\n<\/td>\n<\/tr>\n<tr>\n<td style=\"text-align: left\"><strong>Disciplina<\/strong><\/td>\n<td style=\"text-align: left\"><strong>Carga Hor\u00e1ria<\/strong><\/td>\n<\/tr>\n<tr>\n<td style=\"text-align: left\">Anatomia e Morfologia Animal<\/td>\n<td style=\"text-align: left\">68 h<\/td>\n<\/tr>\n<tr>\n<td style=\"text-align: left\">Biof\u00edsica Aplicada \u00e0 Zootecnia<\/td>\n<td style=\"text-align: left\">68 h<\/td>\n<\/tr>\n<tr>\n<td style=\"text-align: left\">Biologia Celular, Tecidual e do Desenvolvimento<\/td>\n<td style=\"text-align: left\">68 h<\/td>\n<\/tr>\n<tr>\n<td style=\"text-align: left\">Fisiologia dos Animais Dom\u00e9sticos<\/td>\n<td style=\"text-align: left\">68 h<\/td>\n<\/tr>\n<tr>\n<td style=\"text-align: left\">Inform\u00e1tica**<\/td>\n<td style=\"text-align: left\">51 h<\/td>\n<\/tr>\n<tr>\n<td style=\"text-align: left\">Introdu\u00e7\u00e3o \u00e0 Zootecnia<\/td>\n<td style=\"text-align: left\">68 h<\/td>\n<\/tr>\n<tr>\n<td style=\"text-align: left\">M\u00e1quinas Agr\u00edcolas e Mecaniza\u00e7\u00e3o Aplicada \u00e0 Zootecnia<\/td>\n<td style=\"text-align: left\">102 h<\/td>\n<\/tr>\n<tr>\n<td style=\"text-align: left\">Matem\u00e1tica<\/td>\n<td style=\"text-align: left\">68 h<\/td>\n<\/tr>\n<tr>\n<td style=\"text-align: left\">Metodologia Cient\u00edfica<\/td>\n<td style=\"text-align: left\">68 h<\/td>\n<\/tr>\n<tr>\n<td style=\"text-align: left\">Morfologia e Fisiologia Vegetal<\/td>\n<td style=\"text-align: left\">68 h<\/td>\n<\/tr>\n<tr>\n<td style=\"text-align: left\">Pedologia<\/td>\n<td style=\"text-align: left\">68 h<\/td>\n<\/tr>\n<tr>\n<td style=\"text-align: left\">Qu\u00edmica e Bioqu\u00edmica Aplicada \u00e0 Zootecnia<\/td>\n<td style=\"text-align: left\">102 h<\/td>\n<\/tr>\n<\/tbody>\n<\/table>\n<hr \/>\n<table style=\"height: 514px\" width=\"574\">\n<tbody>\n<tr>\n<td style=\"text-align: center\" colspan=\"2\" width=\"447\">\n<h4 style=\"text-align: left\"><strong><span style=\"color: #800080\">2a S\u00e9rie<\/span><\/strong><\/h4>\n<\/td>\n<\/tr>\n<tr>\n<td style=\"text-align: left\"><strong>Disciplina<\/strong><\/td>\n<td style=\"text-align: left\"><strong>Carga Hor\u00e1ria<\/strong><\/td>\n<\/tr>\n<tr>\n<td style=\"text-align: left\">Alimentos e Alimenta\u00e7\u00e3o Animal**<\/td>\n<td style=\"text-align: left\">68 h<\/td>\n<\/tr>\n<tr>\n<td style=\"text-align: left\">Est\u00e1gio I \u2013 Inicia\u00e7\u00e3o em Zootecnia<\/td>\n<td style=\"text-align: left\">68 h<\/td>\n<\/tr>\n<tr>\n<td style=\"text-align: left\">Estat\u00edstica e Experimenta\u00e7\u00e3o Zoot\u00e9cnica<\/td>\n<td style=\"text-align: left\">102 h<\/td>\n<\/tr>\n<tr>\n<td style=\"text-align: left\">Fertilidade do Solo e Aduba\u00e7\u00e3o<\/td>\n<td style=\"text-align: left\">68 h<\/td>\n<\/tr>\n<tr>\n<td style=\"text-align: left\">Gen\u00e9tica Animal<\/td>\n<td style=\"text-align: left\">68 h<\/td>\n<\/tr>\n<tr>\n<td style=\"text-align: left\">Imunologia, Profilaxia e Higiene Animal**<\/td>\n<td style=\"text-align: left\">68 h<\/td>\n<\/tr>\n<tr>\n<td style=\"text-align: left\">Instala\u00e7\u00f5es Zoot\u00e9cnicas<\/td>\n<td style=\"text-align: left\">68 h<\/td>\n<\/tr>\n<tr>\n<td style=\"text-align: left\">Microbiologia Zoot\u00e9cnica<\/td>\n<td style=\"text-align: left\">68 h<\/td>\n<\/tr>\n<tr>\n<td style=\"text-align: left\">Nutri\u00e7\u00e3o Animal<\/td>\n<td style=\"text-align: left\">68 h<\/td>\n<\/tr>\n<tr>\n<td style=\"text-align: left\">Parasitologia Aplicada \u00e0 Zootecnia<\/td>\n<td style=\"text-align: left\">68 h<\/td>\n<\/tr>\n<tr>\n<td style=\"text-align: left\">Reprodu\u00e7\u00e3o Animal e Biotecnologia<\/td>\n<td style=\"text-align: left\">102 h<\/td>\n<\/tr>\n<tr>\n<td style=\"text-align: left\">Apicultura ** D<\/td>\n<td style=\"text-align: left\">51 h<\/td>\n<\/tr>\n<tr>\n<td style=\"text-align: left\">Zootecnia alternativa ** D<\/td>\n<td style=\"text-align: left\">51 h<\/td>\n<\/tr>\n<\/tbody>\n<\/table>\n<hr \/>\n<table style=\"height: 644px\" width=\"532\">\n<tbody>\n<tr>\n<td style=\"text-align: left\" colspan=\"2\" width=\"468\">\n<h4><span style=\"color: #800080\"><strong>3a S\u00e9rie<\/strong><\/span><\/h4>\n<\/td>\n<\/tr>\n<tr>\n<td style=\"text-align: left\"><strong>Disciplina<\/strong><\/td>\n<td style=\"text-align: left\"><strong>Carga Hor\u00e1ria<\/strong><\/td>\n<\/tr>\n<tr>\n<td style=\"text-align: left\">Agricultura Aplicada a Produ\u00e7\u00e3o Animal<\/td>\n<td style=\"text-align: left\">68 h<\/td>\n<\/tr>\n<tr>\n<td style=\"text-align: left\">Bioclimatologia Zoot\u00e9cnica*<\/td>\n<td style=\"text-align: left\">51 h<\/td>\n<\/tr>\n<tr>\n<td style=\"text-align: left\">Comportamento e Bem Estar Animal* D<\/td>\n<td style=\"text-align: left\">51 h<\/td>\n<\/tr>\n<tr>\n<td style=\"text-align: left\">Conserva\u00e7\u00e3o de Forragens**<\/td>\n<td style=\"text-align: left\">51 h<\/td>\n<\/tr>\n<tr>\n<td style=\"text-align: left\">Ecologia e Gest\u00e3o Ambiental*<\/td>\n<td style=\"text-align: left\">68 h<\/td>\n<\/tr>\n<tr>\n<td style=\"text-align: left\">Economia Rural**<\/td>\n<td style=\"text-align: left\">51 h<\/td>\n<\/tr>\n<tr>\n<td style=\"text-align: left\">Equideocultura** D<\/td>\n<td style=\"text-align: left\">51 h<\/td>\n<\/tr>\n<tr>\n<td style=\"text-align: left\">Est\u00e1gio II<\/td>\n<td style=\"text-align: left\">68 h<\/td>\n<\/tr>\n<tr>\n<td style=\"text-align: left\">Forragicultura<\/td>\n<td style=\"text-align: left\">68 h<\/td>\n<\/tr>\n<tr>\n<td style=\"text-align: left\">Gen\u00e9tica Molecular Aplicada \u00e0 Produ\u00e7\u00e3o Animal** D<\/td>\n<td style=\"text-align: left\">51 h<\/td>\n<\/tr>\n<tr>\n<td style=\"text-align: left\">Integra\u00e7\u00e3o Lavoura Pecu\u00e1ria**<\/td>\n<td style=\"text-align: left\">51 h<\/td>\n<\/tr>\n<tr>\n<td style=\"text-align: left\">M\u00e9todos de Melhoramento Gen\u00e9tico Animal<\/td>\n<td style=\"text-align: left\">68 h<\/td>\n<\/tr>\n<tr>\n<td style=\"text-align: left\">Nutri\u00e7\u00e3o de N\u00e3o Ruminantes*<\/td>\n<td style=\"text-align: left\">68 h<\/td>\n<\/tr>\n<tr>\n<td style=\"text-align: left\">Nutri\u00e7\u00e3o de Ruminantes**<\/td>\n<td style=\"text-align: left\">68 h<\/td>\n<\/tr>\n<tr>\n<td style=\"text-align: left\">Piscicultura<\/td>\n<td style=\"text-align: left\">69 h<\/td>\n<\/tr>\n<tr>\n<td style=\"text-align: left\">Sociologia Rural*<\/td>\n<td style=\"text-align: left\">51 h<\/td>\n<\/tr>\n<tr>\n<td style=\"text-align: left\">Tecnologia de Processamento de Alimentos e Ra\u00e7\u00f5es* D<\/td>\n<td style=\"text-align: left\">51 h<\/td>\n<\/tr>\n<\/tbody>\n<\/table>\n<hr \/>\n<table style=\"height: 517px\" width=\"508\">\n<tbody>\n<tr>\n<td style=\"text-align: left\" colspan=\"2\" width=\"464\">\n<h4><span style=\"color: #800080\"><strong>4a S\u00e9rie<\/strong><\/span><\/h4>\n<\/td>\n<\/tr>\n<tr>\n<td style=\"text-align: left\"><strong>Disciplina<\/strong><\/td>\n<td style=\"text-align: left\"><strong>Carga Hor\u00e1ria<\/strong><\/td>\n<\/tr>\n<tr>\n<td style=\"text-align: left\">Animais Silvestres ** D<\/td>\n<td style=\"text-align: left\">51 h<\/td>\n<\/tr>\n<tr>\n<td style=\"text-align: left\">Aquicultura** D<\/td>\n<td style=\"text-align: left\">51 h<\/td>\n<\/tr>\n<tr>\n<td style=\"text-align: left\">Avicultura<\/td>\n<td style=\"text-align: left\">102 h<\/td>\n<\/tr>\n<tr>\n<td style=\"text-align: left\">Bovinocultura de Corte<\/td>\n<td style=\"text-align: left\">102 h<\/td>\n<\/tr>\n<tr>\n<td style=\"text-align: left\">Bovinocultura de Leite<\/td>\n<td style=\"text-align: left\">102 h<\/td>\n<\/tr>\n<tr>\n<td style=\"text-align: left\">Bubalinocultura* D<\/td>\n<td style=\"text-align: left\">51 h<\/td>\n<\/tr>\n<tr>\n<td style=\"text-align: left\">Cria\u00e7\u00e3o de C\u00e3es e Gatos* D<\/td>\n<td style=\"text-align: left\">51 h<\/td>\n<\/tr>\n<tr>\n<td style=\"text-align: left\">Extens\u00e3o Rural<\/td>\n<td style=\"text-align: left\">68 h<\/td>\n<\/tr>\n<tr>\n<td style=\"text-align: left\">Fundamentos da Cria\u00e7\u00e3o e Conserva\u00e7\u00e3o da Fauna Silvestre*<\/td>\n<td style=\"text-align: left\">68 h<\/td>\n<\/tr>\n<tr>\n<td style=\"text-align: left\">Melhoramento Gen\u00e9tico Animal Aplicado*<\/td>\n<td style=\"text-align: left\">51 h<\/td>\n<\/tr>\n<tr>\n<td style=\"text-align: left\">Ovinocultura e Caprinocultura<\/td>\n<td style=\"text-align: left\">102 h<\/td>\n<\/tr>\n<tr>\n<td style=\"text-align: left\">Planejamento e Administra\u00e7\u00e3o Rural*<\/td>\n<td style=\"text-align: left\">51 h<\/td>\n<\/tr>\n<tr>\n<td style=\"text-align: left\">Suinocultura<\/td>\n<td style=\"text-align: left\">102 h<\/td>\n<\/tr>\n<\/tbody>\n<\/table>\n<hr \/>\n<table width=\"548\">\n<tbody>\n<tr>\n<td style=\"text-align: center\" colspan=\"2\" width=\"548\">\n<h4 style=\"text-align: left\"><strong><span style=\"color: #800080\">5a S\u00e9rie<\/span><\/strong><\/h4>\n<\/td>\n<\/tr>\n<tr>\n<td style=\"text-align: left\"><strong>Disciplina<\/strong><\/td>\n<td style=\"text-align: left\"><strong>Carga Hor\u00e1ria<\/strong><\/td>\n<\/tr>\n<tr>\n<td style=\"text-align: left\">An\u00e1lises F\u00edsico-Qu\u00edmicas e Microbiol\u00f3gicas e Qualidade do Leite* D<\/td>\n<td style=\"text-align: left\">51 h<\/td>\n<\/tr>\n<tr>\n<td style=\"text-align: left\">Avicultura Especial* D<\/td>\n<td style=\"text-align: left\">51 h<\/td>\n<\/tr>\n<tr>\n<td style=\"text-align: left\">Certifica\u00e7\u00e3o e Tipifica\u00e7\u00e3o de Produtos de Origem Animal* D<\/td>\n<td style=\"text-align: left\">51 h<\/td>\n<\/tr>\n<tr>\n<td style=\"text-align: left\">Empreendedorismo Aplicado \u00e0 Zootecnia<\/td>\n<td style=\"text-align: left\">68 h<\/td>\n<\/tr>\n<tr>\n<td style=\"text-align: left\">Est\u00e1gio Supervisionado **<\/td>\n<td style=\"text-align: left\">204 h<\/td>\n<\/tr>\n<tr>\n<td style=\"text-align: left\">Gest\u00e3o do Agroneg\u00f3cio*<\/td>\n<td style=\"text-align: left\">68 h<\/td>\n<\/tr>\n<tr>\n<td style=\"text-align: left\">L\u00edngua Brasileira de Sinais \u2013 LIBRAS* D<\/td>\n<td style=\"text-align: left\">51 h<\/td>\n<\/tr>\n<tr>\n<td style=\"text-align: left\">Orienta\u00e7\u00e3o de Trabalho de Conclus\u00e3o de Curso*<\/td>\n<td style=\"text-align: left\">34 h<\/td>\n<\/tr>\n<tr>\n<td style=\"text-align: left\">Tecnologia de Produtos de Origem Animal*<\/td>\n<td style=\"text-align: left\">68 h<\/td>\n<\/tr>\n<\/tbody>\n<\/table>\n<p><span style=\"font-family: arial;font-size: small\">D, Disciplina de diversifica\u00e7\u00e3o ou aprofundamento.<br \/>\n* Disciplina semestral, oferecida no primeiro semestre.<br \/>\n** Disciplina semestral, oferecida no segundo semestre.<\/span><\/p>\n","protected":false},"excerpt":{"rendered":"<p>Para completar o curr\u00edculo pleno do curso superior de gradua\u00e7\u00e3o em Zootecnia, o acad\u00eamico dever\u00e1 perfazer um total m\u00ednimo de 4.195 horas, sendo 1.1.139 horas em disciplinas de Forma\u00e7\u00e3o B\u00e1sica Geral, 2.210 horas em disciplinas de Forma\u00e7\u00e3o Espec\u00edfica Profissional, 340 horas em Est\u00e1gio Curricular Supervisionado, 306 horas em disciplinas de Diversifica\u00e7\u00e3o ou Aprofundamento e 200&nbsp;&hellip;<\/p>\n","protected":false},"author":24,"featured_media":0,"parent":0,"menu_order":0,"comment_status":"closed","ping_status":"closed","template":"","meta":[],"_links":{"self":[{"href":"https:\/\/www2.uepg.br\/zootecnia\/wp-json\/wp\/v2\/pages\/287"}],"collection":[{"href":"https:\/\/www2.uepg.br\/zootecnia\/wp-json\/wp\/v2\/pages"}],"about":[{"href":"https:\/\/www2.uepg.br\/zootecnia\/wp-json\/wp\/v2\/types\/page"}],"author":[{"embeddable":true,"href":"https:\/\/www2.uepg.br\/zootecnia\/wp-json\/wp\/v2\/users\/24"}],"replies":[{"embeddable":true,"href":"https:\/\/www2.uepg.br\/zootecnia\/wp-json\/wp\/v2\/comments?post=287"}],"version-history":[{"count":8,"href":"https:\/\/www2.uepg.br\/zootecnia\/wp-json\/wp\/v2\/pages\/287\/revisions"}],"predecessor-version":[{"id":557,"href":"https:\/\/www2.uepg.br\/zootecnia\/wp-json\/wp\/v2\/pages\/287\/revisions\/557"}],"wp:attachment":[{"href":"https:\/\/www2.uepg.br\/zootecnia\/wp-json\/wp\/v2\/media?parent=287"}],"curies":[{"name":"wp","href":"https:\/\/api.w.org\/{rel}","templated":true}]}}