{"id":297,"date":"2020-03-05T16:21:16","date_gmt":"2020-03-05T19:21:16","guid":{"rendered":"http:\/\/www2.uepg.br\/testes\/?page_id=297"},"modified":"2023-08-22T23:43:15","modified_gmt":"2023-08-23T02:43:15","slug":"atividades-complementares","status":"publish","type":"page","link":"https:\/\/www2.uepg.br\/zootecnia\/atividades-complementares\/","title":{"rendered":"Atividades Complementares"},"content":{"rendered":"<p>Os acad\u00eamicos dever\u00e3o, ao longo do curso, cumprir uma carga hor\u00e1ria em atividades complementares, de natureza acad\u00eamica e cient\u00edfica, associadas ao seu campo de forma\u00e7\u00e3o. Estas atividades dever\u00e3o ser desenvolvidas nos campos do ensino, da pesquisa e da extens\u00e3o, quer em seu aspecto de participa\u00e7\u00e3o, quer em sua atua\u00e7\u00e3o em projetos e programas.<\/p>\n<p>O acad\u00eamico dever\u00e1 participar de Eventos (Congressos, Ciclos de palestras, Simp\u00f3sios, Encontros e afins) ligados \u00e0 sua \u00e1rea de forma\u00e7\u00e3o e \u00e1reas conexas. Dever\u00e1, tamb\u00e9m, integrarem-se a trabalhos dentro de Linhas de Pesquisa, Est\u00e1gios n\u00e3o obrigat\u00f3rio, voluntariados Sociais e afins e frequentar cursos e\/ou palestras relacionadas ao curso de Zootecnia, como forma de complementar os conhecimentos em seu campo de atua\u00e7\u00e3o por meio da a\u00e7\u00e3o extracurricular pr\u00e1tica.<\/p>\n<p><strong><span style=\"color: #993366\">PONTUA\u00c7\u00c3O PARA ATIVIDADES COMPLEMENTARES\u00a0<\/span><\/strong><\/p>\n<p>Para obter a sua gradua\u00e7\u00e3o, o acad\u00eamico dever\u00e1 cumprir uma carga hor\u00e1ria m\u00ednima em atividades extracurriculares que t\u00eam como objetivo complementar a forma\u00e7\u00e3o profissional do acad\u00eamico.<br \/>\nEssa carga hor\u00e1ria m\u00ednima \u00e9 de 200 ha (duzentas horas\/atividade).<br \/>\nExceto onde indicado, considera-se que 01 hora utilizada na atividade complementar conta como 01 ha (hora\/atividade). Todas as atividades complementares devem ser reconhecidas e homologadas pelo colegiado de curso para que possam ser consideradas para fins de contagem de carga hor\u00e1ria.<\/p>\n<dl>\n<dt><strong><span style=\"color: #333399\">1. ATIVIDADES LIGADAS \u00c0 FORMA\u00c7\u00c3O PROFISSIONAL\u00a0<\/span><\/strong><\/dt>\n<dt>1.1. Est\u00e1gio curricular volunt\u00e1rio:<\/dt>\n<dd>\u00b7 Empresa conveniada com a UEPG.<\/dd>\n<dd>\u00b7 A cada 02 horas\/est\u00e1gio conta-se 01 ha (m\u00e1ximo de 100 ha).<\/dd>\n<dd><\/dd>\n<dt><span style=\"color: #333399\"><strong>2. ATIVIDADES LIGADAS \u00c0 PESQUISA\/EXTENS\u00c3O\u00a0<\/strong><\/span><\/dt>\n<\/dl>\n<dl>\n<dt>2.1. Inicia\u00e7\u00e3o cient\u00edfica: poder\u00e1 contar 100% de sua carga hor\u00e1ria (m\u00e1ximo 80 ha).<\/dt>\n<dt>2.2. Participa\u00e7\u00e3o em projeto de pesquisa: equivalente a 60% de sua carga hor\u00e1ria (m\u00e1ximo 60 ha).<\/dt>\n<dt>2.3. Apresenta\u00e7\u00e3o de trabalho relacionado \u00e0 inicia\u00e7\u00e3o cient\u00edfica: 5 ha por trabalho. (m\u00e1ximo 5 ha).<\/dt>\n<dt><\/dt>\n<dt><strong style=\"color: #333399\">3. PARTICIPA\u00c7\u00c3O EM EVENTOS E CURSOS DA \u00c1REA DE ZOOTENCIA (M\u00c1XIMO DE 100 HA)<\/strong><\/dt>\n<\/dl>\n<dl>\n<dt>Participa\u00e7\u00e3o como OUVINTE, ORGANIZADOR, PALESTRANTE.\u00b7<\/dt>\n<dt>Por evento, entenda-se ciclo de palestra, encontro, semin\u00e1rio, congresso ou simp\u00f3sio.<\/dt>\n<dt>\u00b7 Todo evento dever\u00e1 ser reconhecido e homologado pelo colegiado de curso.<\/dt>\n<dt>3.1. O evento cuja frequ\u00eancia conste no certificado poder\u00e1 contar 100% de sua carga hor\u00e1ria, de acordo com a frequ\u00eancia do acad\u00eamico. ( m\u00e1ximo 100 ha).<\/dt>\n<dt>3.2. Semin\u00e1rios, congressos, simp\u00f3sios, dia de campo, dia Zootecnista, workshop e curso Senar na \u00e1rea (m\u00e1ximo 80 ha).<\/dt>\n<dt><\/dt>\n<dt><span style=\"color: #333399\"><strong>4. PARTICIPA\u00c7\u00c3O EM DEMAIS CURSOS OU EVENTOS<\/strong><\/span><\/dt>\n<dt><\/dt>\n<dt>4.1.\u00a0 Eventos, palestras em outras \u00e1reas\u00a0 ser\u00e1 considerada apenas 50% da carga hor\u00e1ria total do evento (m\u00e1ximo 34 ha).<\/dt>\n<dt>4.2. Curso de Inform\u00e1tica e l\u00ednguas estrangeiras, etc : considerado 10% da carga hor\u00e1ria ( m\u00e1ximo 40 ha).<\/dt>\n<dt>4.3. Softwares na \u00e1rea: considerado 50% da carga hor\u00e1ria<\/dt>\n<dt><\/dt>\n<dt><strong style=\"color: #333399\">5. PARTICIPA\u00c7\u00c3O EM \u00d3RG\u00c3OS INSTITUCIONAIS (M\u00c1XIMO DE 30 HA)<\/strong><\/dt>\n<\/dl>\n<dl>\n<dt>5.1. Representa\u00e7\u00e3o no Departamento ou Colegiado de Zootecnia: 1 hora\/atividade por reuni\u00e3o\u00a0 (m\u00e1ximo 10 ha).<\/dt>\n<dt><\/dt>\n<dt><\/dt>\n<dt><strong style=\"color: #333399\">6. MONITORIA (M\u00c1XIMO DE 50 HA)<\/strong><\/dt>\n<\/dl>\n<dl>\n<dt>\u00b7 Ser\u00e1 considerada 50% da carga hor\u00e1ria total da disciplina<\/dt>\n<\/dl>\n<p><span style=\"color: #333399\"><strong>7. DEMAIS ATIVIDADES<\/strong><\/span><\/p>\n<dl>\n<dt>\u00b7 Atividades que n\u00e3o sejam citadas neste documento dever\u00e3o ser examinadas pelo colegiado de curso.<\/dt>\n<\/dl>\n<p><u>Importante:<\/u> O acad\u00eamico somente dever\u00e1 enviar o processo com as atividades complementares quando estiver cursando a 5\u00aa s\u00e9rie. O encaminhamento ao Colegiado de Curso dever\u00e1 ser feito via Processo Sei ao COLZOO com os comprovantes at\u00e9 o final do primeiro semestre letivo.<\/p>\n<p><strong>TABELA DE ATIVIDADES COMPLEMENTARES <a href=\"http:\/\/www2.uepg.br\/zootecnia\/wp-content\/uploads\/sites\/98\/2023\/08\/Tabela-de-atividades-complementares-para-site.docx\">(download)\u00a0<\/a><\/strong><\/p>\n<p>&nbsp;<\/p>\n<p>&nbsp;<\/p>\n","protected":false},"excerpt":{"rendered":"<p>Os acad\u00eamicos dever\u00e3o, ao longo do curso, cumprir uma carga hor\u00e1ria em atividades complementares, de natureza acad\u00eamica e cient\u00edfica, associadas ao seu campo de forma\u00e7\u00e3o. Estas atividades dever\u00e3o ser desenvolvidas nos campos do ensino, da pesquisa e da extens\u00e3o, quer em seu aspecto de participa\u00e7\u00e3o, quer em sua atua\u00e7\u00e3o em projetos e programas. O acad\u00eamico&nbsp;&hellip;<\/p>\n","protected":false},"author":24,"featured_media":0,"parent":0,"menu_order":0,"comment_status":"closed","ping_status":"closed","template":"","meta":[],"_links":{"self":[{"href":"https:\/\/www2.uepg.br\/zootecnia\/wp-json\/wp\/v2\/pages\/297"}],"collection":[{"href":"https:\/\/www2.uepg.br\/zootecnia\/wp-json\/wp\/v2\/pages"}],"about":[{"href":"https:\/\/www2.uepg.br\/zootecnia\/wp-json\/wp\/v2\/types\/page"}],"author":[{"embeddable":true,"href":"https:\/\/www2.uepg.br\/zootecnia\/wp-json\/wp\/v2\/users\/24"}],"replies":[{"embeddable":true,"href":"https:\/\/www2.uepg.br\/zootecnia\/wp-json\/wp\/v2\/comments?post=297"}],"version-history":[{"count":8,"href":"https:\/\/www2.uepg.br\/zootecnia\/wp-json\/wp\/v2\/pages\/297\/revisions"}],"predecessor-version":[{"id":1017,"href":"https:\/\/www2.uepg.br\/zootecnia\/wp-json\/wp\/v2\/pages\/297\/revisions\/1017"}],"wp:attachment":[{"href":"https:\/\/www2.uepg.br\/zootecnia\/wp-json\/wp\/v2\/media?parent=297"}],"curies":[{"name":"wp","href":"https:\/\/api.w.org\/{rel}","templated":true}]}}