{"id":300,"date":"2020-03-05T16:25:39","date_gmt":"2020-03-05T19:25:39","guid":{"rendered":"http:\/\/www2.uepg.br\/testes\/?page_id=300"},"modified":"2022-03-05T09:06:41","modified_gmt":"2022-03-05T12:06:41","slug":"estagio","status":"publish","type":"page","link":"https:\/\/www2.uepg.br\/zootecnia\/estagio\/","title":{"rendered":"Est\u00e1gio"},"content":{"rendered":"<p style=\"text-align: center\"><span style=\"color: #003366\"><strong>O Curso de Bacharelado em Zootecnia possui tr\u00eas disciplinas\u00a0 de est\u00e1gio supervisionado obrigat\u00f3rias:<\/strong><\/span><\/p>\n<p style=\"text-align: center\"><span style=\"color: #0000ff\"><strong>Est\u00e1gio I &#8211; Inicia\u00e7\u00e3o em Zootecnia,\u00a0 CH 68 horas (2a S\u00e9rie)<\/strong><\/span><\/p>\n<p style=\"text-align: center\"><strong>Coordenador: Prof. Dr. Jo\u00e3o Ricardo Alves Pereira<\/strong><\/p>\n<p style=\"text-align: center\"><strong>E-mail:<span style=\"color: #000000\"> jricardopereirauepg@gmail.com<\/span><\/strong><\/p>\n<hr \/>\n<p style=\"text-align: center\"><span style=\"color: #0000ff\"><strong>Est\u00e1gio II, CH 68 horas (3a S\u00e9rie)<\/strong><\/span><\/p>\n<p style=\"text-align: center\"><strong>Coordenadora: Profa. Dra. Val\u00e9ria Rossetto Barriviera Furuya<\/strong><\/p>\n<p style=\"text-align: center\"><strong>E-mail: vrbfuruya@uepg.br<\/strong><\/p>\n<hr \/>\n<p style=\"text-align: center\"><span style=\"color: #0000ff\"><strong>Est\u00e1gio Supervisionado em Zootecnia- ESZ (5a S\u00e9rie)<\/strong><\/span><\/p>\n<p style=\"text-align: center\"><strong>Coordenadora: Profa. Dra. Maria Marta Loddi<\/strong><\/p>\n<p style=\"text-align: center\"><strong>E-mail: loddimm@yahoo.com.br <\/strong><\/p>\n<p style=\"text-align: center\"><span style=\"color: #008000\"><strong><a style=\"color: #008000\" href=\"http:\/\/www2.uepg.br\/bacharelado-zootecnia\/wp-content\/uploads\/sites\/98\/2021\/04\/REGULAMENTO-ESTAGIO_ZOOTECNIA-2019-1.pdf\">Regulamento ESZ<\/a><\/strong><\/span><\/p>\n<p>&nbsp;<\/p>\n<p style=\"text-align: center\">\n","protected":false},"excerpt":{"rendered":"<p>O Curso de Bacharelado em Zootecnia possui tr\u00eas disciplinas\u00a0 de est\u00e1gio supervisionado obrigat\u00f3rias: Est\u00e1gio I &#8211; Inicia\u00e7\u00e3o em Zootecnia,\u00a0 CH 68 horas (2a S\u00e9rie) Coordenador: Prof. Dr. Jo\u00e3o Ricardo Alves Pereira E-mail: jricardopereirauepg@gmail.com Est\u00e1gio II, CH 68 horas (3a S\u00e9rie) Coordenadora: Profa. Dra. Val\u00e9ria Rossetto Barriviera Furuya E-mail: vrbfuruya@uepg.br Est\u00e1gio Supervisionado em Zootecnia- ESZ (5a&nbsp;&hellip;<\/p>\n","protected":false},"author":24,"featured_media":0,"parent":0,"menu_order":0,"comment_status":"closed","ping_status":"closed","template":"","meta":[],"_links":{"self":[{"href":"https:\/\/www2.uepg.br\/zootecnia\/wp-json\/wp\/v2\/pages\/300"}],"collection":[{"href":"https:\/\/www2.uepg.br\/zootecnia\/wp-json\/wp\/v2\/pages"}],"about":[{"href":"https:\/\/www2.uepg.br\/zootecnia\/wp-json\/wp\/v2\/types\/page"}],"author":[{"embeddable":true,"href":"https:\/\/www2.uepg.br\/zootecnia\/wp-json\/wp\/v2\/users\/24"}],"replies":[{"embeddable":true,"href":"https:\/\/www2.uepg.br\/zootecnia\/wp-json\/wp\/v2\/comments?post=300"}],"version-history":[{"count":6,"href":"https:\/\/www2.uepg.br\/zootecnia\/wp-json\/wp\/v2\/pages\/300\/revisions"}],"predecessor-version":[{"id":710,"href":"https:\/\/www2.uepg.br\/zootecnia\/wp-json\/wp\/v2\/pages\/300\/revisions\/710"}],"wp:attachment":[{"href":"https:\/\/www2.uepg.br\/zootecnia\/wp-json\/wp\/v2\/media?parent=300"}],"curies":[{"name":"wp","href":"https:\/\/api.w.org\/{rel}","templated":true}]}}