{"id":304,"date":"2020-03-06T08:17:29","date_gmt":"2020-03-06T11:17:29","guid":{"rendered":"http:\/\/www2.uepg.br\/testes\/?page_id=304"},"modified":"2022-03-05T08:37:07","modified_gmt":"2022-03-05T11:37:07","slug":"regulamentos","status":"publish","type":"page","link":"https:\/\/www2.uepg.br\/zootecnia\/regulamentos\/","title":{"rendered":"Regulamentos"},"content":{"rendered":"<p style=\"text-align: center\"><strong><span style=\"color: #333399\"><a style=\"color: #333399\" href=\"http:\/\/www2.uepg.br\/bacharelado-zootecnia\/wp-content\/uploads\/sites\/98\/2021\/04\/EstatutoeRegimentoUEPG.pdf\">Estatuto e Regimento Geral da UEPG\u00a0<\/a><\/span><\/strong><\/p>\n<p style=\"text-align: center\"><strong><span style=\"color: #333399\"><a style=\"color: #333399\" href=\"http:\/\/www2.uepg.br\/bacharelado-zootecnia\/wp-content\/uploads\/sites\/98\/2021\/04\/PPC_Zootecnia.pdf\">Projeto Pedag\u00f3gico do Curso Bacharelado em Zootecnia<\/a><\/span><\/strong><\/p>\n<p style=\"text-align: center\"><strong><span style=\"color: #333399\"><a style=\"color: #333399\" href=\"http:\/\/www2.uepg.br\/bacharelado-zootecnia\/wp-content\/uploads\/sites\/98\/2021\/04\/Diretriz-Nacional_rces04_06.pdf\">Diretrizes Curriculares Nacionais para o Curso de gradua\u00e7\u00e3o em Zootecnia<\/a><\/span><\/strong><\/p>\n<p style=\"text-align: center\"><a href=\"http:\/\/www2.uepg.br\/zootecnia\/wp-content\/uploads\/sites\/98\/2021\/04\/REGULAMENTO-ESTAGIO_ZOOTECNIA-2019-1.pdf\"><strong><span style=\"color: #333399\">Regulamento de Est\u00e1gio do Curso de Bacharelado em Zootecnia\/UEPG<\/span><\/strong><\/a><\/p>\n<p style=\"text-align: center\"><a href=\"http:\/\/www2.uepg.br\/zootecnia\/wp-content\/uploads\/sites\/98\/2021\/04\/Regulamento-Geral-do-TCC.pdf\"><strong><span style=\"color: #333399\">Regulamento Geral dos Trabalhos de Conclus\u00e3o de Curso de Gradua\u00e7\u00e3o (TCC)<\/span><\/strong><\/a><\/p>\n<p style=\"text-align: center\">\n","protected":false},"excerpt":{"rendered":"<p>Estatuto e Regimento Geral da UEPG\u00a0 Projeto Pedag\u00f3gico do Curso Bacharelado em Zootecnia Diretrizes Curriculares Nacionais para o Curso de gradua\u00e7\u00e3o em Zootecnia Regulamento de Est\u00e1gio do Curso de Bacharelado em Zootecnia\/UEPG Regulamento Geral dos Trabalhos de Conclus\u00e3o de Curso de Gradua\u00e7\u00e3o (TCC)<\/p>\n","protected":false},"author":24,"featured_media":0,"parent":0,"menu_order":0,"comment_status":"closed","ping_status":"closed","template":"","meta":[],"_links":{"self":[{"href":"https:\/\/www2.uepg.br\/zootecnia\/wp-json\/wp\/v2\/pages\/304"}],"collection":[{"href":"https:\/\/www2.uepg.br\/zootecnia\/wp-json\/wp\/v2\/pages"}],"about":[{"href":"https:\/\/www2.uepg.br\/zootecnia\/wp-json\/wp\/v2\/types\/page"}],"author":[{"embeddable":true,"href":"https:\/\/www2.uepg.br\/zootecnia\/wp-json\/wp\/v2\/users\/24"}],"replies":[{"embeddable":true,"href":"https:\/\/www2.uepg.br\/zootecnia\/wp-json\/wp\/v2\/comments?post=304"}],"version-history":[{"count":6,"href":"https:\/\/www2.uepg.br\/zootecnia\/wp-json\/wp\/v2\/pages\/304\/revisions"}],"predecessor-version":[{"id":489,"href":"https:\/\/www2.uepg.br\/zootecnia\/wp-json\/wp\/v2\/pages\/304\/revisions\/489"}],"wp:attachment":[{"href":"https:\/\/www2.uepg.br\/zootecnia\/wp-json\/wp\/v2\/media?parent=304"}],"curies":[{"name":"wp","href":"https:\/\/api.w.org\/{rel}","templated":true}]}}