{"id":355,"date":"2020-05-12T16:30:19","date_gmt":"2020-05-12T19:30:19","guid":{"rendered":"http:\/\/www2.uepg.br\/bacharelado-zootecnia\/?page_id=355"},"modified":"2023-04-14T12:31:41","modified_gmt":"2023-04-14T15:31:41","slug":"nde","status":"publish","type":"page","link":"https:\/\/www2.uepg.br\/zootecnia\/nde\/","title":{"rendered":"NDE"},"content":{"rendered":"<h3 style=\"text-align: center\"><strong>N\u00facleo Docente Estruturante do Curso de Zootecnia<\/strong><\/h3>\n<p style=\"text-align: center\"><strong>Profa. Dra. Cheila Roberta Lehnen\u00a0<\/strong><\/p>\n<p style=\"text-align: center\"><strong>Prof. Dr. Jo\u00e3o Ricardo Alves Pereira<\/strong><\/p>\n<p style=\"text-align: center\"><strong>Profa. Dra. Luciana da Silva Leal Karolewski<\/strong><\/p>\n<p style=\"text-align: center\"><strong>Profa. Dra. Val\u00e9ria Rossetto Barriviera Furuya<\/strong><\/p>\n<p style=\"text-align: center\"><strong>Profa.\u00a0 Dra.\u00a0 Ver\u00f4nica de Oliveira Viana<\/strong><\/p>\n<p>&nbsp;<\/p>\n<p class=\"Default\"><span style=\"font-size: 11.5pt\">O <span style=\"color: #003300\"><strong>N\u00facleo Docente Estruturante (NDE)<\/strong><\/span> \u00e9 um \u00f3rg\u00e3o consultivo, constitu\u00eddo de um grupo de docentes do Curso de Zootecnia, com atribui\u00e7\u00f5es acad\u00eamicas de acompanhamento, atuante no processo de concep\u00e7\u00e3o, consolida\u00e7\u00e3o e cont\u00ednua atualiza\u00e7\u00e3o do projeto pedag\u00f3gico do curso.\u00a0<\/span><span style=\"color: windowtext\">\u00a0<\/span><\/p>\n<p class=\"Default\"><span style=\"font-size: 11.5pt\">Atribui\u00e7\u00f5es:<\/span><\/p>\n<ul>\n<li class=\"Default\"><span style=\"font-size: 11.5pt\"> auxiliar o Colegiado do Curso na atualiza\u00e7\u00e3o peri\u00f3dica do Projeto Pedag\u00f3gico do Curso \u2013 PPC; <\/span><\/li>\n<li class=\"Default\"><span style=\"font-size: 11.5pt\">\u00a0<\/span><span style=\"font-size: 11.5pt\">contribuir para a consolida\u00e7\u00e3o do perfil profissional do egresso do curso; <\/span><\/li>\n<li class=\"Default\"><span style=\"color: windowtext\">\u00a0<\/span><span style=\"font-size: 11.5pt\">zelar pela integra\u00e7\u00e3o curricular interdisciplinar entre as diferentes atividades de ensino constantes no curr\u00edculo; <\/span><\/li>\n<li class=\"Default\"><span style=\"font-size: 11.5pt\">\u00a0<\/span><span style=\"font-size: 11.5pt\">indicar formas de incentivo ao desenvolvimento de linhas de pesquisa e extens\u00e3o, oriundas de necessidades da Gradua\u00e7\u00e3o, de exig\u00eancias do mercado de trabalho e afinadas com as pol\u00edticas p\u00fablicas relativas \u00e0 \u00e1rea de conhecimento do Curso; <\/span><\/li>\n<li class=\"Default\"><span style=\"font-size: 11.5pt\">\u00a0<\/span><span style=\"font-size: 11.5pt\">zelar pelo cumprimento das Diretrizes Curriculares Nacionais do respectivo curso. <\/span><\/li>\n<\/ul>\n<p>&nbsp;<\/p>\n<p>&nbsp;<\/p>\n<p>&nbsp;<\/p>\n","protected":false},"excerpt":{"rendered":"<p>N\u00facleo Docente Estruturante do Curso de Zootecnia Profa. Dra. Cheila Roberta Lehnen\u00a0 Prof. Dr. Jo\u00e3o Ricardo Alves Pereira Profa. Dra. Luciana da Silva Leal Karolewski Profa. Dra. Val\u00e9ria Rossetto Barriviera Furuya Profa.\u00a0 Dra.\u00a0 Ver\u00f4nica de Oliveira Viana &nbsp; O N\u00facleo Docente Estruturante (NDE) \u00e9 um \u00f3rg\u00e3o consultivo, constitu\u00eddo de um grupo de docentes do Curso&nbsp;&hellip;<\/p>\n","protected":false},"author":24,"featured_media":0,"parent":0,"menu_order":0,"comment_status":"closed","ping_status":"closed","template":"","meta":[],"_links":{"self":[{"href":"https:\/\/www2.uepg.br\/zootecnia\/wp-json\/wp\/v2\/pages\/355"}],"collection":[{"href":"https:\/\/www2.uepg.br\/zootecnia\/wp-json\/wp\/v2\/pages"}],"about":[{"href":"https:\/\/www2.uepg.br\/zootecnia\/wp-json\/wp\/v2\/types\/page"}],"author":[{"embeddable":true,"href":"https:\/\/www2.uepg.br\/zootecnia\/wp-json\/wp\/v2\/users\/24"}],"replies":[{"embeddable":true,"href":"https:\/\/www2.uepg.br\/zootecnia\/wp-json\/wp\/v2\/comments?post=355"}],"version-history":[{"count":9,"href":"https:\/\/www2.uepg.br\/zootecnia\/wp-json\/wp\/v2\/pages\/355\/revisions"}],"predecessor-version":[{"id":824,"href":"https:\/\/www2.uepg.br\/zootecnia\/wp-json\/wp\/v2\/pages\/355\/revisions\/824"}],"wp:attachment":[{"href":"https:\/\/www2.uepg.br\/zootecnia\/wp-json\/wp\/v2\/media?parent=355"}],"curies":[{"name":"wp","href":"https:\/\/api.w.org\/{rel}","templated":true}]}}